{"id":3118,"date":"2023-12-15T16:13:36","date_gmt":"2023-12-15T21:13:36","guid":{"rendered":"https:\/\/behre0015.sierradevops.com\/controle-du-bruit-des-centres-de-donnees\/"},"modified":"2026-04-02T13:41:46","modified_gmt":"2026-04-02T17:41:46","slug":"controle-du-bruit-des-centres-de-donnees","status":"publish","type":"page","link":"https:\/\/environmental-noise-control.ca\/fr\/controle-du-bruit-des-centres-de-donnees\/","title":{"rendered":"Contr\u00f4le du bruit des centres de donn\u00e9es"},"content":{"rendered":"<div class=\"wpb-content-wrapper\"><p>[vc_row][vc_column][vc_column_text el_class=\u00a0\u00bbindustries-breadcrumbs\u00a0\u00bb]<\/p>\n<h3 style=\"font-size: 14px; text-align: right;\"><a href=\"https:\/\/environmental-noise-control.ca\/fr\/controle-du-bruit-dans-le-secteur-petrolier-et-gazier\/\">P\u00c9TROLE ET GAZ<\/a> | <a href=\"https:\/\/environmental-noise-control.ca\/fr\/controle-du-bruit-pour-le-forage-directionnel\/\">FORAGE DIRIG\u00c9<\/a> | <a href=\"https:\/\/environmental-noise-control.ca\/fr\/controle-du-bruit-en-construction\/\">CONSTRUCTION<\/a> | <a href=\"https:\/\/environmental-noise-control.ca\/fr\/controle-du-bruit-industriel\/\">USINE\/INDUSTRIE<\/a> | <a href=\"https:\/\/environmental-noise-control.ca\/fr\/controle-du-bruit-des-centres-de-donnees\/\">CENTRES DE DONN\u00c9ES<\/a> | <a href=\"https:\/\/environmental-noise-control.ca\/fr\/environmental-noise-control\/\">ENVIRONNEMENT<\/a> | <a href=\"https:\/\/environmental-noise-control.ca\/fr\/controle-du-bruit-dans-le-divertissement\/\">DIVERTISSEMENT<\/a><\/h3>\n<p>[\/vc_column_text][\/vc_column][\/vc_row][vc_row][vc_column][vc_single_image image=\u00a0\u00bb3119&Prime; img_size=\u00a0\u00bbfull\u00a0\u00bb alignment=\u00a0\u00bbcenter\u00a0\u00bb][vc_column_text css=\u00a0\u00bb\u00a0\u00bb]<\/p>\n<h3><strong>Contr\u00f4le avanc\u00e9 du bruit pour les centres de donn\u00e9es : Ma\u00eetrise des ventilateurs de refroidissement et des g\u00e9n\u00e9rateurs<\/strong><\/h3>\n<p>Dans l\u2019industrie en pleine croissance des centres de donn\u00e9es, Environmental Noise Control, Inc. (ENC) est \u00e0 l\u2019avant-garde en offrant des solutions de pointe pour un contr\u00f4le efficace du bruit pendant la construction et l\u2019exploitation. Nous nous concentrons sur les d\u00e9fis uniques pr\u00e9sent\u00e9s par les ventilateurs de refroidissement et les g\u00e9n\u00e9rateurs, assurant un environnement sans bruit qui s\u2019aligne sur les exigences de haute technologie des installations de centres de donn\u00e9es.<\/p>\n<h3><strong>Contr\u00f4le sp\u00e9cialis\u00e9 du bruit pour les centres de donn\u00e9es :<\/strong><\/h3>\n<ul>\n<li><strong>R\u00e9duction du bruit des ventilateurs de refroidissement :<\/strong>\n<ul>\n<li>Pour att\u00e9nuer le bruit g\u00e9n\u00e9r\u00e9 par les syst\u00e8mes de refroidissement, ENC propose des solutions de pr\u00e9cision adapt\u00e9es pour minimiser les perturbations. Notre approche implique la mise en \u0153uvre de strat\u00e9gies d\u2019insonorisation personnalis\u00e9es et de <a href=\"https:\/\/environmental-noise-control.ca\/fr\/produits\/\">solutions de produits<\/a> con\u00e7ues pour r\u00e9pondre aux configurations sp\u00e9cifiques des syst\u00e8mes de refroidissement. Ces solutions privil\u00e9gient la r\u00e9duction du bruit sans compromettre la performance optimale des syst\u00e8mes de refroidissement.<\/li>\n<\/ul>\n<\/li>\n<li><strong>Contr\u00f4le sonore temporaire ou permanent des g\u00e9n\u00e9rateurs :<\/strong>\n<ul>\n<li>ENC propose des produits et des solutions innovants visant \u00e0 bloquer et \u00e0 absorber le bruit \u00e9mis par les g\u00e9n\u00e9rateurs d\u2019\u00e9nergie temporaires et permanents au sein des centres de donn\u00e9es. Notre m\u00e9thodologie implique le d\u00e9veloppement de solutions personnalis\u00e9es m\u00e9ticuleusement adapt\u00e9es aux exigences uniques de chaque site de travail et configuration op\u00e9rationnelle. Contrairement \u00e0 la simple vente de produits, notre engagement est d\u2019identifier et de mettre en \u0153uvre la solution de contr\u00f4le du bruit la plus efficace pour chaque sc\u00e9nario donn\u00e9.<\/li>\n<\/ul>\n<\/li>\n<\/ul>\n<p>Dans le domaine du contr\u00f4le du bruit des centres de donn\u00e9es, l\u2019engagement d\u2019ENC \u00e0 trouver des solutions compl\u00e8tes nous distingue. Nos strat\u00e9gies vont au-del\u00e0 des approches g\u00e9n\u00e9riques, garantissant que les mesures de r\u00e9duction du bruit sont sp\u00e9cifiquement adapt\u00e9es aux complexit\u00e9s de chaque environnement de centre de donn\u00e9es. Pour les solutions de contr\u00f4le du bruit des centres de donn\u00e9es, faites confiance \u00e0 ENC pour des strat\u00e9gies de pointe en mati\u00e8re de r\u00e9duction du bruit des ventilateurs de refroidissement et de contr\u00f4le sonore des g\u00e9n\u00e9rateurs. Nos solutions personnalis\u00e9es privil\u00e9gient la performance tout en minimisant efficacement les perturbations. D\u00e9couvrez des <a href=\"https:\/\/environmental-noise-control.ca\/fr\/produits\/\">produits innovants<\/a> adapt\u00e9s aux besoins uniques de votre centre de donn\u00e9es.[\/vc_column_text][\/vc_column][\/vc_row][vc_row][vc_column][vc_btn title=\u00a0\u00bbContactez-nous d\u00e8s aujourd\u2019hui pour discuter de votre prochain projet\u00a0\u00bb style=\u00a0\u00bboutline\u00a0\u00bb color=\u00a0\u00bbwhite\u00a0\u00bb size=\u00a0\u00bblg\u00a0\u00bb align=\u00a0\u00bbcenter\u00a0\u00bb link=\u00a0\u00bburl:https%3A%2F%2Fenvironmental-noise-control.ca%2Ffr%2Fcontactez-nous%2F|title:Contactez-nous|\u00a0\u00bb][\/vc_column][\/vc_row]<\/p>\n<\/div>","protected":false},"excerpt":{"rendered":"<p>[vc_row][vc_column][vc_column_text el_class=\u00a0\u00bbindustries-breadcrumbs\u00a0\u00bb] P\u00c9TROLE ET GAZ | FORAGE DIRIG\u00c9 | CONSTRUCTION | USINE\/INDUSTRIE | CENTRES DE DONN\u00c9ES | ENVIRONNEMENT | DIVERTISSEMENT [\/vc_column_text][\/vc_column][\/vc_row][vc_row][vc_column][vc_single_image image=\u00a0\u00bb3119&Prime; img_size=\u00a0\u00bbfull\u00a0\u00bb alignment=\u00a0\u00bbcenter\u00a0\u00bb][vc_column_text css=\u00a0\u00bb\u00a0\u00bb] Contr\u00f4le avanc\u00e9 du bruit pour les centres de donn\u00e9es : Ma\u00eetrise des ventilateurs de refroidissement et des g\u00e9n\u00e9rateurs Dans l\u2019industrie en pleine croissance des centres de donn\u00e9es, Environmental Noise Control, [&hellip;]<\/p>\n","protected":false},"author":18,"featured_media":0,"parent":0,"menu_order":0,"comment_status":"closed","ping_status":"closed","template":"","meta":{"_acf_changed":false,"_monsterinsights_skip_tracking":false,"_monsterinsights_sitenote_active":false,"_monsterinsights_sitenote_note":"","_monsterinsights_sitenote_category":0,"_uf_show_specific_survey":0,"_uf_disable_surveys":false,"footnotes":""},"tags":[],"class_list":["post-3118","page","type-page","status-publish","hentry"],"acf":[],"aioseo_notices":[],"_links":{"self":[{"href":"https:\/\/environmental-noise-control.ca\/fr\/wp-json\/wp\/v2\/pages\/3118","targetHints":{"allow":["GET"]}}],"collection":[{"href":"https:\/\/environmental-noise-control.ca\/fr\/wp-json\/wp\/v2\/pages"}],"about":[{"href":"https:\/\/environmental-noise-control.ca\/fr\/wp-json\/wp\/v2\/types\/page"}],"author":[{"embeddable":true,"href":"https:\/\/environmental-noise-control.ca\/fr\/wp-json\/wp\/v2\/users\/18"}],"replies":[{"embeddable":true,"href":"https:\/\/environmental-noise-control.ca\/fr\/wp-json\/wp\/v2\/comments?post=3118"}],"version-history":[{"count":9,"href":"https:\/\/environmental-noise-control.ca\/fr\/wp-json\/wp\/v2\/pages\/3118\/revisions"}],"predecessor-version":[{"id":4147,"href":"https:\/\/environmental-noise-control.ca\/fr\/wp-json\/wp\/v2\/pages\/3118\/revisions\/4147"}],"wp:attachment":[{"href":"https:\/\/environmental-noise-control.ca\/fr\/wp-json\/wp\/v2\/media?parent=3118"}],"wp:term":[{"taxonomy":"post_tag","embeddable":true,"href":"https:\/\/environmental-noise-control.ca\/fr\/wp-json\/wp\/v2\/tags?post=3118"}],"curies":[{"name":"wp","href":"https:\/\/api.w.org\/{rel}","templated":true}]}}