{"id":3128,"date":"2025-09-19T14:11:42","date_gmt":"2025-09-19T18:11:42","guid":{"rendered":"https:\/\/behre0015.sierradevops.com\/murs-antibruit-permanents\/"},"modified":"2026-04-16T15:15:20","modified_gmt":"2026-04-16T19:15:20","slug":"murs-antibruit-permanents","status":"publish","type":"page","link":"https:\/\/environmental-noise-control.ca\/fr\/produits\/murs-antibruit-permanents\/","title":{"rendered":"Murs antibruit permanents"},"content":{"rendered":"<div class=\"wpb-content-wrapper\"><p>[vc_row full_width=\u00a0\u00bbstretch_row_content_no_spaces\u00a0\u00bb css=\u00a0\u00bb.vc_custom_1776366884913{margin-right: 0px !important;margin-bottom: 40px !important;margin-left: 0px !important;padding-top: 50px !important;padding-bottom: 50px !important;background-color: #1698A8 !important;}\u00a0\u00bb][vc_column width=\u00a0\u00bb5\/6&Prime; css=\u00a0\u00bb.vc_custom_1776366897368{padding-right: 40px !important;}\u00a0\u00bb offset=\u00a0\u00bbvc_col-lg-offset-1&Prime;][vc_column_text css=\u00a0\u00bb.vc_custom_1773245935212{margin-bottom: 30px !important;padding-top: 5px !important;padding-bottom: 15px !important;padding-left: 20px !important;background-color: #0D6D7957 !important;border-radius: 5px !important;}\u00a0\u00bb el_class=\u00a0\u00bbprod_bread\u00a0\u00bb]<\/p>\n<h4><span style=\"color: #ffffff;\"><a href=\"https:\/\/environmental-noise-control.ca\/fr\/produits\/\">Produits<\/a> \/ <a title=\"Murs antibruit permanents\" href=\"https:\/\/environmental-noise-control.ca\/fr\/produits\/murs-antibruit-permanents\/\">Murs antibruit permanents<\/a><\/span><\/h4>\n<p>[\/vc_column_text][vc_column_text css=\u00a0\u00bb.vc_custom_1773245914933{margin-bottom: -20px !important;}\u00a0\u00bb]<\/p>\n<div class=\"wpb_text_column wpb_content_element\">\n<div class=\"wpb_wrapper\">\n<h1>Murs antibruit permanents<\/h1>\n<\/div>\n<\/div>\n<p>[\/vc_column_text][vc_column_text css=\u00a0\u00bb.vc_custom_1773245953827{margin-bottom: -20px !important;}\u00a0\u00bb]<\/p>\n<div class=\"wpb_text_column wpb_content_element\">\n<div class=\"wpb_wrapper\">\n<p><span style=\"color: #ffffff; font-size: 19px; font-weight: lighter;\">Environmental Noise Control propose des murs antibruit permanents modulaires de diff\u00e9rentes hauteurs, fabriqu\u00e9s avec notre mat\u00e9riau exclusif et con\u00e7us pour r\u00e9pondre \u00e0 vos besoins.<\/span><\/div>\n<\/div>\n<p>[\/vc_column_text][\/vc_column][\/vc_row][vc_row][vc_column width=\u00a0\u00bb2\/3&Prime; css=\u00a0\u00bb.vc_custom_1773246048033{border-right-width: 1px !important;padding-right: 50px !important;border-right-style: solid !important;border-color: #DCDCDC !important;}\u00a0\u00bb][vc_images_carousel images=\u00a0\u00bb3130,3136,3132,3133&Prime; img_size=\u00a0\u00bbfull\u00a0\u00bb onclick=\u00a0\u00bblink_no\u00a0\u00bb wrap=\u00a0\u00bbyes\u00a0\u00bb css=\u00a0\u00bb\u00a0\u00bb el_class=\u00a0\u00bbproducts_carousel\u00a0\u00bb][vc_column_text css=\u00a0\u00bb\u00a0\u00bb]Environmental Noise Control fournit des solutions permanentes d\u2019att\u00e9nuation du bruit gr\u00e2ce \u00e0 un vaste portefeuille de produits et \u00e0 des partenariats strat\u00e9giques avec des fabricants. Nos structures permanentes sont con\u00e7ues pour offrir une performance acoustique durable aux installations industrielles, aux projets \u00e9nerg\u00e9tiques et aux d\u00e9veloppements commerciaux. <\/p>\n<p>Notre division ENC Systems fabrique des murs R-Panel ainsi que des syst\u00e8mes m\u00e9talliques \u00e0 poteaux et panneaux, tandis que nos partenariats avec d\u2019autres fabricants de premier plan du secteur nous permettent de proposer des options en b\u00e9ton pr\u00e9fabriqu\u00e9, en aluminium, en PVC et \u00e9cologiques afin de r\u00e9pondre \u00e0 diverses sp\u00e9cifications de projet et exigences esth\u00e9tiques.[\/vc_column_text][vc_separator][vc_column_text css=\u00a0\u00bb\u00a0\u00bb]<\/p>\n<h3 style=\"text-align: center;\">\u00c0 propos des murs antibruit permanents d\u2019ENC<\/h3>\n<p>[\/vc_column_text][vc_column_text css=\u00a0\u00bb.vc_custom_1773246350892{margin-right: 0px !important;padding-right: 0px !important;}\u00a0\u00bb el_class=\u00a0\u00bbul_type1&Prime;]<\/p>\n<ul>\n<li>\n<h3>Sp\u00e9cifications<\/h3>\n<\/li>\n<li>Plusieurs options d\u2019indice STC, de STC 25 \u00e0 STC 38, selon le produit s\u00e9lectionn\u00e9<\/li>\n<li>Divers choix de mat\u00e9riaux, notamment des syst\u00e8mes en m\u00e9tal, en b\u00e9ton, en PVC et en aluminium<\/li>\n<li>Configurations de hauteur et de longueur sur mesure disponibles<\/li>\n<li>Plusieurs finitions esth\u00e9tiques et options de conception<\/li>\n<li>Con\u00e7u pour une installation permanente avec une longue dur\u00e9e de vie<\/li>\n<li>Services d\u2019installation professionnels disponibles<\/li>\n<\/ul>\n<p>[\/vc_column_text][\/vc_column][vc_column width=\u00a0\u00bb1\/3&Prime; css=\u00a0\u00bb.vc_custom_1773246077461{padding-left: 50px !important;}\u00a0\u00bb][vc_column_text css=\u00a0\u00bb.vc_custom_1773246070253{margin-top: -45px !important;margin-left: -40px !important;padding-top: 0px !important;}\u00a0\u00bb el_class=\u00a0\u00bbul_type1_2&Prime;]<\/p>\n<ul>\n<li>\n<h3>Fonctionnalit\u00e9s cl\u00e9s<\/h3>\n<\/li>\n<li>Plusieurs options de produits disponibles, y compris les murs \u00e0 panneaux R, les syst\u00e8mes de poteaux et panneaux m\u00e9talliques, les enceintes acoustiques et les solutions sp\u00e9cialis\u00e9es<\/li>\n<li>R\u00e9seau de partenaires avec des fabricants de premier plan pour une gamme de produits \u00e9tendue<\/li>\n<li>Solutions d&rsquo;ing\u00e9nierie personnalis\u00e9es pour r\u00e9pondre aux exigences sp\u00e9cifiques des projets<\/li>\n<li>Services professionnels d&rsquo;installation et de gestion de projet<\/li>\n<li>Solutions pour les enceintes d&rsquo;\u00e9quipement, les barri\u00e8res acoustiques et les applications sp\u00e9cialis\u00e9es<\/li>\n<li>Performance \u00e9prouv\u00e9e dans les installations de GNR, les projets BESS et les applications industrielles<\/li>\n<li>Rapide \u00e0 assembler et \u00e0 d\u00e9monter<\/li>\n<\/ul>\n<p>[\/vc_column_text][vc_column_text css=\u00a0\u00bb.vc_custom_1773246184197{margin-right: 40px !important;margin-left: 0px !important;padding-top: 25px !important;padding-right: 0px !important;}\u00a0\u00bb]<\/p>\n<h3 style=\"text-align: center;\"><strong>Produits connexes<\/strong><\/h3>\n<p style=\"text-align: center;\"><a href=\"https:\/\/environmental-noise-control.ca\/fr\/produits\/couvertures-de-barriere-acoustique\/\"><img loading=\"lazy\" decoding=\"async\" class=\"alignnone size-full wp-image-2886\" src=\"https:\/\/environmental-noise-control.ca\/wp-content\/uploads\/2025\/10\/MMA-thumbnail2.jpg\" alt=\"Syst\u00e8me MMA\" width=\"298\" height=\"255\" srcset=\"https:\/\/environmental-noise-control.ca\/wp-content\/uploads\/2025\/10\/MMA-thumbnail2.jpg 298w, https:\/\/environmental-noise-control.ca\/wp-content\/uploads\/2025\/10\/MMA-thumbnail2-24x21.jpg 24w, https:\/\/environmental-noise-control.ca\/wp-content\/uploads\/2025\/10\/MMA-thumbnail2-36x31.jpg 36w, https:\/\/environmental-noise-control.ca\/wp-content\/uploads\/2025\/10\/MMA-thumbnail2-48x41.jpg 48w\" sizes=\"auto, (max-width: 298px) 100vw, 298px\" \/><\/a><\/p>\n<p style=\"text-align: center;\"><a href=\"https:\/\/environmental-noise-control.ca\/fr\/produits\/systeme-de-panneaux-de-controle-acoustique-mma\/\">Syst\u00e8me de panneaux de contr\u00f4le acoustique MMA<\/a><\/p>\n<p>[\/vc_column_text][vc_column_text css=\u00a0\u00bb.vc_custom_1773246193348{margin-top: 80px !important;margin-left: -50px !important;}\u00a0\u00bb el_class=\u00a0\u00bbb_purch\u00a0\u00bb]<a href=\"https:\/\/environmental-noise-control.ca\/fr\/contactez-nous\/\">Renseignez-vous sur la location ou l\u2019achat de ce produit<\/a>[\/vc_column_text][\/vc_column][\/vc_row]<\/p>\n<\/div>","protected":false},"excerpt":{"rendered":"<p>[vc_row full_width=\u00a0\u00bbstretch_row_content_no_spaces\u00a0\u00bb css=\u00a0\u00bb.vc_custom_1776366884913{margin-right: 0px !important;margin-bottom: 40px !important;margin-left: 0px !important;padding-top: 50px !important;padding-bottom: 50px !important;background-color: #1698A8 !important;}\u00a0\u00bb][vc_column width=\u00a0\u00bb5\/6&Prime; css=\u00a0\u00bb.vc_custom_1776366897368{padding-right: 40px !important;}\u00a0\u00bb offset=\u00a0\u00bbvc_col-lg-offset-1&Prime;][vc_column_text css=\u00a0\u00bb.vc_custom_1773245935212{margin-bottom: 30px !important;padding-top: 5px !important;padding-bottom: 15px !important;padding-left: 20px !important;background-color: #0D6D7957 !important;border-radius: 5px !important;}\u00a0\u00bb el_class=\u00a0\u00bbprod_bread\u00a0\u00bb] Produits \/ Murs antibruit permanents [\/vc_column_text][vc_column_text css=\u00a0\u00bb.vc_custom_1773245914933{margin-bottom: -20px !important;}\u00a0\u00bb] Murs antibruit permanents [\/vc_column_text][vc_column_text css=\u00a0\u00bb.vc_custom_1773245953827{margin-bottom: -20px !important;}\u00a0\u00bb] Environmental Noise Control propose des [&hellip;]<\/p>\n","protected":false},"author":19,"featured_media":3135,"parent":3277,"menu_order":9,"comment_status":"closed","ping_status":"closed","template":"","meta":{"_acf_changed":false,"_monsterinsights_skip_tracking":false,"_monsterinsights_sitenote_active":false,"_monsterinsights_sitenote_note":"","_monsterinsights_sitenote_category":0,"_uf_show_specific_survey":0,"_uf_disable_surveys":false,"footnotes":""},"tags":[112,114,113,115,117,122,124,121,116,123],"class_list":["post-3128","page","type-page","status-publish","has-post-thumbnail","hentry","tag-commercial","tag-construction","tag-controle-du-bruit-commercial","tag-controle-du-bruit-de-construction","tag-controle-du-bruit-environnemental","tag-controle-du-bruit-pour-le-divertissement","tag-controle-du-bruit-pour-le-petrole-et-le-gaz","tag-divertissement","tag-environnemental","tag-petrole-et-gaz"],"acf":[],"aioseo_notices":[],"_links":{"self":[{"href":"https:\/\/environmental-noise-control.ca\/fr\/wp-json\/wp\/v2\/pages\/3128","targetHints":{"allow":["GET"]}}],"collection":[{"href":"https:\/\/environmental-noise-control.ca\/fr\/wp-json\/wp\/v2\/pages"}],"about":[{"href":"https:\/\/environmental-noise-control.ca\/fr\/wp-json\/wp\/v2\/types\/page"}],"author":[{"embeddable":true,"href":"https:\/\/environmental-noise-control.ca\/fr\/wp-json\/wp\/v2\/users\/19"}],"replies":[{"embeddable":true,"href":"https:\/\/environmental-noise-control.ca\/fr\/wp-json\/wp\/v2\/comments?post=3128"}],"version-history":[{"count":24,"href":"https:\/\/environmental-noise-control.ca\/fr\/wp-json\/wp\/v2\/pages\/3128\/revisions"}],"predecessor-version":[{"id":4815,"href":"https:\/\/environmental-noise-control.ca\/fr\/wp-json\/wp\/v2\/pages\/3128\/revisions\/4815"}],"up":[{"embeddable":true,"href":"https:\/\/environmental-noise-control.ca\/fr\/wp-json\/wp\/v2\/pages\/3277"}],"wp:featuredmedia":[{"embeddable":true,"href":"https:\/\/environmental-noise-control.ca\/fr\/wp-json\/wp\/v2\/media\/3135"}],"wp:attachment":[{"href":"https:\/\/environmental-noise-control.ca\/fr\/wp-json\/wp\/v2\/media?parent=3128"}],"wp:term":[{"taxonomy":"post_tag","embeddable":true,"href":"https:\/\/environmental-noise-control.ca\/fr\/wp-json\/wp\/v2\/tags?post=3128"}],"curies":[{"name":"wp","href":"https:\/\/api.w.org\/{rel}","templated":true}]}}