{"id":3140,"date":"2026-03-05T14:18:32","date_gmt":"2026-03-05T19:18:32","guid":{"rendered":"https:\/\/behre0015.sierradevops.com\/vinyle-de-masse-chargee-transparent\/"},"modified":"2026-04-16T14:44:52","modified_gmt":"2026-04-16T18:44:52","slug":"vinyle-de-masse-chargee-transparent","status":"publish","type":"page","link":"https:\/\/environmental-noise-control.ca\/fr\/produits\/vinyle-de-masse-chargee-transparent\/","title":{"rendered":"Vinyle de masse charg\u00e9e transparent"},"content":{"rendered":"<div class=\"wpb-content-wrapper\"><p>[vc_row full_width=\u00a0\u00bbstretch_row_content_no_spaces\u00a0\u00bb css=\u00a0\u00bb.vc_custom_1776365004284{margin-right: 0px !important;margin-bottom: 40px !important;margin-left: 0px !important;padding-top: 50px !important;padding-bottom: 50px !important;background-color: #1698A8 !important;}\u00a0\u00bb][vc_column width=\u00a0\u00bb5\/6&Prime; offset=\u00a0\u00bbvc_col-lg-offset-1&Prime; css=\u00a0\u00bb.vc_custom_1776365044079{padding-right: 40px !important;}\u00a0\u00bb][vc_column_text css=\u00a0\u00bb.vc_custom_1773165271302{margin-bottom: 30px !important;padding-top: 5px !important;padding-bottom: 15px !important;padding-left: 20px !important;background-color: #0D6D7957 !important;border-radius: 5px !important;}\u00a0\u00bb el_class=\u00a0\u00bbprod_bread\u00a0\u00bb]<\/p>\n<h4><span style=\"color: #ffffff;\"><a href=\"https:\/\/environmental-noise-control.ca\/fr\/produits\/\">Produits<\/a> \/ <a href=\"https:\/\/environmental-noise-control.ca\/fr\/produits\/vinyle-de-masse-chargee-transparent\/\">Vinyle transparent \u00e0 forte masse<\/a><\/span><\/h4>\n<p>[\/vc_column_text][vc_column_text css=\u00a0\u00bb.vc_custom_1773163824426{margin-bottom: -20px !important;}\u00a0\u00bb]<\/p>\n<div class=\"wpb_text_column wpb_content_element\">\n<div class=\"wpb_wrapper\">\n<h1>Vinyle de masse charg\u00e9e transparent<\/h1>\n<\/div>\n<\/div>\n<p>[\/vc_column_text][vc_column_text css=\u00a0\u00bb.vc_custom_1773166071832{margin-bottom: -20px !important;}\u00a0\u00bb]<\/p>\n<div class=\"wpb_text_column wpb_content_element\">\n<div class=\"wpb_wrapper\">\n<p><span style=\"color: #ffffff; font-size: 19px; font-weight: lighter;\">Polyvalent et efficace, le vinyle de masse charg\u00e9e transparent est la solution id\u00e9ale pour les applications industrielles afin de prot\u00e9ger les travailleurs du bruit sans perturber les op\u00e9rations.<\/span><\/div>\n<\/div>\n<p>[\/vc_column_text][\/vc_column][\/vc_row][vc_row][vc_column width=\u00a0\u00bb2\/3&Prime; css=\u00a0\u00bb.vc_custom_1773158139951{border-right-width: 1px !important;padding-right: 50px !important;border-right-style: solid !important;border-color: #DCDCDC !important;}\u00a0\u00bb][vc_images_carousel images=\u00a0\u00bb3970,4458,4057,4058,4063&Prime; img_size=\u00a0\u00bbfull\u00a0\u00bb onclick=\u00a0\u00bblink_no\u00a0\u00bb wrap=\u00a0\u00bbyes\u00a0\u00bb css=\u00a0\u00bb\u00a0\u00bb el_class=\u00a0\u00bbproducts_carousel\u00a0\u00bb][vc_column_text css=\u00a0\u00bb\u00a0\u00bb el_class=\u00a0\u00bbp_subtitle\u00a0\u00bb]<\/p>\n<h2>R\u00e9duisez efficacement le bruit sans nuire \u00e0 la visibilit\u00e9 op\u00e9rationnelle<\/h2>\n<p>[\/vc_column_text][vc_column_text css=\u00a0\u00bb\u00a0\u00bb]<strong>Barri\u00e8res acoustiques en vinyle de masse charg\u00e9e (MLV) transparent : solution d\u2019isolation acoustique efficace<\/strong><\/p>\n<p>Vous recherchez une solution optimale pour isoler des machines bruyantes ou am\u00e9liorer la perte de transmission de murs et de plafonds non conformes ? Nos barri\u00e8res en vinyle transparent sont la r\u00e9ponse que vous attendiez. Cette feuille de vinyle charg\u00e9e de 4,88 kg\/m\u00b2 (1 lb\/pi\u00b2) est con\u00e7ue pour stopper efficacement la transmission du bruit.  <\/p>\n<p><strong>Confinement sonore sans r\u00e9sonance<\/strong><\/p>\n<p>Les barri\u00e8res transparentes sont con\u00e7ues pour offrir un haut niveau de confinement sonore lorsqu\u2019elles sont correctement install\u00e9es. Elles ne r\u00e9sonnent pas, assurant ainsi une r\u00e9duction efficace du bruit pour votre espace de travail ou votre installation de fabrication. <\/p>\n<p><strong>Applications polyvalentes<\/strong><\/p>\n<p>Les applications de bureau impliquent souvent l\u2019utilisation de la barri\u00e8re comme extension murale, de la jonction mur\/plafond jusqu\u2019au pont en passant par le pl\u00e9num. D\u2019autres applications incluent l\u2019installation en tant que cloison entre des cellules de fabrication ou autour de machines pour emp\u00eacher le bruit de se r\u00e9percuter dans les zones adjacentes. <\/p>\n<p><strong>R\u00e9duction du bruit en toute transparence<\/strong><\/p>\n<p>La barri\u00e8re en vinyle de masse charg\u00e9e transparent est un mat\u00e9riau de rideau transparent con\u00e7u pour bloquer le son sans obstruer la vue. Elle est parfaite pour entourer l\u2019\u00e9quipement et les zones de travail o\u00f9 une r\u00e9duction du bruit est requise et o\u00f9 l\u2019observation visuelle est essentielle. <\/p>\n<p><strong>Durable et n\u00e9cessitant peu d\u2019entretien<\/strong><\/p>\n<p>Les barri\u00e8res transparentes r\u00e9sistent \u00e0 la d\u00e9coloration et au jaunissement, sont faciles \u00e0 couper et ne r\u00e9tr\u00e9cissent pas apr\u00e8s l\u2019installation, garantissant des performances durables avec un entretien minimal.<\/p>\n<p><strong>Blocage sonore efficace<\/strong><\/p>\n<p>Minces et flexibles, les barri\u00e8res transparentes sont id\u00e9ales pour stopper les sons en tant que masse lourde et souple qui ne r\u00e9sonne pas. Leur conception leur permet de stopper plus de bruit que les mat\u00e9riaux de construction conventionnels, qui peuvent \u00eatre beaucoup plus \u00e9pais.[\/vc_column_text][vc_separator][vc_column_text css=\u00a0\u00bb\u00a0\u00bb]<\/p>\n<h3 style=\"text-align: center;\">\u00c0 propos de la barri\u00e8re en vinyle de masse charg\u00e9e transparent<\/h3>\n<p>[\/vc_column_text][vc_column_text css=\u00a0\u00bb\u00a0\u00bb el_class=\u00a0\u00bbul_type1&Prime;]<\/p>\n<ul>\n<li>\n<h3>Sp\u00e9cifications<\/h3>\n<\/li>\n<li>Mat\u00e9riau : vinyle transparent non renforc\u00e9 de 0,45 kg\/m\u00b2 (1 lb\/pi\u00b2)<\/li>\n<li>Surface : lisse<\/li>\n<li>Couleur : transparent<\/li>\n<li>Flexibilit\u00e9 : souple<\/li>\n<li>R\u00e9sistance \u00e0 la traction : 165 MPa (2 400 psi)<\/li>\n<li>R\u00e9sistance \u00e0 la d\u00e9chirure : 22,4 MPa (325 psi)<\/li>\n<li>D\u00e9chirure Die C : \u2013<\/li>\n<li>\u00c9longation : 370 %<\/li>\n<li>Inflammabilit\u00e9* : n\/a<\/li>\n<li>Temp. de fonctionnement : -18 \u00e0 66 \u00b0C (0 \u00e0 150 \u00b0F)<\/li>\n<li>\u00c9paisseur : 4 mm (1\/6 pouce)<\/li>\n<li>Taille : 1,2 m x 18,3 m (48 po x 60 pi)<\/li>\n<\/ul>\n<p>*v\u00e9rifier les codes du b\u00e2timent locaux[\/vc_column_text][vc_column_text css=\u00a0\u00bb\u00a0\u00bb el_class=\u00a0\u00bbtable_h3&Prime;]<\/p>\n<h3>Perte de transmission sonore STC-26 (dB)<\/h3>\n<p>[\/vc_column_text][vc_column_text css=\u00a0\u00bb\u00a0\u00bb]<\/p>\n<table>\n<tbody>\n<tr>\n<th>% Fr\u00e9quence centrale de bande d\u2019octave<\/th>\n<th>Perte de transmission STC-26<\/th>\n<\/tr>\n<tr>\n<td>125 Hz<\/td>\n<td>14 dB<\/td>\n<\/tr>\n<tr>\n<td>250 Hz<\/td>\n<td>19 dB<\/td>\n<\/tr>\n<tr>\n<td>500 Hz<\/td>\n<td>23 dB<\/td>\n<\/tr>\n<tr>\n<td>1 kHz<\/td>\n<td>28 dB<\/td>\n<\/tr>\n<tr>\n<td>2 kHz<\/td>\n<td>33 dB<\/td>\n<\/tr>\n<tr>\n<td>4 kHz<\/td>\n<td>37 dB<\/td>\n<\/tr>\n<\/tbody>\n<\/table>\n<p>[\/vc_column_text][\/vc_column][vc_column width=\u00a0\u00bb1\/3&Prime; css=\u00a0\u00bb.vc_custom_1773157771677{margin-top: 0px !important;padding-top: 0px !important;padding-left: 50px !important;border-color: #F2F4F5 !important;}\u00a0\u00bb][vc_column_text css=\u00a0\u00bb.vc_custom_1773155648972{margin-top: -45px !important;margin-left: -40px !important;padding-top: 0px !important;}\u00a0\u00bb el_class=\u00a0\u00bbul_type1_2&Prime;]<\/p>\n<ul>\n<li>\n<h3>Fonctionnalit\u00e9s cl\u00e9s<\/h3>\n<\/li>\n<li>Con\u00e7u pour \u00eatre install\u00e9 \u00e0 proximit\u00e9 de la source de bruit<\/li>\n<li>Peut \u00eatre suspendu \u00e0 presque toute structure de support<\/li>\n<li>Portable et facile \u00e0 installer<\/li>\n<li>Conception modulaire pour enfermer la source de bruit<\/li>\n<li>Applications ext\u00e9rieures et int\u00e9rieures<\/li>\n<li>Rapide \u00e0 assembler et \u00e0 d\u00e9monter<\/li>\n<\/ul>\n<p>[\/vc_column_text][vc_column_text css=\u00a0\u00bb.vc_custom_1773165776150{margin-right: 40px !important;margin-left: 0px !important;padding-top: 25px !important;padding-right: 0px !important;}\u00a0\u00bb]<\/p>\n<h3 style=\"text-align: center;\"><strong>Produits connexes<\/strong><\/h3>\n<p style=\"text-align: center;\"><img loading=\"lazy\" decoding=\"async\" class=\"wp-image-3011 size-medium aligncenter\" src=\"https:\/\/environmental-noise-control.ca\/wp-content\/uploads\/2026\/02\/Acoustic-Barrier-Blanket-300x213.png\" alt=\"\" width=\"300\" height=\"213\" srcset=\"https:\/\/environmental-noise-control.ca\/wp-content\/uploads\/2026\/02\/Acoustic-Barrier-Blanket-300x213.png 300w, https:\/\/environmental-noise-control.ca\/wp-content\/uploads\/2026\/02\/Acoustic-Barrier-Blanket-1024x727.png 1024w, https:\/\/environmental-noise-control.ca\/wp-content\/uploads\/2026\/02\/Acoustic-Barrier-Blanket-768x545.png 768w, https:\/\/environmental-noise-control.ca\/wp-content\/uploads\/2026\/02\/Acoustic-Barrier-Blanket-1536x1091.png 1536w, https:\/\/environmental-noise-control.ca\/wp-content\/uploads\/2026\/02\/Acoustic-Barrier-Blanket-2048x1455.png 2048w, https:\/\/environmental-noise-control.ca\/wp-content\/uploads\/2026\/02\/Acoustic-Barrier-Blanket-732x520.png 732w, https:\/\/environmental-noise-control.ca\/wp-content\/uploads\/2026\/02\/Acoustic-Barrier-Blanket-1140x810.png 1140w, https:\/\/environmental-noise-control.ca\/wp-content\/uploads\/2026\/02\/Acoustic-Barrier-Blanket-24x17.png 24w, https:\/\/environmental-noise-control.ca\/wp-content\/uploads\/2026\/02\/Acoustic-Barrier-Blanket-36x26.png 36w, https:\/\/environmental-noise-control.ca\/wp-content\/uploads\/2026\/02\/Acoustic-Barrier-Blanket-48x34.png 48w\" sizes=\"auto, (max-width: 300px) 100vw, 300px\" \/><\/p>\n<p style=\"text-align: center;\"><a href=\"https:\/\/environmental-noise-control.ca\/fr\/produits\/couvertures-de-barriere-acoustique\/\">Couvertures acoustiques<\/a><\/p>\n<p style=\"text-align: center;\"><img loading=\"lazy\" decoding=\"async\" class=\"size-medium wp-image-3012 aligncenter\" src=\"https:\/\/environmental-noise-control.ca\/wp-content\/uploads\/2026\/02\/QW-Barrier-Blanket-300x213.png\" alt=\"\" width=\"300\" height=\"213\" srcset=\"https:\/\/environmental-noise-control.ca\/wp-content\/uploads\/2026\/02\/QW-Barrier-Blanket-300x213.png 300w, https:\/\/environmental-noise-control.ca\/wp-content\/uploads\/2026\/02\/QW-Barrier-Blanket-1024x727.png 1024w, https:\/\/environmental-noise-control.ca\/wp-content\/uploads\/2026\/02\/QW-Barrier-Blanket-768x546.png 768w, https:\/\/environmental-noise-control.ca\/wp-content\/uploads\/2026\/02\/QW-Barrier-Blanket-1536x1091.png 1536w, https:\/\/environmental-noise-control.ca\/wp-content\/uploads\/2026\/02\/QW-Barrier-Blanket-2048x1455.png 2048w, https:\/\/environmental-noise-control.ca\/wp-content\/uploads\/2026\/02\/QW-Barrier-Blanket-732x520.png 732w, https:\/\/environmental-noise-control.ca\/wp-content\/uploads\/2026\/02\/QW-Barrier-Blanket-1140x810.png 1140w, https:\/\/environmental-noise-control.ca\/wp-content\/uploads\/2026\/02\/QW-Barrier-Blanket-24x17.png 24w, https:\/\/environmental-noise-control.ca\/wp-content\/uploads\/2026\/02\/QW-Barrier-Blanket-36x26.png 36w, https:\/\/environmental-noise-control.ca\/wp-content\/uploads\/2026\/02\/QW-Barrier-Blanket-48x34.png 48w\" sizes=\"auto, (max-width: 300px) 100vw, 300px\" \/><\/p>\n<p style=\"text-align: center;\"><a href=\"https:\/\/environmental-noise-control.ca\/fr\/produits\/couvertures-acoustiques-industrielles-quiet-world\/\">Couvertures acoustiques Quiet World<\/a><\/p>\n<p>[\/vc_column_text][vc_column_text css=\u00a0\u00bb.vc_custom_1773165795383{margin-top: 80px !important;margin-left: -50px !important;}\u00a0\u00bb el_class=\u00a0\u00bbb_purch\u00a0\u00bb]<a href=\"https:\/\/environmental-noise-control.ca\/fr\/contactez-nous\/\">Renseignez-vous sur la location ou l\u2019achat de ce produit<\/a>[\/vc_column_text][\/vc_column][\/vc_row]<\/p>\n<\/div>","protected":false},"excerpt":{"rendered":"<p>[vc_row full_width=\u00a0\u00bbstretch_row_content_no_spaces\u00a0\u00bb css=\u00a0\u00bb.vc_custom_1776365004284{margin-right: 0px !important;margin-bottom: 40px !important;margin-left: 0px !important;padding-top: 50px !important;padding-bottom: 50px !important;background-color: #1698A8 !important;}\u00a0\u00bb][vc_column width=\u00a0\u00bb5\/6&Prime; offset=\u00a0\u00bbvc_col-lg-offset-1&Prime; css=\u00a0\u00bb.vc_custom_1776365044079{padding-right: 40px !important;}\u00a0\u00bb][vc_column_text css=\u00a0\u00bb.vc_custom_1773165271302{margin-bottom: 30px !important;padding-top: 5px !important;padding-bottom: 15px !important;padding-left: 20px !important;background-color: #0D6D7957 !important;border-radius: 5px !important;}\u00a0\u00bb el_class=\u00a0\u00bbprod_bread\u00a0\u00bb] Produits \/ Vinyle transparent \u00e0 forte masse [\/vc_column_text][vc_column_text css=\u00a0\u00bb.vc_custom_1773163824426{margin-bottom: -20px !important;}\u00a0\u00bb] Vinyle de masse charg\u00e9e transparent [\/vc_column_text][vc_column_text css=\u00a0\u00bb.vc_custom_1773166071832{margin-bottom: -20px !important;}\u00a0\u00bb] Polyvalent [&hellip;]<\/p>\n","protected":false},"author":15,"featured_media":3970,"parent":3277,"menu_order":1,"comment_status":"closed","ping_status":"closed","template":"","meta":{"_acf_changed":false,"_monsterinsights_skip_tracking":false,"_monsterinsights_sitenote_active":false,"_monsterinsights_sitenote_note":"","_monsterinsights_sitenote_category":0,"_uf_show_specific_survey":0,"_uf_disable_surveys":false,"footnotes":""},"tags":[112,113,114,115,121,122,116,117,123,124],"class_list":["post-3140","page","type-page","status-publish","has-post-thumbnail","hentry","tag-commercial","tag-controle-du-bruit-commercial","tag-construction","tag-controle-du-bruit-de-construction","tag-divertissement","tag-controle-du-bruit-pour-le-divertissement","tag-environnemental","tag-controle-du-bruit-environnemental","tag-petrole-et-gaz","tag-controle-du-bruit-pour-le-petrole-et-le-gaz"],"acf":[],"aioseo_notices":[],"_links":{"self":[{"href":"https:\/\/environmental-noise-control.ca\/fr\/wp-json\/wp\/v2\/pages\/3140","targetHints":{"allow":["GET"]}}],"collection":[{"href":"https:\/\/environmental-noise-control.ca\/fr\/wp-json\/wp\/v2\/pages"}],"about":[{"href":"https:\/\/environmental-noise-control.ca\/fr\/wp-json\/wp\/v2\/types\/page"}],"author":[{"embeddable":true,"href":"https:\/\/environmental-noise-control.ca\/fr\/wp-json\/wp\/v2\/users\/15"}],"replies":[{"embeddable":true,"href":"https:\/\/environmental-noise-control.ca\/fr\/wp-json\/wp\/v2\/comments?post=3140"}],"version-history":[{"count":89,"href":"https:\/\/environmental-noise-control.ca\/fr\/wp-json\/wp\/v2\/pages\/3140\/revisions"}],"predecessor-version":[{"id":4743,"href":"https:\/\/environmental-noise-control.ca\/fr\/wp-json\/wp\/v2\/pages\/3140\/revisions\/4743"}],"up":[{"embeddable":true,"href":"https:\/\/environmental-noise-control.ca\/fr\/wp-json\/wp\/v2\/pages\/3277"}],"wp:featuredmedia":[{"embeddable":true,"href":"https:\/\/environmental-noise-control.ca\/fr\/wp-json\/wp\/v2\/media\/3970"}],"wp:attachment":[{"href":"https:\/\/environmental-noise-control.ca\/fr\/wp-json\/wp\/v2\/media?parent=3140"}],"wp:term":[{"taxonomy":"post_tag","embeddable":true,"href":"https:\/\/environmental-noise-control.ca\/fr\/wp-json\/wp\/v2\/tags?post=3140"}],"curies":[{"name":"wp","href":"https:\/\/api.w.org\/{rel}","templated":true}]}}