{"id":3161,"date":"2016-12-23T02:10:16","date_gmt":"2016-12-23T07:10:16","guid":{"rendered":"https:\/\/behre0015.sierradevops.com\/etude-de-bruit-en-milieu-industriel\/"},"modified":"2026-04-16T14:30:31","modified_gmt":"2026-04-16T18:30:31","slug":"etude-de-bruit-en-milieu-industriel","status":"publish","type":"page","link":"https:\/\/environmental-noise-control.ca\/fr\/projets\/etude-de-bruit-en-milieu-industriel\/","title":{"rendered":"\u00c9tude de bruit en milieu industriel"},"content":{"rendered":"<div class=\"wpb-content-wrapper\"><p>[vc_row el_class=\u00a0\u00bbprojects_bunner_slider\u00a0\u00bb][vc_column][vc_images_carousel images=\u00a0\u00bb3162,1257&Prime; img_size=\u00a0\u00bbfull\u00a0\u00bb onclick=\u00a0\u00bblink_no\u00a0\u00bb wrap=\u00a0\u00bbyes\u00a0\u00bb][vc_column_text el_class=\u00a0\u00bbcontainer carousel_title\u00a0\u00bb]<\/p>\n<h4>\u00c9tude de cas<\/h4>\n<h1>Site Anderson Hay &amp; Grain, Wilmington, CA<\/h1>\n<p>Secteur : industriel<br \/>\nLieu : Wilmington, CA[\/vc_column_text][\/vc_column][\/vc_row][vc_row el_class=\u00a0\u00bbcontainer_project\u00a0\u00bb][vc_column width=\u00a0\u00bb1\/2&Prime;][vc_column_text el_class=\u00a0\u00bbul_type1&Prime;]<\/p>\n<ul>\n<li>\n<h3>Aper\u00e7u du projet d\u2019\u00e9tude de bruit<\/h3>\n<\/li>\n<li><span style=\"font-weight: 400;\">Environmental Noise Control, Inc. a r\u00e9alis\u00e9 une \u00e9tude de bruit sur le site Anderson Hay &amp; Grain \u00e0 Wilmington, CA.<\/span><\/li>\n<li><span style=\"font-weight: 400;\"> ENC a \u00e9tabli que le site <a href=\"https:\/\/www.environmental-noise-control.ca\/industries\/industrial\/\" target=\"_blank\" rel=\"noopener\"><strong>industriel<\/strong><\/a> n\u2019\u00e9tait pas conforme \u00e0 la r\u00e9glementation locale sur le bruit.<\/span><\/li>\n<li><span style=\"font-weight: 400;\">ENC a <strong><a href=\"https:\/\/www.environmental-noise-control.ca\/services\/noise-mitigation-design\/\" target=\"_blank\" rel=\"noopener\">con\u00e7u<\/a><\/strong> et <strong><a href=\"https:\/\/www.environmental-noise-control.ca\/services\/noise-mitigation-installation\/\" target=\"_blank\" rel=\"noopener\">install\u00e9<\/a><\/strong> des mesures d\u2019att\u00e9nuation du bruit, garantissant que le site respecte la r\u00e9glementation sur le bruit et demeure un bon voisin pour les r\u00e9sidences \u00e0 proximit\u00e9.<\/span><\/li>\n<\/ul>\n<p>[\/vc_column_text][\/vc_column][vc_column width=\u00a0\u00bb1\/2&Prime;][vc_column_text]Anderson Hay &amp; Grain a mandat\u00e9 Environmental Noise Control, Inc. pour r\u00e9aliser une \u00e9tude de bruit sur son site <a href=\"https:\/\/www.environmental-noise-control.ca\/industries\/industrial\/\" target=\"_blank\" rel=\"noopener\"><strong>industriel<\/strong><\/a> \u00e0 Wilmington, CA, afin de d\u00e9terminer si les \u00e9missions sonores d\u2019exploitation d\u00e9passaient les normes du code sur le bruit de la Ville de Los Angeles.<\/p>\n<p>ENC a r\u00e9alis\u00e9 un <a href=\"https:\/\/www.environmental-noise-control.ca\/services\/noise-measurement-surveys\/\" target=\"_blank\" rel=\"noopener\"><strong>relev\u00e9 acoustique<\/strong><\/a> du site non att\u00e9nu\u00e9 et a d\u00e9termin\u00e9 qu\u2019il n\u2019\u00e9tait pas conforme et qu\u2019une att\u00e9nuation du bruit \u00e9tait requise. ENC a fourni un plan de contr\u00f4le du bruit afin de r\u00e9duire les niveaux sonores et d\u2019assurer la conformit\u00e9 \u00e0 la r\u00e9glementation. <\/p>\n<p>La conception d\u2019att\u00e9nuation retenue a utilis\u00e9 664 pieds du mat\u00e9riau <a href=\"https:\/\/www.environmental-noise-control.ca\/products\/stc-25-acoustical-barrier-blanket\/\" target=\"_blank\" rel=\"noopener\"><strong>rideau-barri\u00e8re acoustique STC-25<\/strong><\/a> d\u2019ENC, de couleur verte, livr\u00e9 et install\u00e9 autour des \u00e9quipements bruyants par les entrepreneurs agr\u00e9\u00e9s d\u2019ENC.<\/p>\n<p>La mise en \u0153uvre du contr\u00f4le sonore sur le site de foin et de grains a \u00e9t\u00e9 un succ\u00e8s. Elle a permis d\u2019assurer la conformit\u00e9 \u00e0 la r\u00e9glementation locale et une r\u00e9duction significative du bruit dans les r\u00e9sidences voisines, d\u00e9montrant que le site est responsable et proactif au sein de la communaut\u00e9.[\/vc_column_text][\/vc_column][\/vc_row][vc_row el_class=\u00a0\u00bbcontainer_project\u00a0\u00bb][vc_column width=\u00a0\u00bb1\/3&Prime;][vc_single_image image=\u00a0\u00bb3165&Prime; img_size=\u00a0\u00bblarge\u00a0\u00bb onclick=\u00a0\u00bblink_image\u00a0\u00bb][\/vc_column][vc_column width=\u00a0\u00bb1\/3&Prime;][vc_single_image image=\u00a0\u00bb3166&Prime; img_size=\u00a0\u00bblarge\u00a0\u00bb onclick=\u00a0\u00bblink_image\u00a0\u00bb][\/vc_column][vc_column width=\u00a0\u00bb1\/3&Prime;][vc_single_image image=\u00a0\u00bb3167&Prime; img_size=\u00a0\u00bblarge\u00a0\u00bb onclick=\u00a0\u00bblink_image\u00a0\u00bb][\/vc_column][\/vc_row][vc_row][vc_column][vc_cta h2=\u00a0\u00bbEn savoir plus sur les produits et services d&apos;ENC\u00a0\u00bb h2_font_container=\u00a0\u00bbtag:h2|font_size:22|text_align:center|color:%23FFFFFF\u00a0\u00bb h2_use_theme_fonts=\u00a0\u00bbyes\u00a0\u00bb txt_align=\u00a0\u00bbcenter\u00a0\u00bb el_width=\u00a0\u00bbxl\u00a0\u00bb add_button=\u00a0\u00bbbottom\u00a0\u00bb btn_title=\u00a0\u00bbExplorer les solutions acoustiques\u00a0\u00bb btn_style=\u00a0\u00bbcustom\u00a0\u00bb btn_custom_background=\u00a0\u00bb#1698a8&Prime; btn_custom_text=\u00a0\u00bb#ffffff\u00a0\u00bb btn_align=\u00a0\u00bbcenter\u00a0\u00bb btn_i_icon_fontawesome=\u00a0\u00bbfa fa-solid fa-arrow-right\u00a0\u00bb css=\u00a0\u00bb.vc_custom_1776364214831{padding-top: 30px !important;padding-right: 20px !important;}\u00a0\u00bb use_custom_fonts_h2=\u00a0\u00bbtrue\u00a0\u00bb btn_add_icon=\u00a0\u00bbtrue\u00a0\u00bb btn_link=\u00a0\u00bburl:https%3A%2F%2Fenvironmental-noise-control.ca%2Ffr%2Fproduits%2F|title:Produits|target:_blank|\u00a0\u00bb][\/vc_cta][\/vc_column][\/vc_row]<\/p>\n<\/div>","protected":false},"excerpt":{"rendered":"<p>Un diffuseur t\u00e9l\u00e9vis\u00e9 \u00e0 Carson, en Californie, modernisait son studio et lorem ipsum dolor sic amet consectetur adipiscing.<\/p>\n","protected":false},"author":12,"featured_media":3162,"parent":3401,"menu_order":0,"comment_status":"closed","ping_status":"closed","template":"page-project-details.php","meta":{"_acf_changed":false,"_monsterinsights_skip_tracking":false,"_monsterinsights_sitenote_active":false,"_monsterinsights_sitenote_note":"","_monsterinsights_sitenote_category":0,"_uf_show_specific_survey":0,"_uf_disable_surveys":false,"footnotes":""},"tags":[112,113,117,119,116,120,118],"class_list":["post-3161","page","type-page","status-publish","has-post-thumbnail","hentry","tag-commercial","tag-controle-du-bruit-commercial","tag-controle-du-bruit-environnemental","tag-controle-du-bruit-industriel","tag-environnemental","tag-home-slider","tag-industriel"],"acf":[],"aioseo_notices":[],"_links":{"self":[{"href":"https:\/\/environmental-noise-control.ca\/fr\/wp-json\/wp\/v2\/pages\/3161","targetHints":{"allow":["GET"]}}],"collection":[{"href":"https:\/\/environmental-noise-control.ca\/fr\/wp-json\/wp\/v2\/pages"}],"about":[{"href":"https:\/\/environmental-noise-control.ca\/fr\/wp-json\/wp\/v2\/types\/page"}],"author":[{"embeddable":true,"href":"https:\/\/environmental-noise-control.ca\/fr\/wp-json\/wp\/v2\/users\/12"}],"replies":[{"embeddable":true,"href":"https:\/\/environmental-noise-control.ca\/fr\/wp-json\/wp\/v2\/comments?post=3161"}],"version-history":[{"count":22,"href":"https:\/\/environmental-noise-control.ca\/fr\/wp-json\/wp\/v2\/pages\/3161\/revisions"}],"predecessor-version":[{"id":4708,"href":"https:\/\/environmental-noise-control.ca\/fr\/wp-json\/wp\/v2\/pages\/3161\/revisions\/4708"}],"up":[{"embeddable":true,"href":"https:\/\/environmental-noise-control.ca\/fr\/wp-json\/wp\/v2\/pages\/3401"}],"wp:featuredmedia":[{"embeddable":true,"href":"https:\/\/environmental-noise-control.ca\/fr\/wp-json\/wp\/v2\/media\/3162"}],"wp:attachment":[{"href":"https:\/\/environmental-noise-control.ca\/fr\/wp-json\/wp\/v2\/media?parent=3161"}],"wp:term":[{"taxonomy":"post_tag","embeddable":true,"href":"https:\/\/environmental-noise-control.ca\/fr\/wp-json\/wp\/v2\/tags?post=3161"}],"curies":[{"name":"wp","href":"https:\/\/api.w.org\/{rel}","templated":true}]}}