{"id":3170,"date":"2017-01-13T22:08:47","date_gmt":"2017-01-14T03:08:47","guid":{"rendered":"https:\/\/behre0015.sierradevops.com\/projet-de-rehabilitation-du-barrage-de-boone\/"},"modified":"2026-04-16T14:27:32","modified_gmt":"2026-04-16T18:27:32","slug":"projet-de-rehabilitation-du-barrage-de-boone","status":"publish","type":"page","link":"https:\/\/environmental-noise-control.ca\/fr\/projets\/projet-de-rehabilitation-du-barrage-de-boone\/","title":{"rendered":"Projet de r\u00e9habilitation du barrage Boone"},"content":{"rendered":"<div class=\"wpb-content-wrapper\"><p>[vc_row el_class=\u00a0\u00bbprojects_bunner_slider\u00a0\u00bb][vc_column][vc_images_carousel images=\u00a0\u00bb3125&Prime; img_size=\u00a0\u00bbfull\u00a0\u00bb onclick=\u00a0\u00bblink_no\u00a0\u00bb wrap=\u00a0\u00bbyes\u00a0\u00bb][vc_column_text el_class=\u00a0\u00bbcontainer carousel_title\u00a0\u00bb]<\/p>\n<h4>\u00c9tude de cas<\/h4>\n<h1>Projet de r\u00e9habilitation du barrage Boone<\/h1>\n<p>Secteur : Construction<br \/>\nEmplacement : Piney Flats, TN[\/vc_column_text][\/vc_column][\/vc_row][vc_row el_class=\u00a0\u00bbcontainer_project\u00a0\u00bb][vc_column width=\u00a0\u00bb1\/2&Prime;][vc_column_text el_class=\u00a0\u00bbul_type1&Prime;]<\/p>\n<ul>\n<li>\n<h3>Projet de r\u00e9habilitation du barrage de Boone en bref<\/h3>\n<\/li>\n<li><span style=\"font-weight: 400;\">Environmental Noise Control, Inc. a <a href=\"https:\/\/www.environmental-noise-control.ca\/services\/noise-mitigation-design\/\" target=\"_blank\" rel=\"noopener\"><strong>con\u00e7u et fabriqu\u00e9<\/strong><\/a> une barri\u00e8re antibruit et anti-lumi\u00e8re de 1 000 pieds de long pour la Tennessee Valley Authority.<\/span><\/li>\n<li><span style=\"font-weight: 400;\"> ENC a utilis\u00e9 des panneaux STC-25 sur notre <strong><a href=\"https:\/\/www.environmental-noise-control.ca\/products\/k-rail-mounted-temporary-sound-wall\/\" target=\"_blank\" rel=\"noopener\">mur antibruit temporaire mont\u00e9 sur K-Rail<\/a><\/strong> pour obtenir des r\u00e9sultats.<\/span><\/li>\n<li><span style=\"font-weight: 400;\">ENC a assur\u00e9 la <a href=\"https:\/\/www.environmental-noise-control.ca\/services\/noise-mitigation-installation\/\" target=\"_blank\" rel=\"noopener\"><strong>supervision de l&rsquo;installation<\/strong><\/a> pour le projet dans l&rsquo;est du Tennessee.<\/span><\/li>\n<\/ul>\n<p>[\/vc_column_text][\/vc_column][vc_column width=\u00a0\u00bb1\/2&Prime;][vc_column_text]La Tennessee Valley Authority a engag\u00e9 Environmental Noise Control, Inc. apr\u00e8s la d\u00e9couverte d&rsquo;un gouffre, d&rsquo;infiltrations d&rsquo;eau et de conditions d&rsquo;\u00ab \u00e9rosion interne \u00bb au barrage de Boone dans l&rsquo;est du Tennessee.<\/p>\n<p>La TVA \u00e9tait pr\u00e9occup\u00e9e par la pollution sonore et lumineuse tout au long de la r\u00e9habilitation du barrage de Boone, car les op\u00e9rations et les unit\u00e9s de pompage devaient fonctionner vingt-quatre heures sur vingt-quatre.<\/p>\n<p>ENC a <strong><a href=\"https:\/\/www.environmental-noise-control.ca\/services\/noise-mitigation-design\/\" target=\"_blank\" rel=\"noopener\">con\u00e7u et fabriqu\u00e9<\/a><\/strong> un mur de pr\u00e8s de 300 m\u00e8tres de long capable de r\u00e9sister \u00e0 des charges de vent de 190 kilom\u00e8tres par heure pour le barrage.<\/p>\n<p>La conception d&rsquo;att\u00e9nuation du bruit et de la lumi\u00e8re pour ce projet a utilis\u00e9 les <a href=\"https:\/\/www.environmental-noise-control.ca\/products\/stc-25-acoustical-barrier-blanket\/\" target=\"_blank\" rel=\"noopener\"><strong>couvertures de barri\u00e8re acoustique STC-25<\/strong><\/a> d&rsquo;ENC sur son syst\u00e8me de<strong> <a href=\"https:\/\/www.environmental-noise-control.ca\/products\/k-rail-mounted-temporary-sound-wall\/\" target=\"_blank\" rel=\"noopener\">mur antibruit temporaire mont\u00e9 sur K-Rail<\/a><\/strong> d&rsquo;une hauteur de 4,8 m\u00e8tres.<\/p>\n<p>ENC a assur\u00e9 la <a href=\"https:\/\/www.environmental-noise-control.ca\/services\/noise-mitigation-installation\/\" target=\"_blank\" rel=\"noopener\"><strong>supervision de l&rsquo;installation<\/strong><\/a> de la barri\u00e8re, et celle-ci demeure une technique d&rsquo;att\u00e9nuation efficace et r\u00e9ussie pour le projet de r\u00e9habilitation pendant que les travaux de r\u00e9novation sont en cours.[\/vc_column_text][\/vc_column][\/vc_row][vc_row el_class=\u00a0\u00bbcontainer_project\u00a0\u00bb][vc_column width=\u00a0\u00bb1\/2&Prime;][vc_single_image image=\u00a0\u00bb3171&Prime; img_size=\u00a0\u00bblarge\u00a0\u00bb onclick=\u00a0\u00bblink_image\u00a0\u00bb][\/vc_column][vc_column width=\u00a0\u00bb1\/2&Prime;][vc_single_image image=\u00a0\u00bb3172&Prime; img_size=\u00a0\u00bblarge\u00a0\u00bb onclick=\u00a0\u00bblink_image\u00a0\u00bb][\/vc_column][\/vc_row][vc_row][vc_column][vc_cta h2=\u00a0\u00bbEn savoir plus sur les produits et services d&apos;ENC\u00a0\u00bb h2_font_container=\u00a0\u00bbtag:h2|font_size:22|text_align:center|color:%23FFFFFF\u00a0\u00bb h2_use_theme_fonts=\u00a0\u00bbyes\u00a0\u00bb txt_align=\u00a0\u00bbcenter\u00a0\u00bb el_width=\u00a0\u00bbxl\u00a0\u00bb add_button=\u00a0\u00bbbottom\u00a0\u00bb btn_title=\u00a0\u00bbExplorer les solutions acoustiques\u00a0\u00bb btn_style=\u00a0\u00bbcustom\u00a0\u00bb btn_custom_background=\u00a0\u00bb#1698a8&Prime; btn_custom_text=\u00a0\u00bb#ffffff\u00a0\u00bb btn_align=\u00a0\u00bbcenter\u00a0\u00bb btn_i_icon_fontawesome=\u00a0\u00bbfa fa-solid fa-arrow-right\u00a0\u00bb css=\u00a0\u00bb.vc_custom_1776363713977{padding-top: 30px !important;padding-right: 20px !important;}\u00a0\u00bb use_custom_fonts_h2=\u00a0\u00bbtrue\u00a0\u00bb btn_add_icon=\u00a0\u00bbtrue\u00a0\u00bb btn_link=\u00a0\u00bburl:https%3A%2F%2Fenvironmental-noise-control.ca%2Ffr%2Fproduits%2F|title:Products|target:_blank|\u00a0\u00bb][\/vc_cta][\/vc_column][\/vc_row]<\/p>\n<\/div>","protected":false},"excerpt":{"rendered":"<p>ENC a travaill\u00e9 \u00e0 contr\u00f4ler la pollution sonore et lumineuse gr\u00e2ce \u00e0 un mur antibruit temporaire tout au long de la r\u00e9habilitation du barrage de Boone dans l&rsquo;est du Tennessee.<\/p>\n","protected":false},"author":12,"featured_media":3124,"parent":3401,"menu_order":0,"comment_status":"closed","ping_status":"closed","template":"page-project-details.php","meta":{"_acf_changed":false,"_monsterinsights_skip_tracking":false,"_monsterinsights_sitenote_active":false,"_monsterinsights_sitenote_note":"","_monsterinsights_sitenote_category":0,"_uf_show_specific_survey":0,"_uf_disable_surveys":false,"footnotes":""},"tags":[112,113,114,115,116,117,120,118,119],"class_list":["post-3170","page","type-page","status-publish","has-post-thumbnail","hentry","tag-commercial","tag-controle-du-bruit-commercial","tag-construction","tag-controle-du-bruit-de-construction","tag-environnemental","tag-controle-du-bruit-environnemental","tag-home-slider","tag-industriel","tag-controle-du-bruit-industriel"],"acf":[],"aioseo_notices":[],"_links":{"self":[{"href":"https:\/\/environmental-noise-control.ca\/fr\/wp-json\/wp\/v2\/pages\/3170","targetHints":{"allow":["GET"]}}],"collection":[{"href":"https:\/\/environmental-noise-control.ca\/fr\/wp-json\/wp\/v2\/pages"}],"about":[{"href":"https:\/\/environmental-noise-control.ca\/fr\/wp-json\/wp\/v2\/types\/page"}],"author":[{"embeddable":true,"href":"https:\/\/environmental-noise-control.ca\/fr\/wp-json\/wp\/v2\/users\/12"}],"replies":[{"embeddable":true,"href":"https:\/\/environmental-noise-control.ca\/fr\/wp-json\/wp\/v2\/comments?post=3170"}],"version-history":[{"count":24,"href":"https:\/\/environmental-noise-control.ca\/fr\/wp-json\/wp\/v2\/pages\/3170\/revisions"}],"predecessor-version":[{"id":4696,"href":"https:\/\/environmental-noise-control.ca\/fr\/wp-json\/wp\/v2\/pages\/3170\/revisions\/4696"}],"up":[{"embeddable":true,"href":"https:\/\/environmental-noise-control.ca\/fr\/wp-json\/wp\/v2\/pages\/3401"}],"wp:featuredmedia":[{"embeddable":true,"href":"https:\/\/environmental-noise-control.ca\/fr\/wp-json\/wp\/v2\/media\/3124"}],"wp:attachment":[{"href":"https:\/\/environmental-noise-control.ca\/fr\/wp-json\/wp\/v2\/media?parent=3170"}],"wp:term":[{"taxonomy":"post_tag","embeddable":true,"href":"https:\/\/environmental-noise-control.ca\/fr\/wp-json\/wp\/v2\/tags?post=3170"}],"curies":[{"name":"wp","href":"https:\/\/api.w.org\/{rel}","templated":true}]}}