{"id":3176,"date":"2022-12-09T02:22:12","date_gmt":"2022-12-09T07:22:12","guid":{"rendered":"https:\/\/behre0015.sierradevops.com\/couvertures-de-barriere-acoustique-industrielle-quiet-world\/"},"modified":"2026-04-03T10:14:25","modified_gmt":"2026-04-03T14:14:25","slug":"couvertures-de-barriere-acoustique-industrielle-quiet-world","status":"publish","type":"page","link":"https:\/\/environmental-noise-control.ca\/fr\/couvertures-de-barriere-acoustique-industrielle-quiet-world\/","title":{"rendered":"Couvertures acoustiques industrielles Quiet World"},"content":{"rendered":"<div class=\"wpb-content-wrapper\"><p>[vc_row][vc_column][vc_images_carousel images=\u00a0\u00bb1644,3178,3179&Prime; img_size=\u00a0\u00bbfull\u00a0\u00bb onclick=\u00a0\u00bblink_no\u00a0\u00bb wrap=\u00a0\u00bbyes\u00a0\u00bb el_class=\u00a0\u00bbproducts_carousel\u00a0\u00bb][\/vc_column][\/vc_row][vc_row][vc_column][vc_single_image image=\u00a0\u00bb3177&Prime; img_size=\u00a0\u00bbfull\u00a0\u00bb alignment=\u00a0\u00bbcenter\u00a0\u00bb][vc_column_text el_class=\u00a0\u00bbp_subtitle\u00a0\u00bb]<span style=\"font-weight: 400;\">Les couvertures acoustiques industrielles Quiet World STC-27 d&rsquo;Environmental Noise Control sont fabriqu\u00e9es \u00e0 l&rsquo;aide de mat\u00e9riaux composites acoustiques de pointe avec une conception technique.<\/span>[\/vc_column_text][vc_column_text]<\/p>\n<div class=\"wpb_text_column wpb_content_element \">\n<div class=\"wpb_wrapper\">\n<p>Les couvertures de barri\u00e8re acoustique industrielle Quiet World STC-27 d&rsquo;ENC sont con\u00e7ues pour offrir un contr\u00f4le sonore optimal en bloquant et en absorbant les bruits ind\u00e9sirables. Elles ont \u00e9t\u00e9 test\u00e9es par un laboratoire acoustique ind\u00e9pendant conform\u00e9ment aux exigences ASTM E-90 et ASTM E-413 et pr\u00e9sentent une perte de transmission sonore v\u00e9rifi\u00e9e. <\/p>\n<p>Les couvertures acoustiques industrielles Quiet World STC-27 sont fabriqu\u00e9es avec une enveloppe ext\u00e9rieure exclusive en polychlorure de vinyle (PVC), des couches de mat\u00e9riaux absorbant et bloquant le bruit, et un noyau interne technique comportant plusieurs couches de barri\u00e8re septum X-5.<\/p>\n<\/div>\n<\/div>\n<p>[\/vc_column_text][\/vc_column][\/vc_row][vc_row][vc_column][vc_separator][\/vc_column][vc_column][\/vc_column][\/vc_row][vc_row][vc_column][vc_column_text]<\/p>\n<h3 style=\"text-align: center;\">\u00c0 propos de la couverture acoustique Quiet World STC-27<\/h3>\n<p>[\/vc_column_text][vc_column_text el_class=\u00a0\u00bbul_type1&Prime;]<\/p>\n<ul>\n<li>\n<h3>Sp\u00e9cifications<\/h3>\n<\/li>\n<li>Classe de transmission du son (STC) \u00e9valu\u00e9e conform\u00e9ment \u00e0 la norme ASTM E-413<\/li>\n<li>Temp\u00e9rature de service : -40 \u00b0F \u00e0 +200 \u00b0F<\/li>\n<li>Enveloppe ext\u00e9rieure en polychlorure de vinyle ignifuge, r\u00e9sistante \u00e0 l&rsquo;huile, aux UV, sans fibres, antifongique et auto-s\u00e9chante avec barri\u00e8re septum de noyau interne sp\u00e9cialement d\u00e9velopp\u00e9e<\/li>\n<li>Disponible en cinq tailles : 8 pieds de large sur 8, 10, 12, 15 et 20 pieds de haut<\/li>\n<li>Options de fixation par \u0153illets et\/ou bandes auto-agrippantes disponibles<\/li>\n<li>Utilisation int\u00e9rieure et ext\u00e9rieure<\/li>\n<li>Longue dur\u00e9e de vie en ext\u00e9rieur<\/li>\n<\/ul>\n<p>[\/vc_column_text][\/vc_column][\/vc_row][vc_row][vc_column][vc_column_text el_class=\u00a0\u00bbtable_h3&Prime;]<\/p>\n<h3>Perte de transmission sonore STC-27 (dB)<\/h3>\n<p>[\/vc_column_text][vc_column_text]<\/p>\n<table>\n<tbody>\n<tr>\n<th>Fr\u00e9quence centrale de bande d&rsquo;octave %<\/th>\n<th>Perte de transmission STC-27<\/th>\n<th>Fr\u00e9quence centrale de bande d&rsquo;octave %<\/th>\n<th>Perte de transmission STC-27<\/th>\n<\/tr>\n<tr>\n<td>63 Hz<\/td>\n<td>11 dB<\/td>\n<td>630 Hz<\/td>\n<td>30 dB<\/td>\n<\/tr>\n<tr>\n<td>80 Hz<\/td>\n<td>14 dB<\/td>\n<td>800 Hz<\/td>\n<td>31 dB<\/td>\n<\/tr>\n<tr>\n<td>100 Hz<\/td>\n<td>16 dB<\/td>\n<td>1000 Hz<\/td>\n<td>32 dB<\/td>\n<\/tr>\n<tr>\n<td>125 Hz<\/td>\n<td>12 dB<\/td>\n<td>1250 Hz<\/td>\n<td>34 dB<\/td>\n<\/tr>\n<tr>\n<td>160 Hz<\/td>\n<td>12 dB<\/td>\n<td>1600 Hz<\/td>\n<td>37 dB<\/td>\n<\/tr>\n<tr>\n<td>200 Hz<\/td>\n<td>11 dB<\/td>\n<td>2000 Hz<\/td>\n<td>41 dB<\/td>\n<\/tr>\n<tr>\n<td>250 Hz<\/td>\n<td>12 dB<\/td>\n<td>2500 Hz<\/td>\n<td>45 dB<\/td>\n<\/tr>\n<tr>\n<td>315 Hz<\/td>\n<td>16 dB<\/td>\n<td>3150 Hz<\/td>\n<td>48 dB<\/td>\n<\/tr>\n<tr>\n<td>400 Hz<\/td>\n<td>22 dB<\/td>\n<td>4000 Hz<\/td>\n<td>52 dB<\/td>\n<\/tr>\n<tr>\n<td>500 Hz<\/td>\n<td>26 dB<\/td>\n<td>5000 Hz<\/td>\n<td>56 dB<\/td>\n<\/tr>\n<\/tbody>\n<\/table>\n<p>[\/vc_column_text][\/vc_column][\/vc_row]<\/p>\n<\/div>","protected":false},"excerpt":{"rendered":"<p>[vc_row][vc_column][vc_images_carousel images=\u00a0\u00bb1644,3178,3179&Prime; img_size=\u00a0\u00bbfull\u00a0\u00bb onclick=\u00a0\u00bblink_no\u00a0\u00bb wrap=\u00a0\u00bbyes\u00a0\u00bb el_class=\u00a0\u00bbproducts_carousel\u00a0\u00bb][\/vc_column][\/vc_row][vc_row][vc_column][vc_single_image image=\u00a0\u00bb3177&Prime; img_size=\u00a0\u00bbfull\u00a0\u00bb alignment=\u00a0\u00bbcenter\u00a0\u00bb][vc_column_text el_class=\u00a0\u00bbp_subtitle\u00a0\u00bb]Les couvertures acoustiques industrielles Quiet World STC-27 d&rsquo;Environmental Noise Control sont fabriqu\u00e9es \u00e0 l&rsquo;aide de mat\u00e9riaux composites acoustiques de pointe avec une conception technique.[\/vc_column_text][vc_column_text] Les couvertures de barri\u00e8re acoustique industrielle Quiet World STC-27 d&rsquo;ENC sont con\u00e7ues pour offrir un contr\u00f4le sonore optimal en bloquant et en [&hellip;]<\/p>\n","protected":false},"author":15,"featured_media":0,"parent":0,"menu_order":5,"comment_status":"closed","ping_status":"closed","template":"page-right-sidebar.php","meta":{"_acf_changed":false,"_monsterinsights_skip_tracking":false,"_monsterinsights_sitenote_active":false,"_monsterinsights_sitenote_note":"","_monsterinsights_sitenote_category":0,"_uf_show_specific_survey":0,"_uf_disable_surveys":false,"footnotes":""},"tags":[112,114,113,115,117,119,122,124,126,121,116,118,127,123,125,128],"class_list":["post-3176","page","type-page","status-publish","hentry","tag-commercial","tag-construction","tag-controle-du-bruit-commercial","tag-controle-du-bruit-de-construction","tag-controle-du-bruit-environnemental","tag-controle-du-bruit-industriel","tag-controle-du-bruit-pour-le-divertissement","tag-controle-du-bruit-pour-le-petrole-et-le-gaz","tag-convoyeur","tag-divertissement","tag-environnemental","tag-industriel","tag-installation","tag-petrole-et-gaz","tag-transport","tag-usine"],"acf":[],"aioseo_notices":[],"_links":{"self":[{"href":"https:\/\/environmental-noise-control.ca\/fr\/wp-json\/wp\/v2\/pages\/3176","targetHints":{"allow":["GET"]}}],"collection":[{"href":"https:\/\/environmental-noise-control.ca\/fr\/wp-json\/wp\/v2\/pages"}],"about":[{"href":"https:\/\/environmental-noise-control.ca\/fr\/wp-json\/wp\/v2\/types\/page"}],"author":[{"embeddable":true,"href":"https:\/\/environmental-noise-control.ca\/fr\/wp-json\/wp\/v2\/users\/15"}],"replies":[{"embeddable":true,"href":"https:\/\/environmental-noise-control.ca\/fr\/wp-json\/wp\/v2\/comments?post=3176"}],"version-history":[{"count":8,"href":"https:\/\/environmental-noise-control.ca\/fr\/wp-json\/wp\/v2\/pages\/3176\/revisions"}],"predecessor-version":[{"id":4295,"href":"https:\/\/environmental-noise-control.ca\/fr\/wp-json\/wp\/v2\/pages\/3176\/revisions\/4295"}],"wp:attachment":[{"href":"https:\/\/environmental-noise-control.ca\/fr\/wp-json\/wp\/v2\/media?parent=3176"}],"wp:term":[{"taxonomy":"post_tag","embeddable":true,"href":"https:\/\/environmental-noise-control.ca\/fr\/wp-json\/wp\/v2\/tags?post=3176"}],"curies":[{"name":"wp","href":"https:\/\/api.w.org\/{rel}","templated":true}]}}