{"id":3187,"date":"2026-03-05T11:40:36","date_gmt":"2026-03-05T16:40:36","guid":{"rendered":"https:\/\/behre0015.sierradevops.com\/projet-de-forage-directionnel-horizontal\/"},"modified":"2026-04-16T14:26:18","modified_gmt":"2026-04-16T18:26:18","slug":"projet-de-forage-directionnel-horizontal","status":"publish","type":"page","link":"https:\/\/environmental-noise-control.ca\/fr\/projets\/projet-de-forage-directionnel-horizontal\/","title":{"rendered":"Projet de forage directionnel horizontal"},"content":{"rendered":"<div class=\"wpb-content-wrapper\"><p>[vc_row el_class=\u00a0\u00bbprojects_bunner_slider\u00a0\u00bb][vc_column offset=\u00a0\u00bbvc_hidden-sm vc_hidden-xs\u00a0\u00bb][vc_images_carousel images=\u00a0\u00bb3856,3857&Prime; img_size=\u00a0\u00bb1920&#215;625&Prime; onclick=\u00a0\u00bblink_no\u00a0\u00bb wrap=\u00a0\u00bbyes\u00a0\u00bb css=\u00a0\u00bb\u00a0\u00bb][vc_column_text css=\u00a0\u00bb\u00a0\u00bb el_class=\u00a0\u00bbcontainer carousel_title\u00a0\u00bb]<\/p>\n<h4>\u00c9tude de cas<\/h4>\n<h1>Projet de forage directionnel horizontal<\/h1>\n<p>Client : TMEP (Trans Mountain Expansion Project)<br \/>\nLieu : Edmonton, Alberta<br \/>\nProjet : Forage directionnel horizontal (FDH)<br \/>\nSolution : mur \u00e0 poutres de 32 pi[\/vc_column_text][\/vc_column][\/vc_row][vc_row el_class=\u00a0\u00bbprojects_bunner_slider\u00a0\u00bb][vc_column offset=\u00a0\u00bbvc_hidden-lg vc_hidden-md\u00a0\u00bb][vc_images_carousel images=\u00a0\u00bb3856,3857&Prime; img_size=\u00a0\u00bbfull\u00a0\u00bb onclick=\u00a0\u00bblink_no\u00a0\u00bb wrap=\u00a0\u00bbyes\u00a0\u00bb css=\u00a0\u00bb\u00a0\u00bb][vc_column_text css=\u00a0\u00bb\u00a0\u00bb el_class=\u00a0\u00bbcontainer carousel_title\u00a0\u00bb]<\/p>\n<h4>\u00c9tude de cas<\/h4>\n<h1>Projet de forage directionnel horizontal<\/h1>\n<p>Client : TMEP (Trans Mountain Expansion Project)<br \/>\nLieu : Edmonton, Alberta<br \/>\nProjet : Forage directionnel horizontal (FDH)<br \/>\nSolution : mur \u00e0 poutres de 32 pi[\/vc_column_text][\/vc_column][\/vc_row][vc_row el_class=\u00a0\u00bbcontainer_project\u00a0\u00bb][vc_column width=\u00a0\u00bb1\/2&Prime;][vc_column_text css=\u00a0\u00bb\u00a0\u00bb el_class=\u00a0\u00bbul_type1&Prime;]<\/p>\n<ul>\n<li>\n<h3>Att\u00e9nuation du bruit pour le projet HDD de TMEP en bref<\/h3>\n<\/li>\n<li>Environmental Noise Control, Inc. s\u2019est associ\u00e9 aux consultants acoustiques de RWDI pour d\u00e9velopper un syst\u00e8me de mur \u00e0 poutres de 32 pi pour le projet HDD de TMEP \u00e0 Edmonton, Alberta.<\/li>\n<li>La barri\u00e8re de grande hauteur a offert une r\u00e9duction du bruit sup\u00e9rieure pour les zones r\u00e9sidentielles avoisinantes.<\/li>\n<li>La conception robuste a assur\u00e9 la stabilit\u00e9 dans des conditions m\u00e9t\u00e9orologiques variables.<\/li>\n<li>Un syst\u00e8me de montage flexible a permis un repositionnement facile au fur et \u00e0 mesure des d\u00e9placements de l\u2019\u00e9quipement.<\/li>\n<li>La solution d\u2019ENC a aid\u00e9 TMEP \u00e0 rester conforme \u00e0 la r\u00e9glementation, \u00e0 minimiser les perturbations pour la communaut\u00e9 et \u00e0 maintenir des relations positives avec les r\u00e9sidents.<\/li>\n<\/ul>\n<p>[\/vc_column_text][\/vc_column][vc_column width=\u00a0\u00bb1\/2&Prime;][vc_column_text css=\u00a0\u00bb\u00a0\u00bb]<\/p>\n<h2><b>Le d\u00e9fi<\/b><\/h2>\n<p><a href=\"https:\/\/www.transmountain.com\/past-project-tmep\">Le Trans Mountain Expansion Project<\/a> a fait face \u00e0 deux principaux d\u00e9fis lors des op\u00e9rations de forage directionnel horizontal \u00e0 Edmonton, Alberta :<\/p>\n<ul>\n<li aria-level=\"1\">La proximit\u00e9 des quartiers r\u00e9sidentiels n\u00e9cessitait des niveaux suppl\u00e9mentaires d\u2019att\u00e9nuation sonore<\/li>\n<li aria-level=\"1\">Les d\u00e9placements fr\u00e9quents de l\u2019\u00e9quipement n\u00e9cessitaient des barri\u00e8res antibruit mobiles<\/li>\n<\/ul>\n<p>Ces d\u00e9fis \u00e9taient particuli\u00e8rement critiques, puisque le projet \u00e9tait assujetti \u00e0 156 conditions appliqu\u00e9es par la R\u00e9gie de l\u2019\u00e9nergie du Canada.<\/p>\n<h2><b>La solution<\/b><\/h2>\n<p>Environmental Noise Control (ENC) a collabor\u00e9 avec les consultants acoustiques de RWDI pour concevoir et mettre en \u0153uvre un syst\u00e8me de mur \u00e0 poutres haute performance de 32 pi.<\/p>\n<ul>\n<li aria-level=\"1\">La conception de barri\u00e8re de grande hauteur a offert une att\u00e9nuation du bruit sup\u00e9rieure pour les r\u00e9sidences avoisinantes<\/li>\n<li aria-level=\"1\">Construction robuste adapt\u00e9e \u00e0 des conditions m\u00e9t\u00e9orologiques variables<\/li>\n<li aria-level=\"1\">Le syst\u00e8me de montage s\u2019adaptait aux d\u00e9placements fr\u00e9quents de l\u2019\u00e9quipement<\/li>\n<li aria-level=\"1\">Configuration de la barri\u00e8re optimis\u00e9e \u00e0 partir de la mod\u00e9lisation acoustique<\/li>\n<\/ul>\n<h2><b>Les r\u00e9sultats<\/b><\/h2>\n<p>La mise en \u0153uvre du syst\u00e8me de mur \u00e0 poutres de 32 pi d\u2019ENC a donn\u00e9 des r\u00e9sultats exceptionnels pour le projet TMEP :<\/p>\n<ol>\n<li><b>R\u00e9duction du bruit sup\u00e9rieure<\/b> : Les barri\u00e8res de grande hauteur ont assur\u00e9 un contr\u00f4le du bruit complet, r\u00e9duisant consid\u00e9rablement les niveaux sonores aux r\u00e9sidences avoisinantes malgr\u00e9 l\u2019intensit\u00e9 des op\u00e9rations de forage.<\/li>\n<li><b>Adaptabilit\u00e9 aux d\u00e9placements de l\u2019\u00e9quipement : <\/b>Malgr\u00e9 la n\u00e9cessit\u00e9 de d\u00e9placer fr\u00e9quemment l\u2019\u00e9quipement, le syst\u00e8me de mur \u00e0 poutres pouvait \u00eatre reconfigur\u00e9 au besoin tout en maintenant un contr\u00f4le du bruit efficace pendant toute la dur\u00e9e du projet.<\/li>\n<li><b>Relation positive avec la communaut\u00e9<\/b> : Le contr\u00f4le efficace du bruit a contribu\u00e9 \u00e0 maintenir des relations positives avec les r\u00e9sidents avoisinants tout au long de la p\u00e9riode de construction.<\/li>\n<\/ol>\n<h2><b>Collaborez avec ENC pour l\u2019att\u00e9nuation du bruit <\/b><\/h2>\n<p>Le projet TMEP d\u00e9montre la capacit\u00e9 d\u2019Environmental Noise Control \u00e0 fournir des solutions d\u2019att\u00e9nuation du bruit haute performance pour des projets exigeants. Besoin de consulter un expert ? Communiquez avec nous pour des recommandations sur mesure.[\/vc_column_text][\/vc_column][\/vc_row][vc_row][vc_column][vc_cta h2=\u00a0\u00bbEn savoir plus sur les produits et services d&apos;ENC\u00a0\u00bb h2_font_container=\u00a0\u00bbtag:h2|font_size:22|text_align:center|color:%23FFFFFF\u00a0\u00bb h2_use_theme_fonts=\u00a0\u00bbyes\u00a0\u00bb txt_align=\u00a0\u00bbcenter\u00a0\u00bb el_width=\u00a0\u00bbxl\u00a0\u00bb add_button=\u00a0\u00bbbottom\u00a0\u00bb btn_title=\u00a0\u00bbExplorer les solutions acoustiques\u00a0\u00bb btn_style=\u00a0\u00bbcustom\u00a0\u00bb btn_custom_background=\u00a0\u00bb#1698a8&Prime; btn_custom_text=\u00a0\u00bb#ffffff\u00a0\u00bb btn_align=\u00a0\u00bbcenter\u00a0\u00bb btn_i_icon_fontawesome=\u00a0\u00bbfa fa-solid fa-arrow-right\u00a0\u00bb css=\u00a0\u00bb.vc_custom_1776363842566{padding-top: 30px !important;padding-right: 20px !important;}\u00a0\u00bb use_custom_fonts_h2=\u00a0\u00bbtrue\u00a0\u00bb btn_add_icon=\u00a0\u00bbtrue\u00a0\u00bb btn_link=\u00a0\u00bburl:https%3A%2F%2Fenvironmental-noise-control.ca%2Ffr%2Fproduits%2F|title:Products|target:_blank|\u00a0\u00bb][\/vc_cta][\/vc_column][\/vc_row]<\/p>\n<\/div>","protected":false},"excerpt":{"rendered":"<p>[vc_row el_class=\u00a0\u00bbprojects_bunner_slider\u00a0\u00bb][vc_column offset=\u00a0\u00bbvc_hidden-sm vc_hidden-xs\u00a0\u00bb][vc_images_carousel images=\u00a0\u00bb3856,3857&Prime; img_size=\u00a0\u00bb1920&#215;625&Prime; onclick=\u00a0\u00bblink_no\u00a0\u00bb wrap=\u00a0\u00bbyes\u00a0\u00bb css=\u00a0\u00bb\u00a0\u00bb][vc_column_text css=\u00a0\u00bb\u00a0\u00bb el_class=\u00a0\u00bbcontainer carousel_title\u00a0\u00bb] \u00c9tude de cas Projet de forage directionnel horizontal Client : TMEP (Trans Mountain Expansion Project) Lieu : Edmonton, Alberta Projet : Forage directionnel horizontal (FDH) Solution : mur \u00e0 poutres de 32 pi[\/vc_column_text][\/vc_column][\/vc_row][vc_row el_class=\u00a0\u00bbprojects_bunner_slider\u00a0\u00bb][vc_column offset=\u00a0\u00bbvc_hidden-lg vc_hidden-md\u00a0\u00bb][vc_images_carousel images=\u00a0\u00bb3856,3857&Prime; img_size=\u00a0\u00bbfull\u00a0\u00bb onclick=\u00a0\u00bblink_no\u00a0\u00bb wrap=\u00a0\u00bbyes\u00a0\u00bb css=\u00a0\u00bb\u00a0\u00bb][vc_column_text css=\u00a0\u00bb\u00a0\u00bb el_class=\u00a0\u00bbcontainer [&hellip;]<\/p>\n","protected":false},"author":15,"featured_media":3856,"parent":3401,"menu_order":0,"comment_status":"closed","ping_status":"closed","template":"page-project-details.php","meta":{"_acf_changed":false,"_monsterinsights_skip_tracking":false,"_monsterinsights_sitenote_active":false,"_monsterinsights_sitenote_note":"","_monsterinsights_sitenote_category":0,"_uf_show_specific_survey":0,"_uf_disable_surveys":false,"footnotes":""},"tags":[112,113,114,115,116,117,120,118,119],"class_list":["post-3187","page","type-page","status-publish","has-post-thumbnail","hentry","tag-commercial","tag-controle-du-bruit-commercial","tag-construction","tag-controle-du-bruit-de-construction","tag-environnemental","tag-controle-du-bruit-environnemental","tag-home-slider","tag-industriel","tag-controle-du-bruit-industriel"],"acf":[],"aioseo_notices":[],"_links":{"self":[{"href":"https:\/\/environmental-noise-control.ca\/fr\/wp-json\/wp\/v2\/pages\/3187","targetHints":{"allow":["GET"]}}],"collection":[{"href":"https:\/\/environmental-noise-control.ca\/fr\/wp-json\/wp\/v2\/pages"}],"about":[{"href":"https:\/\/environmental-noise-control.ca\/fr\/wp-json\/wp\/v2\/types\/page"}],"author":[{"embeddable":true,"href":"https:\/\/environmental-noise-control.ca\/fr\/wp-json\/wp\/v2\/users\/15"}],"replies":[{"embeddable":true,"href":"https:\/\/environmental-noise-control.ca\/fr\/wp-json\/wp\/v2\/comments?post=3187"}],"version-history":[{"count":42,"href":"https:\/\/environmental-noise-control.ca\/fr\/wp-json\/wp\/v2\/pages\/3187\/revisions"}],"predecessor-version":[{"id":4693,"href":"https:\/\/environmental-noise-control.ca\/fr\/wp-json\/wp\/v2\/pages\/3187\/revisions\/4693"}],"up":[{"embeddable":true,"href":"https:\/\/environmental-noise-control.ca\/fr\/wp-json\/wp\/v2\/pages\/3401"}],"wp:featuredmedia":[{"embeddable":true,"href":"https:\/\/environmental-noise-control.ca\/fr\/wp-json\/wp\/v2\/media\/3856"}],"wp:attachment":[{"href":"https:\/\/environmental-noise-control.ca\/fr\/wp-json\/wp\/v2\/media?parent=3187"}],"wp:term":[{"taxonomy":"post_tag","embeddable":true,"href":"https:\/\/environmental-noise-control.ca\/fr\/wp-json\/wp\/v2\/tags?post=3187"}],"curies":[{"name":"wp","href":"https:\/\/api.w.org\/{rel}","templated":true}]}}