{"id":3191,"date":"2016-12-08T23:30:57","date_gmt":"2016-12-09T04:30:57","guid":{"rendered":"https:\/\/behre0015.sierradevops.com\/murs-antibruit-temporaires\/"},"modified":"2026-04-16T14:55:00","modified_gmt":"2026-04-16T18:55:00","slug":"murs-antibruit-temporaires","status":"publish","type":"page","link":"https:\/\/environmental-noise-control.ca\/fr\/produits\/murs-antibruit-temporaires\/","title":{"rendered":"Murs antibruit temporaires"},"content":{"rendered":"<div class=\"wpb-content-wrapper\"><p>[vc_row full_width=\u00a0\u00bbstretch_row_content_no_spaces\u00a0\u00bb css=\u00a0\u00bb.vc_custom_1776365129502{margin-right: 0px !important;margin-bottom: 40px !important;margin-left: 0px !important;padding-top: 50px !important;padding-bottom: 50px !important;background-color: #1698A8 !important;}\u00a0\u00bb][vc_column width=\u00a0\u00bb5\/6&Prime; offset=\u00a0\u00bbvc_col-lg-offset-1&Prime; css=\u00a0\u00bb.vc_custom_1776365150535{padding-right: 40px !important;}\u00a0\u00bb][vc_column_text css=\u00a0\u00bb.vc_custom_1773166108164{margin-bottom: 30px !important;padding-top: 5px !important;padding-bottom: 15px !important;padding-left: 20px !important;background-color: #0D6D7957 !important;border-radius: 5px !important;}\u00a0\u00bb el_class=\u00a0\u00bbprod_bread\u00a0\u00bb]<\/p>\n<h4><span style=\"color: #ffffff;\"><a href=\"https:\/\/environmental-noise-control.ca\/fr\/produits\/\">Produits<\/a> \/ <a href=\"https:\/\/environmental-noise-control.ca\/fr\/produits\/murs-antibruit-temporaires\/\">Murs antibruit temporaires<\/a><\/span><\/h4>\n<p>[\/vc_column_text][vc_column_text css=\u00a0\u00bb.vc_custom_1773166035528{margin-bottom: -20px !important;}\u00a0\u00bb]<\/p>\n<div class=\"wpb_text_column wpb_content_element\">\n<div class=\"wpb_wrapper\">\n<h1>Murs antibruit temporaires<\/h1>\n<\/div>\n<\/div>\n<p>[\/vc_column_text][vc_column_text css=\u00a0\u00bb.vc_custom_1773166052552{margin-bottom: -20px !important;}\u00a0\u00bb]<\/p>\n<div class=\"wpb_text_column wpb_content_element\">\n<div class=\"wpb_wrapper\">\n<p><span style=\"color: #ffffff; font-size: 19px; font-weight: lighter;\">Environmental Noise Control offre des murs antibruit temporaires modulaires de diff\u00e9rentes hauteurs, fabriqu\u00e9s avec notre mat\u00e9riau exclusif et con\u00e7us pour r\u00e9pondre \u00e0 vos besoins.<\/span><\/div>\n<\/div>\n<p>[\/vc_column_text][\/vc_column][\/vc_row][vc_row][vc_column width=\u00a0\u00bb2\/3&Prime; css=\u00a0\u00bb.vc_custom_1776365595116{border-right-width: 1px !important;padding-right: 50px !important;border-right-style: solid !important;border-color: #DCDCDC !important;}\u00a0\u00bb offset=\u00a0\u00bbvc_hidden-lg vc_hidden-md\u00a0\u00bb][vc_images_carousel images=\u00a0\u00bb3143,3145,3147,3149&Prime; img_size=\u00a0\u00bbfull\u00a0\u00bb onclick=\u00a0\u00bblink_no\u00a0\u00bb wrap=\u00a0\u00bbyes\u00a0\u00bb el_class=\u00a0\u00bbproducts_carousel\u00a0\u00bb][vc_column_text css=\u00a0\u00bb\u00a0\u00bb el_class=\u00a0\u00bbp_subtitle\u00a0\u00bb]Environmental Noise Control, Inc. offre des murs antibruit temporaires modulaires de diff\u00e9rentes hauteurs con\u00e7us pour r\u00e9pondre \u00e0 vos besoins sp\u00e9cifiques.[\/vc_column_text][vc_column_text css=\u00a0\u00bb\u00a0\u00bb]Les murs antibruit temporaires d&rsquo;ENC sont disponibles en STC-25 et STC-32 avec rev\u00eatements NRC.<\/p>\n<p><em>Forfaits d&rsquo;ing\u00e9nierie\/calculs disponibles.<\/em><\/p>\n<p>Nos murs antibruit temporaires sont efficaces pour la r\u00e9duction du bruit et respectent des normes de s\u00e9curit\u00e9 rigoureuses, car ils sont fabriqu\u00e9s avec des mat\u00e9riaux ignifuges certifi\u00e9s.[\/vc_column_text][vc_separator][vc_column_text]<\/p>\n<h3 style=\"text-align: center;\">\u00c0 propos des murs antibruit temporaires d&rsquo;ENC<\/h3>\n<p>[\/vc_column_text][vc_column_text css=\u00a0\u00bb\u00a0\u00bb el_class=\u00a0\u00bbul_type1&Prime;]<\/p>\n<ul>\n<li>\n<h3>Sp\u00e9cifications<\/h3>\n<\/li>\n<li>Indice de transmission du son class\u00e9 STC-25 et STC-32 conform\u00e9ment \u00e0 la norme ASTM E-413<\/li>\n<li>Con\u00e7ue pour r\u00e9pondre aux exigences de charge au vent UBC\/IBC<\/li>\n<li>Ignifuge conform\u00e9ment aux sp\u00e9cifications f-419.01 du California Fire Marshall\n<ul>\n<li>Longueur de carbonisation : 3,5 ; post-combustion : 2 secondes<\/li>\n<\/ul>\n<\/li>\n<li>Temp\u00e9rature de fonctionnement : -40 \u00b0C \u00e0 93,3 \u00b0C<\/li>\n<li>Enveloppe ext\u00e9rieure en polychlorure de vinyle (PVC) r\u00e9sistante \u00e0 l\u2019huile et aux UV, sans fibres, antifongique et auto-s\u00e9chante, avec barri\u00e8re septum du noyau interne sp\u00e9cialement d\u00e9velopp\u00e9e<\/li>\n<\/ul>\n<p>[\/vc_column_text][vc_column_text el_class=\u00a0\u00bbtable_h3&Prime;]<\/p>\n<h3>Perte de transmission sonore STC-25 (dB)<\/h3>\n<p>[\/vc_column_text][vc_column_text css=\u00a0\u00bb\u00a0\u00bb]<\/p>\n<table style=\"height: 329px;\" width=\"59\">\n<tbody>\n<tr>\n<th>Fr\u00e9quence centrale de bande d\u2019octave (%)<\/th>\n<th>Perte de transmission STC-25<\/th>\n<th>Fr\u00e9quence centrale de bande d\u2019octave (%)<\/th>\n<th>Perte de transmission STC-25<\/th>\n<\/tr>\n<tr>\n<td>63 Hz<\/td>\n<td>8 dB<\/td>\n<td>630 Hz<\/td>\n<td>33 dB<\/td>\n<\/tr>\n<tr>\n<td>80 Hz<\/td>\n<td>10 dB<\/td>\n<td>800 Hz<\/td>\n<td>36 dB<\/td>\n<\/tr>\n<tr>\n<td>100 Hz<\/td>\n<td>11 dB<\/td>\n<td>1000 Hz<\/td>\n<td>39 dB<\/td>\n<\/tr>\n<tr>\n<td>125 Hz<\/td>\n<td>10 dB<\/td>\n<td>1250 Hz<\/td>\n<td>41 dB<\/td>\n<\/tr>\n<tr>\n<td>160 Hz<\/td>\n<td>7 dB<\/td>\n<td>1600 Hz<\/td>\n<td>41 dB<\/td>\n<\/tr>\n<tr>\n<td>200 Hz<\/td>\n<td>7 dB<\/td>\n<td>2000 Hz<\/td>\n<td>40 dB<\/td>\n<\/tr>\n<tr>\n<td>250 Hz<\/td>\n<td>11 dB<\/td>\n<td>2500 Hz<\/td>\n<td>41 dB<\/td>\n<\/tr>\n<tr>\n<td>315 Hz<\/td>\n<td>17 dB<\/td>\n<td>3150 Hz<\/td>\n<td>44 dB<\/td>\n<\/tr>\n<tr>\n<td>400 Hz<\/td>\n<td>23 dB<\/td>\n<td>4000 Hz<\/td>\n<td>46 dB<\/td>\n<\/tr>\n<tr>\n<td>500 Hz<\/td>\n<td>28 dB<\/td>\n<td>5000 Hz<\/td>\n<td>50 dB<\/td>\n<\/tr>\n<\/tbody>\n<\/table>\n<p>[\/vc_column_text][vc_column_text el_class=\u00a0\u00bbtable_h3&Prime;]<\/p>\n<h3>Perte de transmission sonore STC-32 (dB)<\/h3>\n<p>[\/vc_column_text][vc_column_text css=\u00a0\u00bb\u00a0\u00bb]<\/p>\n<table style=\"height: 317px;\" width=\"100\">\n<tbody>\n<tr>\n<th>% Fr\u00e9quence centrale de bande d\u2019octave<\/th>\n<th>Perte de transmission STC-32<\/th>\n<th>% Fr\u00e9quence centrale de bande d\u2019octave<\/th>\n<th>Perte de transmission STC-32<\/th>\n<\/tr>\n<tr>\n<td>63 Hz<\/td>\n<td>16 dB<\/td>\n<td>630 Hz<\/td>\n<td>34 dB<\/td>\n<\/tr>\n<tr>\n<td>80 Hz<\/td>\n<td>20 dB<\/td>\n<td>800 Hz<\/td>\n<td>35 dB<\/td>\n<\/tr>\n<tr>\n<td>100 Hz<\/td>\n<td>18 dB<\/td>\n<td>1000 Hz<\/td>\n<td>35 dB<\/td>\n<\/tr>\n<tr>\n<td>125 Hz<\/td>\n<td>16 dB<\/td>\n<td>1250 Hz<\/td>\n<td>36 dB<\/td>\n<\/tr>\n<tr>\n<td>160 Hz<\/td>\n<td>16 dB<\/td>\n<td>1600 Hz<\/td>\n<td>36 dB<\/td>\n<\/tr>\n<tr>\n<td>200 Hz<\/td>\n<td>17 dB<\/td>\n<td>2000 Hz<\/td>\n<td>36 dB<\/td>\n<\/tr>\n<tr>\n<td>250 Hz<\/td>\n<td>19 dB<\/td>\n<td>2500 Hz<\/td>\n<td>37 dB<\/td>\n<\/tr>\n<tr>\n<td>315 Hz<\/td>\n<td>23 dB<\/td>\n<td>3150 Hz<\/td>\n<td>39 dB<\/td>\n<\/tr>\n<tr>\n<td>400 Hz<\/td>\n<td>26 dB<\/td>\n<td>4000 Hz<\/td>\n<td>40 dB<\/td>\n<\/tr>\n<tr>\n<td>500 Hz<\/td>\n<td>32 dB<\/td>\n<td>5000 Hz<\/td>\n<td>43 dB<\/td>\n<\/tr>\n<\/tbody>\n<\/table>\n<p>[\/vc_column_text][\/vc_column][\/vc_row][vc_row][vc_column width=\u00a0\u00bb2\/3&Prime; css=\u00a0\u00bb.vc_custom_1776365581296{border-right-width: 1px !important;padding-right: 50px !important;border-right-style: solid !important;border-color: #DCDCDC !important;}\u00a0\u00bb offset=\u00a0\u00bbvc_hidden-sm vc_hidden-xs\u00a0\u00bb][vc_images_carousel images=\u00a0\u00bb3143,3145,3147,3149&Prime; img_size=\u00a0\u00bbfull\u00a0\u00bb onclick=\u00a0\u00bblink_no\u00a0\u00bb wrap=\u00a0\u00bbyes\u00a0\u00bb el_class=\u00a0\u00bbproducts_carousel\u00a0\u00bb][vc_column_text css=\u00a0\u00bb\u00a0\u00bb el_class=\u00a0\u00bbp_subtitle\u00a0\u00bb]Environmental Noise Control, Inc. offre des murs antibruit temporaires modulaires de diff\u00e9rentes hauteurs con\u00e7us pour r\u00e9pondre \u00e0 vos besoins sp\u00e9cifiques.[\/vc_column_text][vc_column_text css=\u00a0\u00bb\u00a0\u00bb]Les murs antibruit temporaires d&rsquo;ENC sont disponibles en STC-25 et STC-32 avec rev\u00eatements NRC.<\/p>\n<p><em>Forfaits d&rsquo;ing\u00e9nierie\/calculs disponibles.<\/em><\/p>\n<p>Nos murs antibruit temporaires sont efficaces pour la r\u00e9duction du bruit et respectent des normes de s\u00e9curit\u00e9 rigoureuses, car ils sont fabriqu\u00e9s avec des mat\u00e9riaux ignifuges certifi\u00e9s.[\/vc_column_text][vc_separator][vc_column_text]<\/p>\n<h3 style=\"text-align: center;\">\u00c0 propos des murs antibruit temporaires d&rsquo;ENC<\/h3>\n<p>[\/vc_column_text][vc_column_text css=\u00a0\u00bb\u00a0\u00bb el_class=\u00a0\u00bbul_type1&Prime;]<\/p>\n<ul>\n<li>\n<h3>Sp\u00e9cifications<\/h3>\n<\/li>\n<li>Indice de transmission du son class\u00e9 STC-25 et STC-32 conform\u00e9ment \u00e0 la norme ASTM E-413<\/li>\n<li>Con\u00e7ue pour r\u00e9pondre aux exigences de charge au vent UBC\/IBC<\/li>\n<li>Ignifuge conform\u00e9ment aux sp\u00e9cifications f-419.01 du California Fire Marshall\n<ul>\n<li>Longueur de carbonisation : 3,5 ; post-combustion : 2 secondes<\/li>\n<\/ul>\n<\/li>\n<li>Temp\u00e9rature de fonctionnement : -40 \u00b0C \u00e0 93,3 \u00b0C<\/li>\n<li>Enveloppe ext\u00e9rieure en polychlorure de vinyle (PVC) r\u00e9sistante \u00e0 l\u2019huile et aux UV, sans fibres, antifongique et auto-s\u00e9chante, avec barri\u00e8re septum du noyau interne sp\u00e9cialement d\u00e9velopp\u00e9e<\/li>\n<\/ul>\n<p>[\/vc_column_text][vc_column_text el_class=\u00a0\u00bbtable_h3&Prime;]<\/p>\n<h3>Perte de transmission sonore STC-25 (dB)<\/h3>\n<p>[\/vc_column_text][vc_column_text css=\u00a0\u00bb\u00a0\u00bb]<\/p>\n<table>\n<tbody>\n<tr>\n<th>Fr\u00e9quence centrale de bande d\u2019octave (%)<\/th>\n<th>Perte de transmission STC-25<\/th>\n<th>Fr\u00e9quence centrale de bande d\u2019octave (%)<\/th>\n<th>Perte de transmission STC-25<\/th>\n<\/tr>\n<tr>\n<td>63 Hz<\/td>\n<td>8 dB<\/td>\n<td>630 Hz<\/td>\n<td>33 dB<\/td>\n<\/tr>\n<tr>\n<td>80 Hz<\/td>\n<td>10 dB<\/td>\n<td>800 Hz<\/td>\n<td>36 dB<\/td>\n<\/tr>\n<tr>\n<td>100 Hz<\/td>\n<td>11 dB<\/td>\n<td>1000 Hz<\/td>\n<td>39 dB<\/td>\n<\/tr>\n<tr>\n<td>125 Hz<\/td>\n<td>10 dB<\/td>\n<td>1250 Hz<\/td>\n<td>41 dB<\/td>\n<\/tr>\n<tr>\n<td>160 Hz<\/td>\n<td>7 dB<\/td>\n<td>1600 Hz<\/td>\n<td>41 dB<\/td>\n<\/tr>\n<tr>\n<td>200 Hz<\/td>\n<td>7 dB<\/td>\n<td>2000 Hz<\/td>\n<td>40 dB<\/td>\n<\/tr>\n<tr>\n<td>250 Hz<\/td>\n<td>11 dB<\/td>\n<td>2500 Hz<\/td>\n<td>41 dB<\/td>\n<\/tr>\n<tr>\n<td>315 Hz<\/td>\n<td>17 dB<\/td>\n<td>3150 Hz<\/td>\n<td>44 dB<\/td>\n<\/tr>\n<tr>\n<td>400 Hz<\/td>\n<td>23 dB<\/td>\n<td>4000 Hz<\/td>\n<td>46 dB<\/td>\n<\/tr>\n<tr>\n<td>500 Hz<\/td>\n<td>28 dB<\/td>\n<td>5000 Hz<\/td>\n<td>50 dB<\/td>\n<\/tr>\n<\/tbody>\n<\/table>\n<p>[\/vc_column_text][vc_column_text el_class=\u00a0\u00bbtable_h3&Prime;]<\/p>\n<h3>Perte de transmission sonore STC-32 (dB)<\/h3>\n<p>[\/vc_column_text][vc_column_text]<\/p>\n<table>\n<tbody>\n<tr>\n<th>% Fr\u00e9quence centrale de bande d\u2019octave<\/th>\n<th>Perte de transmission STC-32<\/th>\n<th>% Fr\u00e9quence centrale de bande d\u2019octave<\/th>\n<th>Perte de transmission STC-32<\/th>\n<\/tr>\n<tr>\n<td>63 Hz<\/td>\n<td>16 dB<\/td>\n<td>630 Hz<\/td>\n<td>34 dB<\/td>\n<\/tr>\n<tr>\n<td>80 Hz<\/td>\n<td>20 dB<\/td>\n<td>800 Hz<\/td>\n<td>35 dB<\/td>\n<\/tr>\n<tr>\n<td>100 Hz<\/td>\n<td>18 dB<\/td>\n<td>1000 Hz<\/td>\n<td>35 dB<\/td>\n<\/tr>\n<tr>\n<td>125 Hz<\/td>\n<td>16 dB<\/td>\n<td>1250 Hz<\/td>\n<td>36 dB<\/td>\n<\/tr>\n<tr>\n<td>160 Hz<\/td>\n<td>16 dB<\/td>\n<td>1600 Hz<\/td>\n<td>36 dB<\/td>\n<\/tr>\n<tr>\n<td>200 Hz<\/td>\n<td>17 dB<\/td>\n<td>2000 Hz<\/td>\n<td>36 dB<\/td>\n<\/tr>\n<tr>\n<td>250 Hz<\/td>\n<td>19 dB<\/td>\n<td>2500 Hz<\/td>\n<td>37 dB<\/td>\n<\/tr>\n<tr>\n<td>315 Hz<\/td>\n<td>23 dB<\/td>\n<td>3150 Hz<\/td>\n<td>39 dB<\/td>\n<\/tr>\n<tr>\n<td>400 Hz<\/td>\n<td>26 dB<\/td>\n<td>4000 Hz<\/td>\n<td>40 dB<\/td>\n<\/tr>\n<tr>\n<td>500 Hz<\/td>\n<td>32 dB<\/td>\n<td>5000 Hz<\/td>\n<td>43 dB<\/td>\n<\/tr>\n<\/tbody>\n<\/table>\n<p>[\/vc_column_text][\/vc_column][vc_column width=\u00a0\u00bb1\/3&Prime; css=\u00a0\u00bb.vc_custom_1773165645375{padding-left: 50px !important;}\u00a0\u00bb][vc_column_text css=\u00a0\u00bb.vc_custom_1773165613246{margin-top: -45px !important;margin-left: -40px !important;padding-top: 0px !important;}\u00a0\u00bb el_class=\u00a0\u00bbul_type1_2&Prime;]<\/p>\n<ul>\n<li>\n<h3>Fonctionnalit\u00e9s cl\u00e9s<\/h3>\n<\/li>\n<li>Syst\u00e8me de contr\u00f4le du bruit pour diverses utilisations<\/li>\n<li>Hauteurs allant de 6 \u00e0 40 pieds (1,8 \u00e0 12,2 m\u00e8tres)<\/li>\n<li>Conception modulaire pour enfermer la source de bruit<\/li>\n<\/ul>\n<p>[\/vc_column_text][vc_column_text css=\u00a0\u00bb.vc_custom_1773165892826{margin-right: 40px !important;margin-left: 0px !important;padding-top: 25px !important;padding-right: 0px !important;}\u00a0\u00bb]<\/p>\n<h3 style=\"text-align: center;\"><strong>Produits connexes<\/strong><\/h3>\n<p style=\"text-align: center;\"><a href=\"https:\/\/environmental-noise-control.ca\/fr\/produits\/murs-anti-bruit-montes-sur-k-rail\/\"><img loading=\"lazy\" decoding=\"async\" class=\"size-medium wp-image-3003 aligncenter\" src=\"https:\/\/environmental-noise-control.ca\/wp-content\/uploads\/2026\/02\/K-Rail-Sound-Wall-300x213.png\" alt=\"\" width=\"300\" height=\"213\" srcset=\"https:\/\/environmental-noise-control.ca\/wp-content\/uploads\/2026\/02\/K-Rail-Sound-Wall-300x213.png 300w, https:\/\/environmental-noise-control.ca\/wp-content\/uploads\/2026\/02\/K-Rail-Sound-Wall-1024x727.png 1024w, https:\/\/environmental-noise-control.ca\/wp-content\/uploads\/2026\/02\/K-Rail-Sound-Wall-768x545.png 768w, https:\/\/environmental-noise-control.ca\/wp-content\/uploads\/2026\/02\/K-Rail-Sound-Wall-1536x1091.png 1536w, https:\/\/environmental-noise-control.ca\/wp-content\/uploads\/2026\/02\/K-Rail-Sound-Wall-2048x1454.png 2048w, https:\/\/environmental-noise-control.ca\/wp-content\/uploads\/2026\/02\/K-Rail-Sound-Wall-732x520.png 732w, https:\/\/environmental-noise-control.ca\/wp-content\/uploads\/2026\/02\/K-Rail-Sound-Wall-1140x809.png 1140w, https:\/\/environmental-noise-control.ca\/wp-content\/uploads\/2026\/02\/K-Rail-Sound-Wall-24x17.png 24w, https:\/\/environmental-noise-control.ca\/wp-content\/uploads\/2026\/02\/K-Rail-Sound-Wall-36x26.png 36w, https:\/\/environmental-noise-control.ca\/wp-content\/uploads\/2026\/02\/K-Rail-Sound-Wall-48x34.png 48w\" sizes=\"auto, (max-width: 300px) 100vw, 300px\" \/><\/a><\/p>\n<p style=\"text-align: center;\"><a href=\"https:\/\/environmental-noise-control.ca\/fr\/produits\/murs-anti-bruit-montes-sur-k-rail\/\">Murs anti-bruit mont\u00e9s sur K-Rail<\/a><\/p>\n<p>[\/vc_column_text][vc_column_text css=\u00a0\u00bb.vc_custom_1773165911792{margin-top: 80px !important;margin-left: -50px !important;}\u00a0\u00bb el_class=\u00a0\u00bbb_purch\u00a0\u00bb]<a href=\"https:\/\/environmental-noise-control.ca\/fr\/contactez-nous\/\">Renseignez-vous sur la location ou l\u2019achat de ce produit<\/a>[\/vc_column_text][\/vc_column][\/vc_row]<\/p>\n<\/div>","protected":false},"excerpt":{"rendered":"<p>[vc_row full_width=\u00a0\u00bbstretch_row_content_no_spaces\u00a0\u00bb css=\u00a0\u00bb.vc_custom_1776365129502{margin-right: 0px !important;margin-bottom: 40px !important;margin-left: 0px !important;padding-top: 50px !important;padding-bottom: 50px !important;background-color: #1698A8 !important;}\u00a0\u00bb][vc_column width=\u00a0\u00bb5\/6&Prime; offset=\u00a0\u00bbvc_col-lg-offset-1&Prime; css=\u00a0\u00bb.vc_custom_1776365150535{padding-right: 40px !important;}\u00a0\u00bb][vc_column_text css=\u00a0\u00bb.vc_custom_1773166108164{margin-bottom: 30px !important;padding-top: 5px !important;padding-bottom: 15px !important;padding-left: 20px !important;background-color: #0D6D7957 !important;border-radius: 5px !important;}\u00a0\u00bb el_class=\u00a0\u00bbprod_bread\u00a0\u00bb] Produits \/ Murs antibruit temporaires [\/vc_column_text][vc_column_text css=\u00a0\u00bb.vc_custom_1773166035528{margin-bottom: -20px !important;}\u00a0\u00bb] Murs antibruit temporaires [\/vc_column_text][vc_column_text css=\u00a0\u00bb.vc_custom_1773166052552{margin-bottom: -20px !important;}\u00a0\u00bb] Environmental Noise Control offre des [&hellip;]<\/p>\n","protected":false},"author":15,"featured_media":3142,"parent":3277,"menu_order":1,"comment_status":"closed","ping_status":"closed","template":"","meta":{"_acf_changed":false,"_monsterinsights_skip_tracking":false,"_monsterinsights_sitenote_active":false,"_monsterinsights_sitenote_note":"","_monsterinsights_sitenote_category":0,"_uf_show_specific_survey":0,"_uf_disable_surveys":false,"footnotes":""},"tags":[112,114,113,115,117,122,124,121,116,123],"class_list":["post-3191","page","type-page","status-publish","has-post-thumbnail","hentry","tag-commercial","tag-construction","tag-controle-du-bruit-commercial","tag-controle-du-bruit-de-construction","tag-controle-du-bruit-environnemental","tag-controle-du-bruit-pour-le-divertissement","tag-controle-du-bruit-pour-le-petrole-et-le-gaz","tag-divertissement","tag-environnemental","tag-petrole-et-gaz"],"acf":[],"aioseo_notices":[],"_links":{"self":[{"href":"https:\/\/environmental-noise-control.ca\/fr\/wp-json\/wp\/v2\/pages\/3191","targetHints":{"allow":["GET"]}}],"collection":[{"href":"https:\/\/environmental-noise-control.ca\/fr\/wp-json\/wp\/v2\/pages"}],"about":[{"href":"https:\/\/environmental-noise-control.ca\/fr\/wp-json\/wp\/v2\/types\/page"}],"author":[{"embeddable":true,"href":"https:\/\/environmental-noise-control.ca\/fr\/wp-json\/wp\/v2\/users\/15"}],"replies":[{"embeddable":true,"href":"https:\/\/environmental-noise-control.ca\/fr\/wp-json\/wp\/v2\/comments?post=3191"}],"version-history":[{"count":56,"href":"https:\/\/environmental-noise-control.ca\/fr\/wp-json\/wp\/v2\/pages\/3191\/revisions"}],"predecessor-version":[{"id":4751,"href":"https:\/\/environmental-noise-control.ca\/fr\/wp-json\/wp\/v2\/pages\/3191\/revisions\/4751"}],"up":[{"embeddable":true,"href":"https:\/\/environmental-noise-control.ca\/fr\/wp-json\/wp\/v2\/pages\/3277"}],"wp:featuredmedia":[{"embeddable":true,"href":"https:\/\/environmental-noise-control.ca\/fr\/wp-json\/wp\/v2\/media\/3142"}],"wp:attachment":[{"href":"https:\/\/environmental-noise-control.ca\/fr\/wp-json\/wp\/v2\/media?parent=3191"}],"wp:term":[{"taxonomy":"post_tag","embeddable":true,"href":"https:\/\/environmental-noise-control.ca\/fr\/wp-json\/wp\/v2\/tags?post=3191"}],"curies":[{"name":"wp","href":"https:\/\/api.w.org\/{rel}","templated":true}]}}