{"id":3196,"date":"2016-12-09T00:04:19","date_gmt":"2016-12-09T05:04:19","guid":{"rendered":"https:\/\/behre0015.sierradevops.com\/barrieres-acoustiques-autoportantes-sk-8\/"},"modified":"2026-04-16T15:08:26","modified_gmt":"2026-04-16T19:08:26","slug":"barrieres-acoustiques-autoportantes-sk-8","status":"publish","type":"page","link":"https:\/\/environmental-noise-control.ca\/fr\/produits\/barrieres-acoustiques-autoportantes-sk-8\/","title":{"rendered":"Barri\u00e8res acoustiques autoportantes SK-8"},"content":{"rendered":"<div class=\"wpb-content-wrapper\"><p>[vc_row full_width=\u00a0\u00bbstretch_row_content_no_spaces\u00a0\u00bb css=\u00a0\u00bb.vc_custom_1776365928994{margin-right: 0px !important;margin-bottom: 40px !important;margin-left: 0px !important;padding-top: 50px !important;padding-bottom: 50px !important;background-color: #1698A8 !important;}\u00a0\u00bb][vc_column width=\u00a0\u00bb5\/6&Prime; css=\u00a0\u00bb.vc_custom_1776365966678{padding-right: 40px !important;}\u00a0\u00bb offset=\u00a0\u00bbvc_col-lg-offset-1&Prime;][vc_column_text css=\u00a0\u00bb.vc_custom_1773169040160{margin-bottom: 30px !important;padding-top: 5px !important;padding-bottom: 15px !important;padding-left: 20px !important;background-color: #0D6D7957 !important;border-radius: 5px !important;}\u00a0\u00bb el_class=\u00a0\u00bbprod_bread\u00a0\u00bb]<\/p>\n<h4><span style=\"color: #ffffff;\"><a href=\"https:\/\/environmental-noise-control.ca\/fr\/produits\/\">Produits<\/a> \/ <a title=\"Barri\u00e8res acoustiques autoportantes SK-8\" href=\"https:\/\/environmental-noise-control.ca\/fr\/produits\/barrieres-acoustiques-autoportantes-sk-8\/\">\u00c9crans acoustiques autoportants SK-8<\/a><\/span><\/h4>\n<p>[\/vc_column_text][vc_column_text css=\u00a0\u00bb.vc_custom_1773169001270{margin-bottom: -20px !important;}\u00a0\u00bb]<\/p>\n<div class=\"wpb_text_column wpb_content_element\">\n<div class=\"wpb_wrapper\">\n<h1>Barri\u00e8res acoustiques autoportantes SK-8<\/h1>\n<\/div>\n<\/div>\n<p>[\/vc_column_text][vc_column_text css=\u00a0\u00bb.vc_custom_1773168986908{margin-bottom: -20px !important;}\u00a0\u00bb]<\/p>\n<div class=\"wpb_text_column wpb_content_element\">\n<div class=\"wpb_wrapper\">\n<p><span style=\"color: #ffffff; font-size: 19px; font-weight: lighter;\">Les panneaux autoportants STC-43 d&rsquo;ENC (panneaux SK-8) sont fabriqu\u00e9s avec une enveloppe ext\u00e9rieure en t\u00f4le galvanis\u00e9e, un absorbeur acoustique avec barri\u00e8re septum et un rev\u00eatement perfor\u00e9 galvanis\u00e9 orient\u00e9 vers la source de bruit.<\/span><\/div>\n<\/div>\n<p>[\/vc_column_text][\/vc_column][\/vc_row][vc_row][vc_column width=\u00a0\u00bb2\/3&Prime; css=\u00a0\u00bb.vc_custom_1776366001373{border-right-width: 1px !important;padding-right: 50px !important;border-right-style: solid !important;border-color: #DCDCDC !important;}\u00a0\u00bb offset=\u00a0\u00bbvc_hidden-lg vc_hidden-md\u00a0\u00bb][vc_images_carousel images=\u00a0\u00bb3985,3987,3989,3991&Prime; img_size=\u00a0\u00bbfull\u00a0\u00bb onclick=\u00a0\u00bblink_no\u00a0\u00bb wrap=\u00a0\u00bbyes\u00a0\u00bb css=\u00a0\u00bb\u00a0\u00bb el_class=\u00a0\u00bbproducts_carousel\u00a0\u00bb][vc_column_text el_class=\u00a0\u00bbp_subtitle\u00a0\u00bb]<span style=\"font-weight: 400;\">Les barri\u00e8res acoustiques autoportantes SK-8 d&rsquo;Environmental Noise Control, Inc. sont fabriqu\u00e9es avec une enveloppe ext\u00e9rieure en t\u00f4le galvanis\u00e9e, un absorbeur acoustique avec barri\u00e8re septum et un rev\u00eatement perfor\u00e9 galvanis\u00e9 orient\u00e9 vers la source de bruit. <\/span>[\/vc_column_text][vc_column_text]<span style=\"font-weight: 400;\">Ces panneaux sont utilis\u00e9s pour les applications basse fr\u00e9quence et les applications intensives. Ils peuvent \u00eatre d\u00e9plac\u00e9s sur un chantier \u00e0 l&rsquo;aide d&rsquo;un chariot \u00e9l\u00e9vateur pour un positionnement facile et efficace.<\/span><\/p>\n<p><span style=\"font-weight: 400;\">Ils sont disponibles \u00e0 l&rsquo;achat ou en location \u00e0 court ou long terme. Ils peuvent \u00eatre \u00e9quip\u00e9s de portes et d&rsquo;issues de secours. Disponibles en modules de 16&prime;, 20&prime; et 24&prime; de hauteur avec une base de 8&prime; sur 12&prime;.<\/span>[\/vc_column_text][vc_separator][vc_column_text]<\/p>\n<h3 style=\"text-align: center;\">\u00c0 propos des barri\u00e8res acoustiques autoportantes SK-8 d&rsquo;ENC<\/h3>\n<p>[\/vc_column_text][vc_column_text css=\u00a0\u00bb\u00a0\u00bb el_class=\u00a0\u00bbul_type1&Prime;]<\/p>\n<ul>\n<li>\n<h3>Sp\u00e9cifications<\/h3>\n<\/li>\n<li>Classe de transmission acoustique STC-43 conforme \u00e0 la norme ASTM E-413<\/li>\n<li>Coefficient d&rsquo;absorption acoustique N.R.C. 1,00<\/li>\n<li>Con\u00e7u pour r\u00e9pondre aux exigences de charge au vent UBC\/IBC<\/li>\n<li>Panneaux disponibles avec signalisation de sortie de secours et portes<\/li>\n<li>Dimensions : 8 pieds de largeur sur 16 \u00e0 24 pieds de hauteur (2,4 m\u00e8tres de largeur sur 4,9 \u00e0 7,3 m\u00e8tres de hauteur)<\/li>\n<\/ul>\n<p>[\/vc_column_text][vc_column_text css=\u00a0\u00bb\u00a0\u00bb el_class=\u00a0\u00bbtable_h3&Prime;]<\/p>\n<h3>Perte de transmission acoustique STC-43 (dB)<\/h3>\n<p>[\/vc_column_text][vc_column_text css=\u00a0\u00bb\u00a0\u00bb]<\/p>\n<table style=\"height: 345px;\" width=\"286\">\n<tbody>\n<tr>\n<td><strong>Fr\u00e9quence centrale de bande d&rsquo;octave %<\/strong><\/td>\n<td><strong>Perte de transmission acoustique STC-43<\/strong><\/td>\n<\/tr>\n<tr>\n<td>31,5 Hz<\/td>\n<td>21 dB<\/td>\n<\/tr>\n<tr>\n<td>63 Hz<\/td>\n<td>14 dB<\/td>\n<\/tr>\n<tr>\n<td>125 Hz<\/td>\n<td>26 dB<\/td>\n<\/tr>\n<tr>\n<td>250 Hz<\/td>\n<td>32 dB<\/td>\n<\/tr>\n<tr>\n<td>500 Hz<\/td>\n<td>28 dB<\/td>\n<\/tr>\n<tr>\n<td>1 000 Hz<\/td>\n<td>51 dB<\/td>\n<\/tr>\n<tr>\n<td>2 000 Hz<\/td>\n<td>60 dB<\/td>\n<\/tr>\n<tr>\n<td>4 000 Hz<\/td>\n<td>67 dB<\/td>\n<\/tr>\n<\/tbody>\n<\/table>\n<p>[\/vc_column_text][\/vc_column][\/vc_row][vc_row][vc_column width=\u00a0\u00bb2\/3&Prime; css=\u00a0\u00bb.vc_custom_1776366010929{border-right-width: 1px !important;padding-right: 50px !important;border-right-style: solid !important;border-color: #DCDCDC !important;}\u00a0\u00bb offset=\u00a0\u00bbvc_hidden-sm vc_hidden-xs\u00a0\u00bb][vc_images_carousel images=\u00a0\u00bb3985,3987,3989,3991&Prime; img_size=\u00a0\u00bbfull\u00a0\u00bb onclick=\u00a0\u00bblink_no\u00a0\u00bb wrap=\u00a0\u00bbyes\u00a0\u00bb css=\u00a0\u00bb\u00a0\u00bb el_class=\u00a0\u00bbproducts_carousel\u00a0\u00bb][vc_column_text el_class=\u00a0\u00bbp_subtitle\u00a0\u00bb]<span style=\"font-weight: 400;\">Les barri\u00e8res acoustiques autoportantes SK-8 d&rsquo;Environmental Noise Control, Inc. sont fabriqu\u00e9es avec une enveloppe ext\u00e9rieure en t\u00f4le galvanis\u00e9e, un absorbeur acoustique avec barri\u00e8re septum et un rev\u00eatement perfor\u00e9 galvanis\u00e9 orient\u00e9 vers la source de bruit. <\/span>[\/vc_column_text][vc_column_text]<span style=\"font-weight: 400;\">Ces panneaux sont utilis\u00e9s pour les applications basse fr\u00e9quence et les applications intensives. Ils peuvent \u00eatre d\u00e9plac\u00e9s sur un chantier \u00e0 l&rsquo;aide d&rsquo;un chariot \u00e9l\u00e9vateur pour un positionnement facile et efficace.<\/span><\/p>\n<p><span style=\"font-weight: 400;\">Ils sont disponibles \u00e0 l&rsquo;achat ou en location \u00e0 court ou long terme. Ils peuvent \u00eatre \u00e9quip\u00e9s de portes et d&rsquo;issues de secours. Disponibles en modules de 16&prime;, 20&prime; et 24&prime; de hauteur avec une base de 8&prime; sur 12&prime;.<\/span>[\/vc_column_text][vc_separator][vc_column_text]<\/p>\n<h3 style=\"text-align: center;\">\u00c0 propos des barri\u00e8res acoustiques autoportantes SK-8 d&rsquo;ENC<\/h3>\n<p>[\/vc_column_text][vc_column_text css=\u00a0\u00bb\u00a0\u00bb el_class=\u00a0\u00bbul_type1&Prime;]<\/p>\n<ul>\n<li>\n<h3>Sp\u00e9cifications<\/h3>\n<\/li>\n<li>Classe de transmission acoustique STC-43 conforme \u00e0 la norme ASTM E-413<\/li>\n<li>Coefficient d&rsquo;absorption acoustique N.R.C. 1,00<\/li>\n<li>Con\u00e7u pour r\u00e9pondre aux exigences de charge au vent UBC\/IBC<\/li>\n<li>Panneaux disponibles avec signalisation de sortie de secours et portes<\/li>\n<li>Dimensions : 8 pieds de largeur sur 16 \u00e0 24 pieds de hauteur (2,4 m\u00e8tres de largeur sur 4,9 \u00e0 7,3 m\u00e8tres de hauteur)<\/li>\n<\/ul>\n<p>[\/vc_column_text][vc_column_text css=\u00a0\u00bb\u00a0\u00bb el_class=\u00a0\u00bbtable_h3&Prime;]<\/p>\n<h3>Perte de transmission acoustique STC-43 (dB)<\/h3>\n<p>[\/vc_column_text][vc_column_text css=\u00a0\u00bb\u00a0\u00bb]<\/p>\n<table style=\"height: 241px;\" width=\"695\">\n<tbody>\n<tr>\n<td><strong>Fr\u00e9quence centrale de bande d&rsquo;octave %<\/strong><\/td>\n<td><strong>Perte de transmission acoustique STC-43<\/strong><\/td>\n<\/tr>\n<tr>\n<td>31,5 Hz<\/td>\n<td>21 dB<\/td>\n<\/tr>\n<tr>\n<td>63 Hz<\/td>\n<td>14 dB<\/td>\n<\/tr>\n<tr>\n<td>125 Hz<\/td>\n<td>26 dB<\/td>\n<\/tr>\n<tr>\n<td>250 Hz<\/td>\n<td>32 dB<\/td>\n<\/tr>\n<tr>\n<td>500 Hz<\/td>\n<td>28 dB<\/td>\n<\/tr>\n<tr>\n<td>1000 Hz<\/td>\n<td>51 dB<\/td>\n<\/tr>\n<tr>\n<td>2000 Hz<\/td>\n<td>60 dB<\/td>\n<\/tr>\n<tr>\n<td>4000 Hz<\/td>\n<td>67 dB<\/td>\n<\/tr>\n<\/tbody>\n<\/table>\n<p>[\/vc_column_text][\/vc_column][vc_column width=\u00a0\u00bb1\/3&Prime; css=\u00a0\u00bb.vc_custom_1773169707727{padding-left: 50px !important;}\u00a0\u00bb][vc_column_text css=\u00a0\u00bb.vc_custom_1773169696246{margin-top: -45px !important;margin-left: -40px !important;padding-top: 0px !important;}\u00a0\u00bb el_class=\u00a0\u00bbul_type1_2&Prime;]<\/p>\n<ul>\n<li>\n<h3>Fonctionnalit\u00e9s cl\u00e9s<\/h3>\n<\/li>\n<li>Portable<\/li>\n<li>Con\u00e7u pour une absorption maximale des basses fr\u00e9quences<\/li>\n<li>Utilisation ext\u00e9rieure<\/li>\n<li>Conception modulaire pour enfermer la source de bruit<\/li>\n<li>Robuste<\/li>\n<li>Contr\u00f4le sonore maximal pour les applications ext\u00e9rieures<\/li>\n<\/ul>\n<p>[\/vc_column_text][vc_column_text css=\u00a0\u00bb.vc_custom_1773169803721{margin-right: 40px !important;margin-left: 0px !important;padding-top: 25px !important;padding-right: 0px !important;}\u00a0\u00bb]<\/p>\n<h3 style=\"text-align: center;\"><strong>Produits connexes<\/strong><\/h3>\n<p style=\"text-align: center;\"><a href=\"https:\/\/environmental-noise-control.ca\/fr\/produits\/barrieres-acoustiques-autoportantes-sk-8\/\"><img loading=\"lazy\" decoding=\"async\" class=\"alignnone size-medium wp-image-3005\" src=\"https:\/\/environmental-noise-control.ca\/wp-content\/uploads\/2026\/02\/SK6-Sound-Wall-300x213.png\" alt=\"\" width=\"300\" height=\"213\" srcset=\"https:\/\/environmental-noise-control.ca\/wp-content\/uploads\/2026\/02\/SK6-Sound-Wall-300x213.png 300w, https:\/\/environmental-noise-control.ca\/wp-content\/uploads\/2026\/02\/SK6-Sound-Wall-1024x727.png 1024w, https:\/\/environmental-noise-control.ca\/wp-content\/uploads\/2026\/02\/SK6-Sound-Wall-768x546.png 768w, https:\/\/environmental-noise-control.ca\/wp-content\/uploads\/2026\/02\/SK6-Sound-Wall-1536x1091.png 1536w, https:\/\/environmental-noise-control.ca\/wp-content\/uploads\/2026\/02\/SK6-Sound-Wall-2048x1455.png 2048w, https:\/\/environmental-noise-control.ca\/wp-content\/uploads\/2026\/02\/SK6-Sound-Wall-732x520.png 732w, https:\/\/environmental-noise-control.ca\/wp-content\/uploads\/2026\/02\/SK6-Sound-Wall-1140x810.png 1140w, https:\/\/environmental-noise-control.ca\/wp-content\/uploads\/2026\/02\/SK6-Sound-Wall-24x17.png 24w, https:\/\/environmental-noise-control.ca\/wp-content\/uploads\/2026\/02\/SK6-Sound-Wall-36x26.png 36w, https:\/\/environmental-noise-control.ca\/wp-content\/uploads\/2026\/02\/SK6-Sound-Wall-48x34.png 48w\" sizes=\"auto, (max-width: 300px) 100vw, 300px\" \/><\/a><\/p>\n<p style=\"text-align: center;\"><a href=\"https:\/\/environmental-noise-control.ca\/fr\/produits\/barrieres-acoustiques-autoportantes-sk-6\/\">Panneaux SK6 autoportants<\/a><\/p>\n<p>&nbsp;<\/p>\n<p style=\"text-align: center;\"><img loading=\"lazy\" decoding=\"async\" class=\"alignnone size-medium wp-image-3010\" src=\"https:\/\/environmental-noise-control.ca\/wp-content\/uploads\/2026\/02\/Portable-Acoustic-Panel-300x213.png\" alt=\"\" width=\"300\" height=\"213\" srcset=\"https:\/\/environmental-noise-control.ca\/wp-content\/uploads\/2026\/02\/Portable-Acoustic-Panel-300x213.png 300w, https:\/\/environmental-noise-control.ca\/wp-content\/uploads\/2026\/02\/Portable-Acoustic-Panel-1024x727.png 1024w, https:\/\/environmental-noise-control.ca\/wp-content\/uploads\/2026\/02\/Portable-Acoustic-Panel-768x545.png 768w, https:\/\/environmental-noise-control.ca\/wp-content\/uploads\/2026\/02\/Portable-Acoustic-Panel-1536x1091.png 1536w, https:\/\/environmental-noise-control.ca\/wp-content\/uploads\/2026\/02\/Portable-Acoustic-Panel-2048x1455.png 2048w, https:\/\/environmental-noise-control.ca\/wp-content\/uploads\/2026\/02\/Portable-Acoustic-Panel-732x520.png 732w, https:\/\/environmental-noise-control.ca\/wp-content\/uploads\/2026\/02\/Portable-Acoustic-Panel-1140x810.png 1140w, https:\/\/environmental-noise-control.ca\/wp-content\/uploads\/2026\/02\/Portable-Acoustic-Panel-24x17.png 24w, https:\/\/environmental-noise-control.ca\/wp-content\/uploads\/2026\/02\/Portable-Acoustic-Panel-36x26.png 36w, https:\/\/environmental-noise-control.ca\/wp-content\/uploads\/2026\/02\/Portable-Acoustic-Panel-48x34.png 48w\" sizes=\"auto, (max-width: 300px) 100vw, 300px\" \/><\/p>\n<p style=\"text-align: center;\"><a href=\"https:\/\/environmental-noise-control.ca\/fr\/produits\/panneaux-acoustiques-portables\/\">Panneaux acoustiques portables<\/a><\/p>\n<p>[\/vc_column_text][vc_column_text css=\u00a0\u00bb.vc_custom_1773169822903{margin-top: 80px !important;margin-left: -50px !important;}\u00a0\u00bb el_class=\u00a0\u00bbb_purch\u00a0\u00bb]<a href=\"https:\/\/environmental-noise-control.ca\/fr\/contactez-nous\/\">Renseignez-vous sur la location ou l\u2019achat de ce produit<\/a>[\/vc_column_text][\/vc_column][\/vc_row][vc_row][vc_column][\/vc_column][\/vc_row]<\/p>\n<\/div>","protected":false},"excerpt":{"rendered":"<p>[vc_row full_width=\u00a0\u00bbstretch_row_content_no_spaces\u00a0\u00bb css=\u00a0\u00bb.vc_custom_1776365928994{margin-right: 0px !important;margin-bottom: 40px !important;margin-left: 0px !important;padding-top: 50px !important;padding-bottom: 50px !important;background-color: #1698A8 !important;}\u00a0\u00bb][vc_column width=\u00a0\u00bb5\/6&Prime; css=\u00a0\u00bb.vc_custom_1776365966678{padding-right: 40px !important;}\u00a0\u00bb offset=\u00a0\u00bbvc_col-lg-offset-1&Prime;][vc_column_text css=\u00a0\u00bb.vc_custom_1773169040160{margin-bottom: 30px !important;padding-top: 5px !important;padding-bottom: 15px !important;padding-left: 20px !important;background-color: #0D6D7957 !important;border-radius: 5px !important;}\u00a0\u00bb el_class=\u00a0\u00bbprod_bread\u00a0\u00bb] Produits \/ \u00c9crans acoustiques autoportants SK-8 [\/vc_column_text][vc_column_text css=\u00a0\u00bb.vc_custom_1773169001270{margin-bottom: -20px !important;}\u00a0\u00bb] Barri\u00e8res acoustiques autoportantes SK-8 [\/vc_column_text][vc_column_text css=\u00a0\u00bb.vc_custom_1773168986908{margin-bottom: -20px !important;}\u00a0\u00bb] Les panneaux autoportants [&hellip;]<\/p>\n","protected":false},"author":15,"featured_media":3991,"parent":3277,"menu_order":3,"comment_status":"closed","ping_status":"closed","template":"","meta":{"_acf_changed":false,"_monsterinsights_skip_tracking":false,"_monsterinsights_sitenote_active":false,"_monsterinsights_sitenote_note":"","_monsterinsights_sitenote_category":0,"_uf_show_specific_survey":0,"_uf_disable_surveys":false,"footnotes":""},"tags":[112,114,113,115,117,124,116,123],"class_list":["post-3196","page","type-page","status-publish","has-post-thumbnail","hentry","tag-commercial","tag-construction","tag-controle-du-bruit-commercial","tag-controle-du-bruit-de-construction","tag-controle-du-bruit-environnemental","tag-controle-du-bruit-pour-le-petrole-et-le-gaz","tag-environnemental","tag-petrole-et-gaz"],"acf":[],"aioseo_notices":[],"_links":{"self":[{"href":"https:\/\/environmental-noise-control.ca\/fr\/wp-json\/wp\/v2\/pages\/3196","targetHints":{"allow":["GET"]}}],"collection":[{"href":"https:\/\/environmental-noise-control.ca\/fr\/wp-json\/wp\/v2\/pages"}],"about":[{"href":"https:\/\/environmental-noise-control.ca\/fr\/wp-json\/wp\/v2\/types\/page"}],"author":[{"embeddable":true,"href":"https:\/\/environmental-noise-control.ca\/fr\/wp-json\/wp\/v2\/users\/15"}],"replies":[{"embeddable":true,"href":"https:\/\/environmental-noise-control.ca\/fr\/wp-json\/wp\/v2\/comments?post=3196"}],"version-history":[{"count":43,"href":"https:\/\/environmental-noise-control.ca\/fr\/wp-json\/wp\/v2\/pages\/3196\/revisions"}],"predecessor-version":[{"id":4795,"href":"https:\/\/environmental-noise-control.ca\/fr\/wp-json\/wp\/v2\/pages\/3196\/revisions\/4795"}],"up":[{"embeddable":true,"href":"https:\/\/environmental-noise-control.ca\/fr\/wp-json\/wp\/v2\/pages\/3277"}],"wp:featuredmedia":[{"embeddable":true,"href":"https:\/\/environmental-noise-control.ca\/fr\/wp-json\/wp\/v2\/media\/3991"}],"wp:attachment":[{"href":"https:\/\/environmental-noise-control.ca\/fr\/wp-json\/wp\/v2\/media?parent=3196"}],"wp:term":[{"taxonomy":"post_tag","embeddable":true,"href":"https:\/\/environmental-noise-control.ca\/fr\/wp-json\/wp\/v2\/tags?post=3196"}],"curies":[{"name":"wp","href":"https:\/\/api.w.org\/{rel}","templated":true}]}}