{"id":3222,"date":"2026-03-05T12:15:12","date_gmt":"2026-03-05T17:15:12","guid":{"rendered":"https:\/\/behre0015.sierradevops.com\/pipeline-dans-une-zone-residentielle\/"},"modified":"2026-04-16T14:33:44","modified_gmt":"2026-04-16T18:33:44","slug":"pipeline-dans-une-zone-residentielle","status":"publish","type":"page","link":"https:\/\/environmental-noise-control.ca\/fr\/projets\/pipeline-dans-une-zone-residentielle\/","title":{"rendered":"Pipeline dans une zone r\u00e9sidentielle"},"content":{"rendered":"<div class=\"wpb-content-wrapper\"><p>[vc_row el_class=\u00a0\u00bbprojects_bunner_slider\u00a0\u00bb][vc_column offset=\u00a0\u00bbvc_hidden-sm vc_hidden-xs\u00a0\u00bb][vc_images_carousel images=\u00a0\u00bb3822&Prime; img_size=\u00a0\u00bb1920&#215;625&Prime; onclick=\u00a0\u00bblink_no\u00a0\u00bb wrap=\u00a0\u00bbyes\u00a0\u00bb css=\u00a0\u00bb\u00a0\u00bb][vc_column_text css=\u00a0\u00bb\u00a0\u00bb el_class=\u00a0\u00bbcontainer carousel_title\u00a0\u00bb]<\/p>\n<h4>\u00c9tude de cas<\/h4>\n<h1>Pipeline dans une zone r\u00e9sidentielle<\/h1>\n<p>Client : ATCO Connector<br \/>\nLieu : Calgary, Alberta<br \/>\nProjet : Projet de pipeline par forage directionnel horizontal (HDD)<br \/>\nSolution : Panneaux d\u2019\u00e9cran acoustique SK8 autoportants[\/vc_column_text][\/vc_column][\/vc_row][vc_row el_class=\u00a0\u00bbprojects_bunner_slider\u00a0\u00bb][vc_column offset=\u00a0\u00bbvc_hidden-lg vc_hidden-md\u00a0\u00bb][vc_images_carousel images=\u00a0\u00bb3822&Prime; img_size=\u00a0\u00bbfull\u00a0\u00bb onclick=\u00a0\u00bblink_no\u00a0\u00bb wrap=\u00a0\u00bbyes\u00a0\u00bb css=\u00a0\u00bb\u00a0\u00bb][vc_column_text css=\u00a0\u00bb\u00a0\u00bb el_class=\u00a0\u00bbcontainer carousel_title\u00a0\u00bb]<\/p>\n<h4>\u00c9tude de cas<\/h4>\n<h1>Pipeline dans une zone r\u00e9sidentielle<\/h1>\n<p>Client : ATCO Connector<br \/>\nLieu : Calgary, Alberta<br \/>\nProjet : Projet de pipeline par forage directionnel horizontal (HDD)<br \/>\nSolution : Panneaux d\u2019\u00e9cran acoustique SK8 autoportants[\/vc_column_text][\/vc_column][\/vc_row][vc_row el_class=\u00a0\u00bbcontainer_project\u00a0\u00bb][vc_column width=\u00a0\u00bb1\/2&Prime;][vc_column_text css=\u00a0\u00bb\u00a0\u00bb el_class=\u00a0\u00bbul_type1&Prime;]<\/p>\n<ul>\n<li>\n<h3>Aper\u00e7u de l\u2019att\u00e9nuation du bruit pour le projet de pipeline HDD<\/h3>\n<\/li>\n<li>Environmental Noise Control, Inc. s\u2019est associ\u00e9 \u00e0 ACI Acoustical Consultants pour concevoir une solution de contr\u00f4le du bruit pour le projet de pipeline HDD d\u2019ATCO Connector \u00e0 Calgary, en Alberta.<\/li>\n<li>Les panneaux d\u2019\u00e9cran acoustique SK8 autoportants de 24 pieds d\u2019ENC ont \u00e9t\u00e9 plac\u00e9s strat\u00e9giquement pour minimiser les nuisances sonores dans les zones r\u00e9sidentielles voisines.<\/li>\n<li>La conception modulaire a permis une reconfiguration facile au fur et \u00e0 mesure du d\u00e9placement de l\u2019\u00e9quipement, assurant ainsi une flexibilit\u00e9 op\u00e9rationnelle.<\/li>\n<li>La solution d\u2019ENC a permis de r\u00e9duire efficacement les niveaux sonores, de maintenir la conformit\u00e9 r\u00e9glementaire et de minimiser les plaintes de la communaut\u00e9.<\/li>\n<\/ul>\n<p>[\/vc_column_text][\/vc_column][vc_column width=\u00a0\u00bb1\/2&Prime;][vc_column_text css=\u00a0\u00bb\u00a0\u00bb]<\/p>\n<h2><b>Le d\u00e9fi<\/b><\/h2>\n<p>ATCO Connector travaillait sur un projet de pipeline par forage directionnel horizontal (HDD) \u00e0 Calgary, en Alberta. Le seul probl\u00e8me ? Le site du projet se trouvait \u00e0 proximit\u00e9 de zones r\u00e9sidentielles, ce qui cr\u00e9ait des probl\u00e8mes de nuisances sonores pour les r\u00e9sidents voisins. De plus, le processus de construction exigeait que l\u2019\u00e9quipement soit d\u00e9plac\u00e9 fr\u00e9quemment, ce qui rendait les barri\u00e8res antibruit fixes traditionnelles peu pratiques.   <\/p>\n<h2><b>La solution<\/b><\/h2>\n<p>Environmental Noise Control (ENC) a collabor\u00e9 avec ACI Acoustical Consultants pour concevoir et mettre en \u0153uvre un syst\u00e8me de contr\u00f4le du bruit personnalis\u00e9 utilisant nos <a href=\"https:\/\/environmental-noise-control.ca\/fr\/produits\/barrieres-acoustiques-autoportantes-sk-8\/\">panneaux d\u2019\u00e9cran acoustique SK8 autoportants de 24 pieds<\/a>. Ces barri\u00e8res sont utilis\u00e9es pour les applications \u00e0 basse fr\u00e9quence et \u00e0 usage intensif. Elles ont \u00e9t\u00e9 positionn\u00e9es strat\u00e9giquement pour minimiser le bruit dans les zones r\u00e9sidentielles. Leur conception modulaire a permis une reconfiguration rapide au fur et \u00e0 mesure que l\u2019\u00e9quipement se d\u00e9pla\u00e7ait sur le site du projet.   <\/p>\n<h2><b>Les r\u00e9sultats<\/b><\/h2>\n<p>La mise en \u0153uvre des panneaux SK8 de 24 pieds d\u2019ENC a apport\u00e9 plusieurs avantages cl\u00e9s : <\/p>\n<ol>\n<li><b>R\u00e9duction efficace du bruit<\/b> : Les niveaux sonores dans les r\u00e9sidences voisines ont \u00e9t\u00e9 r\u00e9duits \u00e0 des limites acceptables, minimisant ainsi les perturbations et les plaintes de la communaut\u00e9.<\/li>\n<li><b>Flexibilit\u00e9 op\u00e9rationnelle<\/b> : Les panneaux autoportants ont permis \u00e0 l\u2019\u00e9quipe d\u2019ATCO de relocaliser facilement les barri\u00e8res au fur et \u00e0 mesure que l\u2019\u00e9quipement se d\u00e9pla\u00e7ait lors des diff\u00e9rentes phases de l\u2019installation du pipeline.<\/li>\n<li><b>Conformit\u00e9 r\u00e9glementaire<\/b> : La solution a aid\u00e9 ATCO Connector \u00e0 rester en conformit\u00e9 avec les ordonnances locales sur le bruit pendant toute la dur\u00e9e du projet.<\/li>\n<li><b>Approche de partenariat<\/b> : En travaillant aux c\u00f4t\u00e9s d\u2019ACI Acoustical Consultants, ENC a pu fournir une solution r\u00e9pondant \u00e0 la fois aux exigences acoustiques techniques et aux besoins op\u00e9rationnels pratiques.<\/li>\n<\/ol>\n<h2><b>Besoin d\u2019une solution contre le bruit ? Pensez \u00e0 ENC.  <\/b><\/h2>\n<p>Que vous travailliez sur un pipeline ou une tourn\u00e9e de promotion, ENC peut vous aider. Gr\u00e2ce \u00e0 une gamme compl\u00e8te de nos propres produits d\u2019att\u00e9nuation du bruit, nous pouvons vous aider \u00e0 identifier les probl\u00e8mes de bruit uniques, \u00e0 fournir des recommandations personnalis\u00e9es et \u00e0 les installer \u2014 le tout \u00e0 temps pour que votre projet reste sur la bonne voie.[\/vc_column_text][\/vc_column][\/vc_row][vc_row][vc_column][vc_cta h2=\u00a0\u00bbEn savoir plus sur les produits et services d&apos;ENC\u00a0\u00bb h2_font_container=\u00a0\u00bbtag:h2|font_size:22|text_align:center|color:%23FFFFFF\u00a0\u00bb h2_use_theme_fonts=\u00a0\u00bbyes\u00a0\u00bb txt_align=\u00a0\u00bbcenter\u00a0\u00bb el_width=\u00a0\u00bbxl\u00a0\u00bb add_button=\u00a0\u00bbbottom\u00a0\u00bb btn_title=\u00a0\u00bbExplorer les solutions acoustiques\u00a0\u00bb btn_style=\u00a0\u00bbcustom\u00a0\u00bb btn_custom_background=\u00a0\u00bb#1698a8&Prime; btn_custom_text=\u00a0\u00bb#ffffff\u00a0\u00bb btn_align=\u00a0\u00bbcenter\u00a0\u00bb btn_i_icon_fontawesome=\u00a0\u00bbfa fa-solid fa-arrow-right\u00a0\u00bb css=\u00a0\u00bb.vc_custom_1776364405840{padding-top: 30px !important;padding-right: 20px !important;}\u00a0\u00bb use_custom_fonts_h2=\u00a0\u00bbtrue\u00a0\u00bb btn_add_icon=\u00a0\u00bbtrue\u00a0\u00bb btn_link=\u00a0\u00bburl:https%3A%2F%2Fenvironmental-noise-control.ca%2Ffr%2Fproduits%2F|title:Produits|target:_blank|\u00a0\u00bb][\/vc_cta][\/vc_column][\/vc_row]<\/p>\n<\/div>","protected":false},"excerpt":{"rendered":"<p>[vc_row el_class=\u00a0\u00bbprojects_bunner_slider\u00a0\u00bb][vc_column offset=\u00a0\u00bbvc_hidden-sm vc_hidden-xs\u00a0\u00bb][vc_images_carousel images=\u00a0\u00bb3822&Prime; img_size=\u00a0\u00bb1920&#215;625&Prime; onclick=\u00a0\u00bblink_no\u00a0\u00bb wrap=\u00a0\u00bbyes\u00a0\u00bb css=\u00a0\u00bb\u00a0\u00bb][vc_column_text css=\u00a0\u00bb\u00a0\u00bb el_class=\u00a0\u00bbcontainer carousel_title\u00a0\u00bb] \u00c9tude de cas Pipeline dans une zone r\u00e9sidentielle Client : ATCO Connector Lieu : Calgary, Alberta Projet : Projet de pipeline par forage directionnel horizontal (HDD) Solution : Panneaux d\u2019\u00e9cran acoustique SK8 autoportants[\/vc_column_text][\/vc_column][\/vc_row][vc_row el_class=\u00a0\u00bbprojects_bunner_slider\u00a0\u00bb][vc_column offset=\u00a0\u00bbvc_hidden-lg vc_hidden-md\u00a0\u00bb][vc_images_carousel images=\u00a0\u00bb3822&Prime; img_size=\u00a0\u00bbfull\u00a0\u00bb onclick=\u00a0\u00bblink_no\u00a0\u00bb wrap=\u00a0\u00bbyes\u00a0\u00bb css=\u00a0\u00bb\u00a0\u00bb][vc_column_text css=\u00a0\u00bb\u00a0\u00bb el_class=\u00a0\u00bbcontainer [&hellip;]<\/p>\n","protected":false},"author":15,"featured_media":3822,"parent":3401,"menu_order":0,"comment_status":"closed","ping_status":"closed","template":"page-project-details.php","meta":{"_acf_changed":false,"_monsterinsights_skip_tracking":false,"_monsterinsights_sitenote_active":false,"_monsterinsights_sitenote_note":"","_monsterinsights_sitenote_category":0,"_uf_show_specific_survey":0,"_uf_disable_surveys":false,"footnotes":""},"tags":[112,114,113,115,117,119,116,120,118],"class_list":["post-3222","page","type-page","status-publish","has-post-thumbnail","hentry","tag-commercial","tag-construction","tag-controle-du-bruit-commercial","tag-controle-du-bruit-de-construction","tag-controle-du-bruit-environnemental","tag-controle-du-bruit-industriel","tag-environnemental","tag-home-slider","tag-industriel"],"acf":[],"aioseo_notices":[],"_links":{"self":[{"href":"https:\/\/environmental-noise-control.ca\/fr\/wp-json\/wp\/v2\/pages\/3222","targetHints":{"allow":["GET"]}}],"collection":[{"href":"https:\/\/environmental-noise-control.ca\/fr\/wp-json\/wp\/v2\/pages"}],"about":[{"href":"https:\/\/environmental-noise-control.ca\/fr\/wp-json\/wp\/v2\/types\/page"}],"author":[{"embeddable":true,"href":"https:\/\/environmental-noise-control.ca\/fr\/wp-json\/wp\/v2\/users\/15"}],"replies":[{"embeddable":true,"href":"https:\/\/environmental-noise-control.ca\/fr\/wp-json\/wp\/v2\/comments?post=3222"}],"version-history":[{"count":34,"href":"https:\/\/environmental-noise-control.ca\/fr\/wp-json\/wp\/v2\/pages\/3222\/revisions"}],"predecessor-version":[{"id":4716,"href":"https:\/\/environmental-noise-control.ca\/fr\/wp-json\/wp\/v2\/pages\/3222\/revisions\/4716"}],"up":[{"embeddable":true,"href":"https:\/\/environmental-noise-control.ca\/fr\/wp-json\/wp\/v2\/pages\/3401"}],"wp:featuredmedia":[{"embeddable":true,"href":"https:\/\/environmental-noise-control.ca\/fr\/wp-json\/wp\/v2\/media\/3822"}],"wp:attachment":[{"href":"https:\/\/environmental-noise-control.ca\/fr\/wp-json\/wp\/v2\/media?parent=3222"}],"wp:term":[{"taxonomy":"post_tag","embeddable":true,"href":"https:\/\/environmental-noise-control.ca\/fr\/wp-json\/wp\/v2\/tags?post=3222"}],"curies":[{"name":"wp","href":"https:\/\/api.w.org\/{rel}","templated":true}]}}