{"id":3229,"date":"2016-11-16T01:02:30","date_gmt":"2016-11-16T06:02:30","guid":{"rendered":"https:\/\/behre0015.sierradevops.com\/politique-de-confidentialite\/"},"modified":"2026-04-02T13:44:27","modified_gmt":"2026-04-02T17:44:27","slug":"politique-de-confidentialite","status":"publish","type":"page","link":"https:\/\/environmental-noise-control.ca\/fr\/politique-de-confidentialite\/","title":{"rendered":"Politique de confidentialit\u00e9"},"content":{"rendered":"<div class=\"wpb-content-wrapper\"><p>[vc_row][vc_column][vc_column_text]<\/p>\n<h2>Politique de confidentialit\u00e9<\/h2>\n<p>[\/vc_column_text][\/vc_column][\/vc_row][vc_row][vc_column][vc_column_text]La pr\u00e9sente politique de confidentialit\u00e9 r\u00e9git la mani\u00e8re dont Environmental Noise Control, Inc. collecte, utilise, conserve et divulgue les informations recueillies aupr\u00e8s des utilisateurs (chaque, un \u00ab Utilisateur \u00bb) du site web d\u2019Environmental Noise Control, Inc. (\u00ab Site \u00bb). Cette politique de confidentialit\u00e9 s\u2019applique \u00e0 Environmental Noise Control, Inc. Site.<\/p>\n<p><strong>Informations d\u2019identification personnelle<\/strong><\/p>\n<p>ENC peut collecter des informations d\u2019identification personnelle aupr\u00e8s des Utilisateurs de diverses mani\u00e8res, y compris, mais sans s\u2019y limiter, lorsque les Utilisateurs visitent son site, remplissent un formulaire et en relation avec d\u2019autres activit\u00e9s, services, fonctionnalit\u00e9s ou ressources qu\u2019ENC met \u00e0 disposition sur son Site. Il peut \u00eatre demand\u00e9 aux Utilisateurs, selon le cas, leur nom, leur adresse e-mail et leur num\u00e9ro de t\u00e9l\u00e9phone. Les Utilisateurs peuvent toutefois visiter le Site d\u2019ENC de mani\u00e8re anonyme. ENC ne collectera des informations d\u2019identification personnelle aupr\u00e8s des Utilisateurs que s\u2019ils lui soumettent volontairement ces informations. Les Utilisateurs peuvent toujours refuser de fournir des informations d\u2019identification personnelle, sauf que cela peut les emp\u00eacher de participer \u00e0 certaines activit\u00e9s li\u00e9es au Site.<\/p>\n<p><strong>Informations d\u2019identification non personnelles<\/strong><\/p>\n<p>ENC peut collecter des informations d\u2019identification non personnelles sur les Utilisateurs lorsqu\u2019ils interagissent avec son Site. Les informations d\u2019identification non personnelles peuvent inclure le nom du navigateur, le type d\u2019ordinateur ou d\u2019appareil mobile et des informations techniques sur les moyens de connexion de l\u2019Utilisateur \u00e0 ses Sites, tels que le syst\u00e8me d\u2019exploitation et les fournisseurs de services Internet utilis\u00e9s, ainsi que d\u2019autres informations similaires.<\/p>\n<p><strong>Cookies du navigateur web<\/strong><\/p>\n<p>Le Site d\u2019ENC utilise des \u00ab cookies \u00bb pour am\u00e9liorer l\u2019exp\u00e9rience de l\u2019Utilisateur. Le navigateur web des Utilisateurs place des cookies sur leur disque dur \u00e0 des fins d\u2019archivage et parfois pour suivre des informations \u00e0 leur sujet. Les Utilisateurs peuvent choisir de configurer leur navigateur web pour refuser les cookies ou pour les alerter lorsque des cookies sont envoy\u00e9s. S\u2019ils le font, notez que certaines parties du Site peuvent ne pas fonctionner correctement.<\/p>\n<p><strong>Comment ENC utilise les informations collect\u00e9es<\/strong><\/p>\n<p>Environmental Noise Control, Inc. peut collecter et utiliser les informations personnelles des Utilisateurs aux fins suivantes :<\/p>\n<p><strong>Pour am\u00e9liorer le service client<\/strong><\/p>\n<p>Les informations que vous fournissez aident ENC \u00e0 r\u00e9pondre plus efficacement \u00e0 vos demandes de service client et \u00e0 vos besoins d\u2019assistance.<\/p>\n<p><strong>Pour personnaliser l\u2019exp\u00e9rience utilisateur<\/strong><\/p>\n<p>ENC peut utiliser les informations de mani\u00e8re agr\u00e9g\u00e9e pour comprendre comment ses Utilisateurs, en tant que groupe, utilisent les services et les ressources fournis sur son Site.<\/p>\n<p><strong>Pour envoyer des e-mails p\u00e9riodiques<\/strong><\/p>\n<p>ENC peut utiliser l\u2019adresse e-mail pour r\u00e9pondre \u00e0 leurs demandes, questions et\/ou autres sollicitations.<\/p>\n<p><strong>Comment ENC prot\u00e8ge vos informations<\/strong><\/p>\n<p>ENC adopte des pratiques appropri\u00e9es de collecte, de stockage et de traitement des donn\u00e9es, ainsi que des mesures de s\u00e9curit\u00e9 pour se prot\u00e9ger contre l\u2019acc\u00e8s non autoris\u00e9, l\u2019alt\u00e9ration, la divulgation ou la destruction de vos informations personnelles, nom d\u2019utilisateur, mot de passe, informations de transaction et donn\u00e9es stock\u00e9es sur son Site.<\/p>\n<p>L\u2019\u00e9change de donn\u00e9es sensibles et priv\u00e9es entre le Site et ses Utilisateurs s\u2019effectue via un canal de communication s\u00e9curis\u00e9 par SSL et est crypt\u00e9 et prot\u00e9g\u00e9 par des signatures num\u00e9riques. Les Sites d\u2019ENC sont \u00e9galement conformes aux normes de vuln\u00e9rabilit\u00e9 PCI afin de cr\u00e9er un environnement aussi s\u00fbr que possible pour les Utilisateurs.<\/p>\n<p><strong>Partage de vos informations personnelles<\/strong><\/p>\n<p>ENC ne vend, n\u2019\u00e9change ni ne loue les informations d\u2019identification personnelle des Utilisateurs \u00e0 des tiers. ENC peut partager des informations d\u00e9mographiques agr\u00e9g\u00e9es g\u00e9n\u00e9riques non li\u00e9es \u00e0 des informations d\u2019identification personnelle concernant les visiteurs et les utilisateurs avec ses partenaires commerciaux, ses affili\u00e9s de confiance et ses annonceurs aux fins d\u00e9crites ci-dessus.<\/p>\n<p><strong>Modifications de cette politique de confidentialit\u00e9<\/strong><\/p>\n<p>Environmental Noise Control, Inc. a la discr\u00e9tion de mettre \u00e0 jour cette politique de confidentialit\u00e9 \u00e0 tout moment. Lorsqu\u2019ENC le fera, elle r\u00e9visera la date de mise \u00e0 jour au bas de cette page. ENC encourage les Utilisateurs \u00e0 consulter fr\u00e9quemment cette page pour rester inform\u00e9s de la mani\u00e8re dont nous aidons \u00e0 prot\u00e9ger les informations personnelles que nous collectons. Vous reconnaissez et acceptez qu\u2019il est de votre responsabilit\u00e9 de consulter p\u00e9riodiquement cette politique de confidentialit\u00e9 et de prendre connaissance des modifications.<\/p>\n<p><strong>Votre acceptation de ces conditions<\/strong><\/p>\n<p>En utilisant ce Site, vous signifiez votre acceptation de cette politique. Si vous n\u2019acceptez pas cette politique, veuillez ne pas utiliser le Site d\u2019ENC. Votre utilisation continue du Site apr\u00e8s la publication de modifications de cette politique sera consid\u00e9r\u00e9e comme votre acceptation de ces modifications.<\/p>\n<p><strong>Nous contacter<\/strong><\/p>\n<p>Si vous avez des questions concernant cette politique de confidentialit\u00e9, les pratiques de ce site ou vos relations avec ce site, veuillez nous contacter \u00e0 l\u2019adresse suivante :<\/p>\n<p>Environmental Noise Control, Inc.<br \/>\n13806 Inglewood Avenue Hawthorne,<br \/>\nCalifornie, 90250<br \/>\n(800) 679-8633[\/vc_column_text][\/vc_column][\/vc_row]<\/p>\n<\/div>","protected":false},"excerpt":{"rendered":"<p>[vc_row][vc_column][vc_column_text] Politique de confidentialit\u00e9 [\/vc_column_text][\/vc_column][\/vc_row][vc_row][vc_column][vc_column_text]La pr\u00e9sente politique de confidentialit\u00e9 r\u00e9git la mani\u00e8re dont Environmental Noise Control, Inc. collecte, utilise, conserve et divulgue les informations recueillies aupr\u00e8s des utilisateurs (chaque, un \u00ab Utilisateur \u00bb) du site web d\u2019Environmental Noise Control, Inc. (\u00ab Site \u00bb). Cette politique de confidentialit\u00e9 s\u2019applique \u00e0 Environmental Noise Control, Inc. Site. Informations [&hellip;]<\/p>\n","protected":false},"author":12,"featured_media":0,"parent":0,"menu_order":0,"comment_status":"closed","ping_status":"closed","template":"","meta":{"_acf_changed":false,"_monsterinsights_skip_tracking":false,"_monsterinsights_sitenote_active":false,"_monsterinsights_sitenote_note":"","_monsterinsights_sitenote_category":0,"_uf_show_specific_survey":0,"_uf_disable_surveys":false,"footnotes":""},"tags":[],"class_list":["post-3229","page","type-page","status-publish","hentry"],"acf":[],"aioseo_notices":[],"_links":{"self":[{"href":"https:\/\/environmental-noise-control.ca\/fr\/wp-json\/wp\/v2\/pages\/3229","targetHints":{"allow":["GET"]}}],"collection":[{"href":"https:\/\/environmental-noise-control.ca\/fr\/wp-json\/wp\/v2\/pages"}],"about":[{"href":"https:\/\/environmental-noise-control.ca\/fr\/wp-json\/wp\/v2\/types\/page"}],"author":[{"embeddable":true,"href":"https:\/\/environmental-noise-control.ca\/fr\/wp-json\/wp\/v2\/users\/12"}],"replies":[{"embeddable":true,"href":"https:\/\/environmental-noise-control.ca\/fr\/wp-json\/wp\/v2\/comments?post=3229"}],"version-history":[{"count":4,"href":"https:\/\/environmental-noise-control.ca\/fr\/wp-json\/wp\/v2\/pages\/3229\/revisions"}],"predecessor-version":[{"id":4174,"href":"https:\/\/environmental-noise-control.ca\/fr\/wp-json\/wp\/v2\/pages\/3229\/revisions\/4174"}],"wp:attachment":[{"href":"https:\/\/environmental-noise-control.ca\/fr\/wp-json\/wp\/v2\/media?parent=3229"}],"wp:term":[{"taxonomy":"post_tag","embeddable":true,"href":"https:\/\/environmental-noise-control.ca\/fr\/wp-json\/wp\/v2\/tags?post=3229"}],"curies":[{"name":"wp","href":"https:\/\/api.w.org\/{rel}","templated":true}]}}