{"id":3241,"date":"2023-12-15T16:16:22","date_gmt":"2023-12-15T21:16:22","guid":{"rendered":"https:\/\/behre0015.sierradevops.com\/controle-du-bruit-pour-le-forage-directionnel\/"},"modified":"2026-04-02T13:42:14","modified_gmt":"2026-04-02T17:42:14","slug":"controle-du-bruit-pour-le-forage-directionnel","status":"publish","type":"page","link":"https:\/\/environmental-noise-control.ca\/fr\/controle-du-bruit-pour-le-forage-directionnel\/","title":{"rendered":"Contr\u00f4le du bruit pour le forage directionnel"},"content":{"rendered":"<div class=\"wpb-content-wrapper\"><p>[vc_row][vc_column][vc_column_text el_class=\u00a0\u00bbindustries-breadcrumbs\u00a0\u00bb]<\/p>\n<h3 style=\"font-size: 14px; text-align: right;\"><a href=\"https:\/\/environmental-noise-control.ca\/fr\/controle-du-bruit-dans-le-secteur-petrolier-et-gazier\/\">P\u00c9TROLE ET GAZ<\/a> | <a href=\"https:\/\/environmental-noise-control.ca\/fr\/controle-du-bruit-pour-le-forage-directionnel\/\">FORAGE DIRIG\u00c9<\/a> | <a href=\"https:\/\/environmental-noise-control.ca\/fr\/controle-du-bruit-en-construction\/\">CONSTRUCTION<\/a> | <a href=\"https:\/\/environmental-noise-control.ca\/fr\/controle-du-bruit-industriel\/\">USINE\/INDUSTRIE<\/a> | <a href=\"https:\/\/environmental-noise-control.ca\/fr\/controle-du-bruit-des-centres-de-donnees\/\">CENTRES DE DONN\u00c9ES<\/a> | <a href=\"https:\/\/environmental-noise-control.ca\/fr\/environmental-noise-control\/\">ENVIRONNEMENT<\/a> | <a href=\"https:\/\/environmental-noise-control.ca\/fr\/controle-du-bruit-dans-le-divertissement\/\">DIVERTISSEMENT<\/a><\/h3>\n<p>[\/vc_column_text][\/vc_column][\/vc_row][vc_row][vc_column][vc_single_image image=\u00a0\u00bb3243&Prime; img_size=\u00a0\u00bbfull\u00a0\u00bb alignment=\u00a0\u00bbcenter\u00a0\u00bb][vc_column_text css=\u00a0\u00bb\u00a0\u00bb]<\/p>\n<h2><strong>Solutions de contr\u00f4le du bruit pour tous types de projets de forage<\/strong><\/h2>\n<p>Du forage directionnel horizontal (HDD) et des projets d&rsquo;infrastructure aux projets g\u00e9othermiques et \u00e9oliens en mer, si vous travaillez en sous-sol, nous pouvons vous aider \u00e0 maintenir le calme pendant vos op\u00e9rations. Notre approche consultative en mati\u00e8re de contr\u00f4le du bruit se traduit par des partenariats \u00e0 long terme avec nos clients afin de fournir des solutions de contr\u00f4le du bruit pratiques et rentables pour tous les types de bruit de forage. <\/p>\n<p><strong>Solutions de contr\u00f4le du bruit pour le bruit de forage :<\/strong><\/p>\n<p>Avec des produits de contr\u00f4le du bruit taraud\u00e9s et autoportants disponibles, notre \u00e9quipe d&rsquo;experts peut vous aider \u00e0 concevoir un plan d&rsquo;att\u00e9nuation rentable pour contr\u00f4ler le bruit de forage, m\u00eame pour les sites de projet ou les emplacements HDD les plus restreints. Nous comprenons les contraintes d&rsquo;espace auxquelles de nombreux projets de forage doivent faire face et pouvons fournir des solutions avec des exigences d&#8217;emprise minimales. Nos solutions cl\u00e9s en main comprennent :  <\/p>\n<p style=\"padding-left: 40px;\"><span data-preserver-spaces=\"true\">\u2022 <a href=\"https:\/\/environmental-noise-control.ca\/fr\/produits\/murs-antibruit-temporaires\/\">Murs antibruit temporaires<\/a><\/span><span data-preserver-spaces=\"true\"> qui offrent des solutions rentables jusqu&rsquo;\u00e0 40 pieds de hauteur lorsque la mise en place de poutres dans le sol est r\u00e9alisable.<\/span><\/p>\n<p style=\"padding-left: 40px;\"><span data-preserver-spaces=\"true\">\u2022 Un <\/span><a href=\"https:\/\/environmental-noise-control.ca\/fr\/produits\/murs-anti-bruit-montes-sur-k-rail\/\"><span data-preserver-spaces=\"true\">syst\u00e8me de barri\u00e8re k-rail\/jersey brevet\u00e9<\/span><\/a><span data-preserver-spaces=\"true\"> qui transforme nos murs antibruit temporaires en une alternative autoportante efficace sans sacrifier la qualit\u00e9 du contr\u00f4le du bruit, en utilisant la barri\u00e8re k-rail\/jersey courante.<\/span><\/p>\n<p style=\"padding-left: 40px;\"><span data-preserver-spaces=\"true\">\u2022 Con\u00e7us pour \u00eatre plac\u00e9s \u00e0 proximit\u00e9 des \u00e9quipements, les panneaux portables SK8 atteignent des hauteurs allant jusqu&rsquo;\u00e0 24 pieds, bloquant efficacement les bruits \u00e0 basse fr\u00e9quence, source de nombreuses plaintes sonores.<\/span><\/p>\n<p style=\"padding-left: 40px;\"><span data-preserver-spaces=\"true\">\u2022 Les enceintes acoustiques et les bancs de silencieux offrent des solutions de contr\u00f4le du bruit permanentes pour les compresseurs et les g\u00e9n\u00e9ratrices.<\/span><\/p>\n<p style=\"padding-left: 40px;\"><span data-preserver-spaces=\"true\">\u2022 <a href=\"https:\/\/environmental-noise-control.ca\/fr\/produits\/panneaux-acoustiques-portables\/\">Les panneaux acoustiques portables<\/a><\/span><span data-preserver-spaces=\"true\"> sont polyvalents et peuvent \u00eatre install\u00e9s et retir\u00e9s en quelques minutes, offrant aux clients une solution \u00e0 la demande pour tout probl\u00e8me pouvant survenir sur un chantier.<\/span><\/p>\n<p style=\"padding-left: 40px;\"><span data-preserver-spaces=\"true\">\u2022 <a href=\"https:\/\/environmental-noise-control.ca\/fr\/produits\/couvertures-de-barriere-acoustique\/\">Les couvertures acoustiques<\/a><\/span><span data-preserver-spaces=\"true\"> peuvent \u00eatre fournies en plusieurs tailles, couleurs et niveaux de performance pour maximiser la performance et la valeur de nos solutions.<\/span><\/p>\n<p>[\/vc_column_text][\/vc_column][\/vc_row][vc_row][vc_column][vc_btn title=\u00a0\u00bbContactez-nous d\u00e8s aujourd\u2019hui pour discuter de votre prochain projet\u00a0\u00bb style=\u00a0\u00bboutline\u00a0\u00bb color=\u00a0\u00bbwhite\u00a0\u00bb size=\u00a0\u00bblg\u00a0\u00bb align=\u00a0\u00bbcenter\u00a0\u00bb link=\u00a0\u00bburl:https%3A%2F%2Fenvironmental-noise-control.ca%2Ffr%2Fcontactez-nous%2F|title:Contactez-nous|\u00a0\u00bb][\/vc_column][\/vc_row]<\/p>\n<\/div>","protected":false},"excerpt":{"rendered":"<p>[vc_row][vc_column][vc_column_text el_class=\u00a0\u00bbindustries-breadcrumbs\u00a0\u00bb] P\u00c9TROLE ET GAZ | FORAGE DIRIG\u00c9 | CONSTRUCTION | USINE\/INDUSTRIE | CENTRES DE DONN\u00c9ES | ENVIRONNEMENT | DIVERTISSEMENT [\/vc_column_text][\/vc_column][\/vc_row][vc_row][vc_column][vc_single_image image=\u00a0\u00bb3243&Prime; img_size=\u00a0\u00bbfull\u00a0\u00bb alignment=\u00a0\u00bbcenter\u00a0\u00bb][vc_column_text css=\u00a0\u00bb\u00a0\u00bb] Solutions de contr\u00f4le du bruit pour tous types de projets de forage Du forage directionnel horizontal (HDD) et des projets d&rsquo;infrastructure aux projets g\u00e9othermiques et \u00e9oliens en mer, si vous [&hellip;]<\/p>\n","protected":false},"author":18,"featured_media":0,"parent":0,"menu_order":0,"comment_status":"closed","ping_status":"closed","template":"","meta":{"_acf_changed":false,"_monsterinsights_skip_tracking":false,"_monsterinsights_sitenote_active":false,"_monsterinsights_sitenote_note":"","_monsterinsights_sitenote_category":0,"_uf_show_specific_survey":0,"_uf_disable_surveys":false,"footnotes":""},"tags":[],"class_list":["post-3241","page","type-page","status-publish","hentry"],"acf":[],"aioseo_notices":[],"_links":{"self":[{"href":"https:\/\/environmental-noise-control.ca\/fr\/wp-json\/wp\/v2\/pages\/3241","targetHints":{"allow":["GET"]}}],"collection":[{"href":"https:\/\/environmental-noise-control.ca\/fr\/wp-json\/wp\/v2\/pages"}],"about":[{"href":"https:\/\/environmental-noise-control.ca\/fr\/wp-json\/wp\/v2\/types\/page"}],"author":[{"embeddable":true,"href":"https:\/\/environmental-noise-control.ca\/fr\/wp-json\/wp\/v2\/users\/18"}],"replies":[{"embeddable":true,"href":"https:\/\/environmental-noise-control.ca\/fr\/wp-json\/wp\/v2\/comments?post=3241"}],"version-history":[{"count":8,"href":"https:\/\/environmental-noise-control.ca\/fr\/wp-json\/wp\/v2\/pages\/3241\/revisions"}],"predecessor-version":[{"id":4151,"href":"https:\/\/environmental-noise-control.ca\/fr\/wp-json\/wp\/v2\/pages\/3241\/revisions\/4151"}],"wp:attachment":[{"href":"https:\/\/environmental-noise-control.ca\/fr\/wp-json\/wp\/v2\/media?parent=3241"}],"wp:term":[{"taxonomy":"post_tag","embeddable":true,"href":"https:\/\/environmental-noise-control.ca\/fr\/wp-json\/wp\/v2\/tags?post=3241"}],"curies":[{"name":"wp","href":"https:\/\/api.w.org\/{rel}","templated":true}]}}