{"id":3247,"date":"2016-12-09T02:48:13","date_gmt":"2016-12-09T07:48:13","guid":{"rendered":"https:\/\/behre0015.sierradevops.com\/controle-du-bruit-pour-un-projet-de-decontamination-des-sols\/"},"modified":"2026-04-16T14:29:40","modified_gmt":"2026-04-16T18:29:40","slug":"controle-du-bruit-pour-un-projet-de-decontamination-des-sols","status":"publish","type":"page","link":"https:\/\/environmental-noise-control.ca\/fr\/projets\/controle-du-bruit-pour-un-projet-de-decontamination-des-sols\/","title":{"rendered":"Contr\u00f4le du bruit pour un projet de d\u00e9pollution des sols"},"content":{"rendered":"<div class=\"wpb-content-wrapper\"><p>[vc_row el_class=\u00a0\u00bbprojects_bunner_slider\u00a0\u00bb][vc_column][vc_images_carousel images=\u00a0\u00bb3251,3255,3256,3257&Prime; img_size=\u00a0\u00bbfull\u00a0\u00bb onclick=\u00a0\u00bblink_no\u00a0\u00bb wrap=\u00a0\u00bbyes\u00a0\u00bb][vc_column_text el_class=\u00a0\u00bbcontainer carousel_title\u00a0\u00bb]<\/p>\n<h4>\u00c9tude de cas<\/h4>\n<h1>American Integrated Service, projet KAST<\/h1>\n<p>Secteur : Environnemental<br \/>\nEmplacement : Carousal Tract, Carson, CA[\/vc_column_text][\/vc_column][\/vc_row][vc_row el_class=\u00a0\u00bbcontainer_project\u00a0\u00bb][vc_column width=\u00a0\u00bb1\/2&Prime;][vc_column_text el_class=\u00a0\u00bbul_type1&Prime;]<\/p>\n<ul>\n<li>\n<h3>Contr\u00f4le du bruit pour un projet de d\u00e9contamination des sols en bref<\/h3>\n<\/li>\n<li><span style=\"font-weight: 400;\">Environmental Noise Control, Inc. a <a href=\"https:\/\/www.environmental-noise-control.ca\/services\/noise-mitigation-design\/\" target=\"_blank\" rel=\"noopener\"><strong>con\u00e7u et fabriqu\u00e9<\/strong><\/a> une <strong><a href=\"https:\/\/www.environmental-noise-control.ca\/products\/\" target=\"_blank\" rel=\"noopener\">solution de contr\u00f4le du bruit<\/a><\/strong> pour un projet de d\u00e9contamination des sols comprenant environ 800 pieds lin\u00e9aires de <a href=\"https:\/\/www.environmental-noise-control.ca\/products\/k-rail-mounted-temporary-sound-wall\/\"><strong>murs antibruit temporaires mont\u00e9s sur K-Rail<\/strong><\/a>.<\/span><\/li>\n<li><span style=\"font-weight: 400;\"> Les panneaux d&rsquo;ENC ont emp\u00each\u00e9 les nuisances sonores ind\u00e9sirables d&rsquo;affecter la vie quotidienne des r\u00e9sidents pendant que la ville de Carson travaille \u00e0 assainir l&rsquo;environnement.<\/span><\/li>\n<li>Ce projet a utilis\u00e9 les <a href=\"https:\/\/www.environmental-noise-control.ca\/products\/stc-32-acoustical-barrier-blankets\/\" target=\"_blank\" rel=\"noopener\"><strong>couvertures de barri\u00e8re acoustique STC-32<\/strong><\/a> d&rsquo;ENC.<\/li>\n<\/ul>\n<p>[\/vc_column_text][\/vc_column][vc_column width=\u00a0\u00bb1\/2&Prime;][vc_column_text]American Integrated Service s&rsquo;est adress\u00e9e \u00e0 Environmental Noise Control, Inc. lorsque la ville de Carson, CA, lui a confi\u00e9 un projet historique de d\u00e9contamination des sols. Leur travail consistait \u00e0 placer des canalisations souterraines \u00e0 environ 36&Prime; &#8211; 46&Prime; pour acheminer les mat\u00e9riaux de sol extraits hors du sol contamin\u00e9. Des excavations importantes et l&rsquo;am\u00e9lioration des propri\u00e9t\u00e9s existantes font \u00e9galement partie du plan, qui comprend au moins 27 phases de travaux. Tout au long de l&rsquo;excavation, du forage des canalisations et de la d\u00e9contamination des sols, American Integrated Service s&rsquo;inqui\u00e9tait du bruit provenant de l&rsquo;\u00e9quipement lourd et des travaux affectant les r\u00e9sidents.   <\/p>\n<p>ENC a <a href=\"https:\/\/www.environmental-noise-control.ca\/services\/noise-mitigation-design\/\" target=\"_blank\" rel=\"noopener\"><strong>con\u00e7u et fabriqu\u00e9<\/strong><\/a> environ 800 pieds lin\u00e9aires de <a href=\"https:\/\/www.environmental-noise-control.ca\/products\/k-rail-mounted-temporary-sound-wall\/\" target=\"_blank\" rel=\"noopener\"><strong>murs antibruit temporaires mont\u00e9s sur K-Rail<\/strong><\/a> qui seront utilis\u00e9s tout au long du projet. La facilit\u00e9 de ces barri\u00e8res permettra un positionnement sur site pour un blocage et une absorption du bruit les plus efficaces. Les panneaux utilisent les <a href=\"https:\/\/www.environmental-noise-control.ca\/products\/stc-32-acoustical-barrier-blankets\/\"><strong>couvertures de barri\u00e8re acoustique STC-32<\/strong><\/a> exclusives d&rsquo;ENC avec un rev\u00eatement vert. <\/p>\n<p>Les <a href=\"https:\/\/www.environmental-noise-control.ca\/products\/\" target=\"_blank\" rel=\"noopener\"><strong>syst\u00e8mes de contr\u00f4le du bruit<\/strong><\/a> mis en place ont \u00e9t\u00e9 largement accept\u00e9s et appr\u00e9ci\u00e9s dans tout le quartier. Les panneaux d&rsquo;ENC emp\u00eachent les nuisances sonores ind\u00e9sirables d&rsquo;affecter la vie quotidienne des r\u00e9sidents pendant que la ville de Carson travaille \u00e0 assainir l&rsquo;environnement.[\/vc_column_text][\/vc_column][\/vc_row][vc_row el_class=\u00a0\u00bbcontainer_project\u00a0\u00bb][vc_column width=\u00a0\u00bb1\/2&Prime;][vc_single_image image=\u00a0\u00bb4412&Prime; img_size=\u00a0\u00bb1920&#215;800&Prime; onclick=\u00a0\u00bblink_image\u00a0\u00bb css=\u00a0\u00bb\u00a0\u00bb][\/vc_column][vc_column width=\u00a0\u00bb1\/2&Prime;][vc_single_image image=\u00a0\u00bb4414&Prime; img_size=\u00a0\u00bb1920&#215;1080&Prime; onclick=\u00a0\u00bblink_image\u00a0\u00bb css=\u00a0\u00bb\u00a0\u00bb][\/vc_column][\/vc_row][vc_row][vc_column][vc_cta h2=\u00a0\u00bbEn savoir plus sur les produits et services d&apos;ENC\u00a0\u00bb h2_font_container=\u00a0\u00bbtag:h2|font_size:22|text_align:center|color:%23FFFFFF\u00a0\u00bb h2_use_theme_fonts=\u00a0\u00bbyes\u00a0\u00bb txt_align=\u00a0\u00bbcenter\u00a0\u00bb el_width=\u00a0\u00bbxl\u00a0\u00bb add_button=\u00a0\u00bbbottom\u00a0\u00bb btn_title=\u00a0\u00bbExplorer les solutions acoustiques\u00a0\u00bb btn_style=\u00a0\u00bbcustom\u00a0\u00bb btn_custom_background=\u00a0\u00bb#1698a8&Prime; btn_custom_text=\u00a0\u00bb#ffffff\u00a0\u00bb btn_align=\u00a0\u00bbcenter\u00a0\u00bb btn_i_icon_fontawesome=\u00a0\u00bbfa fa-solid fa-arrow-right\u00a0\u00bb css=\u00a0\u00bb.vc_custom_1776364166993{padding-top: 30px !important;padding-right: 20px !important;}\u00a0\u00bb use_custom_fonts_h2=\u00a0\u00bbtrue\u00a0\u00bb btn_add_icon=\u00a0\u00bbtrue\u00a0\u00bb btn_link=\u00a0\u00bburl:https%3A%2F%2Fenvironmental-noise-control.ca%2Ffr%2Fproduits%2F|title:Produits|target:_blank|\u00a0\u00bb][\/vc_cta][\/vc_column][\/vc_row]<\/p>\n<\/div>","protected":false},"excerpt":{"rendered":"<p>Un diffuseur t\u00e9l\u00e9vis\u00e9 \u00e0 Carson, en Californie, modernisait son studio et lorem ipsum dolor sic amet consectetur adipiscing.<\/p>\n","protected":false},"author":15,"featured_media":3252,"parent":3401,"menu_order":0,"comment_status":"closed","ping_status":"closed","template":"page-project-details.php","meta":{"_acf_changed":false,"_monsterinsights_skip_tracking":false,"_monsterinsights_sitenote_active":false,"_monsterinsights_sitenote_note":"","_monsterinsights_sitenote_category":0,"_uf_show_specific_survey":0,"_uf_disable_surveys":false,"footnotes":""},"tags":[117,116,120],"class_list":["post-3247","page","type-page","status-publish","has-post-thumbnail","hentry","tag-controle-du-bruit-environnemental","tag-environnemental","tag-home-slider"],"acf":[],"aioseo_notices":[],"_links":{"self":[{"href":"https:\/\/environmental-noise-control.ca\/fr\/wp-json\/wp\/v2\/pages\/3247","targetHints":{"allow":["GET"]}}],"collection":[{"href":"https:\/\/environmental-noise-control.ca\/fr\/wp-json\/wp\/v2\/pages"}],"about":[{"href":"https:\/\/environmental-noise-control.ca\/fr\/wp-json\/wp\/v2\/types\/page"}],"author":[{"embeddable":true,"href":"https:\/\/environmental-noise-control.ca\/fr\/wp-json\/wp\/v2\/users\/15"}],"replies":[{"embeddable":true,"href":"https:\/\/environmental-noise-control.ca\/fr\/wp-json\/wp\/v2\/comments?post=3247"}],"version-history":[{"count":28,"href":"https:\/\/environmental-noise-control.ca\/fr\/wp-json\/wp\/v2\/pages\/3247\/revisions"}],"predecessor-version":[{"id":4704,"href":"https:\/\/environmental-noise-control.ca\/fr\/wp-json\/wp\/v2\/pages\/3247\/revisions\/4704"}],"up":[{"embeddable":true,"href":"https:\/\/environmental-noise-control.ca\/fr\/wp-json\/wp\/v2\/pages\/3401"}],"wp:featuredmedia":[{"embeddable":true,"href":"https:\/\/environmental-noise-control.ca\/fr\/wp-json\/wp\/v2\/media\/3252"}],"wp:attachment":[{"href":"https:\/\/environmental-noise-control.ca\/fr\/wp-json\/wp\/v2\/media?parent=3247"}],"wp:term":[{"taxonomy":"post_tag","embeddable":true,"href":"https:\/\/environmental-noise-control.ca\/fr\/wp-json\/wp\/v2\/tags?post=3247"}],"curies":[{"name":"wp","href":"https:\/\/api.w.org\/{rel}","templated":true}]}}