{"id":3270,"date":"2026-03-05T11:54:35","date_gmt":"2026-03-05T16:54:35","guid":{"rendered":"https:\/\/behre0015.sierradevops.com\/developpement-urbain\/"},"modified":"2026-04-16T14:35:48","modified_gmt":"2026-04-16T18:35:48","slug":"developpement-urbain","status":"publish","type":"page","link":"https:\/\/environmental-noise-control.ca\/fr\/projets\/developpement-urbain\/","title":{"rendered":"D\u00e9veloppement urbain"},"content":{"rendered":"<div class=\"wpb-content-wrapper\"><p>[vc_row el_class=\u00a0\u00bbprojects_bunner_slider\u00a0\u00bb][vc_column offset=\u00a0\u00bbvc_hidden-sm vc_hidden-xs\u00a0\u00bb][vc_images_carousel images=\u00a0\u00bb3848,3849&Prime; img_size=\u00a0\u00bb1920&#215;625&Prime; onclick=\u00a0\u00bblink_no\u00a0\u00bb wrap=\u00a0\u00bbyes\u00a0\u00bb css=\u00a0\u00bb\u00a0\u00bb][vc_column_text css=\u00a0\u00bb\u00a0\u00bb el_class=\u00a0\u00bbcontainer carousel_title\u00a0\u00bb]<\/p>\n<h4>\u00c9tude de cas<\/h4>\n<h1>D\u00e9veloppement urbain<\/h1>\n<p>Client : Sommerville<br \/>\nLieu : Mississauga, Ontario<br \/>\nProjet : Forage directionnel horizontal (FDH)<br \/>\nSolution : Murs antibruit mont\u00e9s sur K-rail[\/vc_column_text][\/vc_column][\/vc_row][vc_row el_class=\u00a0\u00bbprojects_bunner_slider\u00a0\u00bb][vc_column offset=\u00a0\u00bbvc_hidden-lg vc_hidden-md\u00a0\u00bb][vc_images_carousel images=\u00a0\u00bb3848,3849&Prime; img_size=\u00a0\u00bbfull\u00a0\u00bb onclick=\u00a0\u00bblink_no\u00a0\u00bb wrap=\u00a0\u00bbyes\u00a0\u00bb css=\u00a0\u00bb\u00a0\u00bb][vc_column_text css=\u00a0\u00bb\u00a0\u00bb el_class=\u00a0\u00bbcontainer carousel_title\u00a0\u00bb]<\/p>\n<h4>\u00c9tude de cas<\/h4>\n<h1>D\u00e9veloppement urbain<\/h1>\n<p>Client : Sommerville<br \/>\nLieu : Mississauga, Ontario<br \/>\nProjet : Forage directionnel horizontal (FDH)<br \/>\nSolution : Murs antibruit mont\u00e9s sur K-rail[\/vc_column_text][\/vc_column][\/vc_row][vc_row el_class=\u00a0\u00bbcontainer_project\u00a0\u00bb][vc_column width=\u00a0\u00bb1\/2&Prime;][vc_column_text css=\u00a0\u00bb\u00a0\u00bb el_class=\u00a0\u00bbul_type1&Prime;]<\/p>\n<ul>\n<li>\n<h3>Aper\u00e7u de l\u2019att\u00e9nuation du bruit pour le projet FDH de Sommerville<\/h3>\n<\/li>\n<li>Environmental Noise Control, Inc. a fourni un syst\u00e8me de murs antibruit mont\u00e9s sur K-Rail pour r\u00e9pondre aux d\u00e9fis acoustiques du projet FDH de Sommerville.<\/li>\n<li>Le cadre double K-Rail repens\u00e9 a permis de soutenir des barri\u00e8res allant jusqu\u2019\u00e0 20 pieds de hauteur sans p\u00e9n\u00e9tration du sol.<\/li>\n<li>Les composants modulaires ont permis un d\u00e9ploiement et un repositionnement rapides au fur et \u00e0 mesure du d\u00e9placement des \u00e9quipements.<\/li>\n<li>Des couvertures acoustiques (STC-25 et STC-32 avec rev\u00eatements NRC) ont assur\u00e9 une r\u00e9duction sonore v\u00e9rifi\u00e9e.<\/li>\n<li>Le syst\u00e8me flexible a aid\u00e9 Sommerville \u00e0 rester en conformit\u00e9 avec les r\u00e9glementations sur le bruit, \u00e0 \u00e9viter les p\u00e9nalit\u00e9s et \u00e0 pr\u00e9venir les plaintes des r\u00e9sidents.<\/li>\n<\/ul>\n<p>[\/vc_column_text][\/vc_column][vc_column width=\u00a0\u00bb1\/2&Prime;][vc_column_text css=\u00a0\u00bb\u00a0\u00bb]<\/p>\n<h2><b>Le d\u00e9fi<\/b><\/h2>\n<p>Lorsque Sommerville a commenc\u00e9 les travaux de son projet de forage directionnel horizontal, l\u2019entreprise a \u00e9t\u00e9 confront\u00e9e \u00e0 des d\u00e9fis d\u2019att\u00e9nuation du bruit, notamment :<\/p>\n<ul>\n<li aria-level=\"1\">Proximit\u00e9 imm\u00e9diate de r\u00e9sidences<\/li>\n<li aria-level=\"1\">D\u00e9placement fr\u00e9quent des \u00e9quipements<\/li>\n<li aria-level=\"1\">Lignes \u00e9lectriques \u00e0 proximit\u00e9<\/li>\n<\/ul>\n<p>Contrairement aux sites de construction traditionnels, leur emplacement interdisait les barri\u00e8res antibruit permanentes ou la p\u00e9n\u00e9tration du sol pour les structures de support.<\/p>\n<h2><b>La solution<\/b><\/h2>\n<p>Environmental Noise Control (ENC) a recommand\u00e9 un <a href=\"https:\/\/environmental-noise-control.ca\/noise-control-products\/k-rail-mounted-sound-walls\/\">syst\u00e8me sp\u00e9cialis\u00e9 de murs antibruit mont\u00e9s sur K-Rail<\/a> sp\u00e9cifiquement con\u00e7u pour les situations o\u00f9 le forage du sol n\u2019est pas r\u00e9alisable. Cette conception brevet\u00e9e a offert plusieurs avantages \u00e0 Sommerville : <\/p>\n<ul>\n<li aria-level=\"1\">Le cadre double K-Rail nouvellement repens\u00e9 a soutenu des barri\u00e8res jusqu\u2019\u00e0 20 pieds de haut sans n\u00e9cessiter de p\u00e9n\u00e9tration du sol<\/li>\n<li aria-level=\"1\">Les composants modulaires ont permis un d\u00e9ploiement et une reconfiguration rapides selon l\u2019\u00e9volution des zones de travail<\/li>\n<li aria-level=\"1\">Des couvertures acoustiques test\u00e9es en laboratoire (disponibles en STC-25 et STC-32 avec rev\u00eatements NRC) ont fourni une r\u00e9duction sonore v\u00e9rifi\u00e9e<\/li>\n<li aria-level=\"1\">Le syst\u00e8me d\u2019autolestage a assur\u00e9 la stabilit\u00e9 tout en maintenant la mobilit\u00e9<\/li>\n<\/ul>\n<h2><b>Les r\u00e9sultats<\/b><\/h2>\n<p>Sommerville a r\u00e9ussi \u00e0 maintenir la conformit\u00e9 avec les ordonnances locales sur le bruit tout au long des phases de construction. La flexibilit\u00e9 du syst\u00e8me K-Rail leur a permis de repositionner les barri\u00e8res selon les besoins sans retarder le projet. Les r\u00e9sidents locaux n\u2019ont signal\u00e9 aucune perturbation et le projet a \u00e9vit\u00e9 des p\u00e9nalit\u00e9s co\u00fbteuses pour violation des normes de bruit.  <\/p>\n<h2><b>Vous avez un projet ? Nous sommes pr\u00eats \u00e0 relever le d\u00e9fi <\/b><\/h2>\n<p>Besoin d\u2019une solution d\u2019att\u00e9nuation du bruit innovante ? Nous disposons d\u2019une gamme compl\u00e8te de barri\u00e8res acoustiques con\u00e7ues pour les projets les plus exigeants. Contactez-nous pour parler \u00e0 un sp\u00e9cialiste de l\u2019att\u00e9nuation du bruit et remettre votre projet sur les rails.[\/vc_column_text][\/vc_column][\/vc_row][vc_row][vc_column][vc_cta h2=\u00a0\u00bbEn savoir plus sur les produits et services d&apos;ENC\u00a0\u00bb h2_font_container=\u00a0\u00bbtag:h2|font_size:22|text_align:center|color:%23FFFFFF\u00a0\u00bb h2_use_theme_fonts=\u00a0\u00bbyes\u00a0\u00bb txt_align=\u00a0\u00bbcenter\u00a0\u00bb el_width=\u00a0\u00bbxl\u00a0\u00bb add_button=\u00a0\u00bbbottom\u00a0\u00bb btn_title=\u00a0\u00bbExplorer les solutions acoustiques\u00a0\u00bb btn_style=\u00a0\u00bbcustom\u00a0\u00bb btn_custom_background=\u00a0\u00bb#1698a8&Prime; btn_custom_text=\u00a0\u00bb#ffffff\u00a0\u00bb btn_align=\u00a0\u00bbcenter\u00a0\u00bb btn_i_icon_fontawesome=\u00a0\u00bbfa fa-solid fa-arrow-right\u00a0\u00bb css=\u00a0\u00bb.vc_custom_1776364531920{padding-top: 30px !important;padding-right: 20px !important;}\u00a0\u00bb use_custom_fonts_h2=\u00a0\u00bbtrue\u00a0\u00bb btn_add_icon=\u00a0\u00bbtrue\u00a0\u00bb btn_link=\u00a0\u00bburl:https%3A%2F%2Fenvironmental-noise-control.ca%2Ffr%2Fproduits%2F|title:Produits|target:_blank|\u00a0\u00bb][\/vc_cta][\/vc_column][\/vc_row]<\/p>\n<\/div>","protected":false},"excerpt":{"rendered":"<p>[vc_row el_class=\u00a0\u00bbprojects_bunner_slider\u00a0\u00bb][vc_column offset=\u00a0\u00bbvc_hidden-sm vc_hidden-xs\u00a0\u00bb][vc_images_carousel images=\u00a0\u00bb3848,3849&Prime; img_size=\u00a0\u00bb1920&#215;625&Prime; onclick=\u00a0\u00bblink_no\u00a0\u00bb wrap=\u00a0\u00bbyes\u00a0\u00bb css=\u00a0\u00bb\u00a0\u00bb][vc_column_text css=\u00a0\u00bb\u00a0\u00bb el_class=\u00a0\u00bbcontainer carousel_title\u00a0\u00bb] \u00c9tude de cas D\u00e9veloppement urbain Client : Sommerville Lieu : Mississauga, Ontario Projet : Forage directionnel horizontal (FDH) Solution : Murs antibruit mont\u00e9s sur K-rail[\/vc_column_text][\/vc_column][\/vc_row][vc_row el_class=\u00a0\u00bbprojects_bunner_slider\u00a0\u00bb][vc_column offset=\u00a0\u00bbvc_hidden-lg vc_hidden-md\u00a0\u00bb][vc_images_carousel images=\u00a0\u00bb3848,3849&Prime; img_size=\u00a0\u00bbfull\u00a0\u00bb onclick=\u00a0\u00bblink_no\u00a0\u00bb wrap=\u00a0\u00bbyes\u00a0\u00bb css=\u00a0\u00bb\u00a0\u00bb][vc_column_text css=\u00a0\u00bb\u00a0\u00bb el_class=\u00a0\u00bbcontainer carousel_title\u00a0\u00bb] \u00c9tude de cas D\u00e9veloppement urbain Client : [&hellip;]<\/p>\n","protected":false},"author":15,"featured_media":3848,"parent":3401,"menu_order":0,"comment_status":"closed","ping_status":"closed","template":"page-project-details.php","meta":{"_acf_changed":false,"_monsterinsights_skip_tracking":false,"_monsterinsights_sitenote_active":false,"_monsterinsights_sitenote_note":"","_monsterinsights_sitenote_category":0,"_uf_show_specific_survey":0,"_uf_disable_surveys":false,"footnotes":""},"tags":[112,114,113,115,117,119,116,120,118],"class_list":["post-3270","page","type-page","status-publish","has-post-thumbnail","hentry","tag-commercial","tag-construction","tag-controle-du-bruit-commercial","tag-controle-du-bruit-de-construction","tag-controle-du-bruit-environnemental","tag-controle-du-bruit-industriel","tag-environnemental","tag-home-slider","tag-industriel"],"acf":[],"aioseo_notices":[],"_links":{"self":[{"href":"https:\/\/environmental-noise-control.ca\/fr\/wp-json\/wp\/v2\/pages\/3270","targetHints":{"allow":["GET"]}}],"collection":[{"href":"https:\/\/environmental-noise-control.ca\/fr\/wp-json\/wp\/v2\/pages"}],"about":[{"href":"https:\/\/environmental-noise-control.ca\/fr\/wp-json\/wp\/v2\/types\/page"}],"author":[{"embeddable":true,"href":"https:\/\/environmental-noise-control.ca\/fr\/wp-json\/wp\/v2\/users\/15"}],"replies":[{"embeddable":true,"href":"https:\/\/environmental-noise-control.ca\/fr\/wp-json\/wp\/v2\/comments?post=3270"}],"version-history":[{"count":31,"href":"https:\/\/environmental-noise-control.ca\/fr\/wp-json\/wp\/v2\/pages\/3270\/revisions"}],"predecessor-version":[{"id":4720,"href":"https:\/\/environmental-noise-control.ca\/fr\/wp-json\/wp\/v2\/pages\/3270\/revisions\/4720"}],"up":[{"embeddable":true,"href":"https:\/\/environmental-noise-control.ca\/fr\/wp-json\/wp\/v2\/pages\/3401"}],"wp:featuredmedia":[{"embeddable":true,"href":"https:\/\/environmental-noise-control.ca\/fr\/wp-json\/wp\/v2\/media\/3848"}],"wp:attachment":[{"href":"https:\/\/environmental-noise-control.ca\/fr\/wp-json\/wp\/v2\/media?parent=3270"}],"wp:term":[{"taxonomy":"post_tag","embeddable":true,"href":"https:\/\/environmental-noise-control.ca\/fr\/wp-json\/wp\/v2\/tags?post=3270"}],"curies":[{"name":"wp","href":"https:\/\/api.w.org\/{rel}","templated":true}]}}