{"id":3277,"date":"2016-10-26T22:03:46","date_gmt":"2016-10-27T02:03:46","guid":{"rendered":"https:\/\/behre0015.sierradevops.com\/produits\/"},"modified":"2026-04-16T14:40:21","modified_gmt":"2026-04-16T18:40:21","slug":"produits","status":"publish","type":"page","link":"https:\/\/environmental-noise-control.ca\/fr\/produits\/","title":{"rendered":"Produits"},"content":{"rendered":"<div class=\"wpb-content-wrapper\"><p>[vc_row full_width=\u00a0\u00bbstretch_row_content_no_spaces\u00a0\u00bb css=\u00a0\u00bb.vc_custom_1776364728334{margin-right: 0px !important;margin-left: 0px !important;padding-top: 50px !important;padding-bottom: 50px !important;background-color: #1698A8 !important;}\u00a0\u00bb][vc_column width=\u00a0\u00bb5\/6&Prime; offset=\u00a0\u00bbvc_col-lg-offset-1&Prime; css=\u00a0\u00bb.vc_custom_1776364804409{padding-right: 40px !important;}\u00a0\u00bb][vc_column_text css=\u00a0\u00bb.vc_custom_1773149292755{margin-bottom: -20px !important;}\u00a0\u00bb]<\/p>\n<div class=\"wpb_text_column wpb_content_element\">\n<div class=\"wpb_wrapper\">\n<h1>Produits<\/h1>\n<\/div>\n<\/div>\n<p>[\/vc_column_text][vc_column_text css=\u00a0\u00bb.vc_custom_1773149523403{margin-bottom: -20px !important;}\u00a0\u00bb]<\/p>\n<div class=\"wpb_text_column wpb_content_element\">\n<div class=\"wpb_wrapper\">\n<p><span style=\"color: #ffffff; font-size: 19px; font-weight: lighter;\">Nous proposons une gamme de produits li\u00e9s \u00e0 tous les aspects du contr\u00f4le du bruit, y compris des produits que nous avons con\u00e7us et d\u00e9velopp\u00e9s en interne selon nos normes rigoureuses.<\/span><\/div>\n<\/div>\n<p>[\/vc_column_text][\/vc_column][\/vc_row][vc_row css=\u00a0\u00bb.vc_custom_1773149399469{margin-top: 0px !important;padding-top: 0px !important;background-color: #FFFFFF !important;}\u00a0\u00bb][vc_column width=\u00a0\u00bb5\/6&Prime; offset=\u00a0\u00bbvc_col-lg-offset-1&Prime;][vc_column_text css=\u00a0\u00bb\u00a0\u00bb]<\/p>\n<h3 style=\"text-align: center;\">Tous nos produits sont con\u00e7us et test\u00e9s par un laboratoire ind\u00e9pendant afin de garantir un contr\u00f4le du bruit efficace. Que vous recherchiez des murs antibruit temporaires ou permanents, nous pouvons vous aider \u00e0 concevoir le syst\u00e8me d\u2019att\u00e9nuation adapt\u00e9 \u00e0 votre projet. Nos murs antibruit temporaires, nos panneaux acoustiques portables et nos couvertures barri\u00e8res acoustiques sont offerts en diff\u00e9rentes dimensions pour r\u00e9pondre \u00e0 vos pr\u00e9occupations en mati\u00e8re de bruit.  <\/h3>\n<p>[\/vc_column_text][\/vc_column][\/vc_row][vc_row equal_height=\u00a0\u00bbyes\u00a0\u00bb][vc_column width=\u00a0\u00bb1\/4&Prime; css=\u00a0\u00bb.vc_custom_1772222714791{margin-top: 0px !important;margin-right: 0px !important;margin-bottom: 0px !important;margin-left: 0px !important;padding-top: 0px !important;padding-right: 0px !important;padding-bottom: 0px !important;padding-left: 0px !important;background-color: #F2F4F5 !important;}\u00a0\u00bb][vc_single_image image=\u00a0\u00bb3288&Prime; img_size=\u00a0\u00bb1920&#215;1350&Prime; alignment=\u00a0\u00bbcenter\u00a0\u00bb css=\u00a0\u00bb.vc_custom_1774896634203{margin-bottom: 0px !important;}\u00a0\u00bb][vc_column_text css=\u00a0\u00bb.vc_custom_1772222576906{margin-top: -25px !important;padding-left: 20px !important;}\u00a0\u00bb]<span style=\"color: #000000;\"><strong><a style=\"color: #000000;\" href=\"https:\/\/environmental-noise-control.ca\/fr\/produits\/murs-antibruit-temporaires\/\">Murs antibruit temporaires<\/a><\/strong><\/span>[\/vc_column_text][\/vc_column][vc_column width=\u00a0\u00bb1\/4&Prime; css=\u00a0\u00bb.vc_custom_1772222740552{margin-top: 0px !important;margin-right: 0px !important;margin-bottom: 0px !important;margin-left: 0px !important;padding-top: 0px !important;padding-right: 0px !important;padding-bottom: 0px !important;padding-left: 0px !important;background-color: #F2F4F5 !important;}\u00a0\u00bb][vc_single_image image=\u00a0\u00bb3289&Prime; img_size=\u00a0\u00bb1920&#215;1350&Prime; alignment=\u00a0\u00bbcenter\u00a0\u00bb css=\u00a0\u00bb.vc_custom_1774896647712{margin-bottom: 0px !important;}\u00a0\u00bb][vc_column_text css=\u00a0\u00bb.vc_custom_1772222837959{margin-top: -25px !important;padding-left: 20px !important;}\u00a0\u00bb]<a href=\"https:\/\/environmental-noise-control.ca\/fr\/produits\/murs-anti-bruit-montes-sur-k-rail\/\"><span style=\"color: #000000;\"><strong>Murs anti-bruit mont\u00e9s sur K-Rail<\/strong><\/span><\/a>[\/vc_column_text][\/vc_column][vc_column width=\u00a0\u00bb1\/4&Prime; css=\u00a0\u00bb.vc_custom_1772222864780{margin-top: 0px !important;margin-right: 0px !important;margin-bottom: 0px !important;margin-left: 0px !important;padding-top: 0px !important;padding-right: 0px !important;padding-bottom: 0px !important;padding-left: 0px !important;background-color: #F2F4F5 !important;}\u00a0\u00bb][vc_single_image image=\u00a0\u00bb3989&Prime; img_size=\u00a0\u00bb1920&#215;1350&Prime; alignment=\u00a0\u00bbcenter\u00a0\u00bb css=\u00a0\u00bb.vc_custom_1774896657846{margin-bottom: 0px !important;}\u00a0\u00bb][vc_column_text css=\u00a0\u00bb.vc_custom_1772223020236{margin-top: -25px !important;padding-left: 20px !important;}\u00a0\u00bb]<a href=\"https:\/\/environmental-noise-control.ca\/fr\/produits\/barrieres-acoustiques-autoportantes-sk-8\/\"><span style=\"color: #000000;\"><strong>Barri\u00e8res acoustiques autoportantes SK-8<\/strong><\/span><\/a>[\/vc_column_text][\/vc_column][vc_column width=\u00a0\u00bb1\/4&Prime; css=\u00a0\u00bb.vc_custom_1772222893478{margin-top: 0px !important;margin-right: 0px !important;margin-bottom: 0px !important;margin-left: 0px !important;padding-top: 0px !important;padding-right: 0px !important;padding-bottom: 0px !important;padding-left: 0px !important;background-color: #F2F4F5 !important;}\u00a0\u00bb][vc_single_image image=\u00a0\u00bb3291&Prime; img_size=\u00a0\u00bb1920&#215;1350&Prime; alignment=\u00a0\u00bbcenter\u00a0\u00bb css=\u00a0\u00bb.vc_custom_1774896670626{margin-bottom: 0px !important;}\u00a0\u00bb][vc_column_text css=\u00a0\u00bb.vc_custom_1772223046820{margin-top: -25px !important;padding-left: 20px !important;}\u00a0\u00bb]<a href=\"https:\/\/environmental-noise-control.ca\/fr\/produits\/barrieres-acoustiques-autoportantes-sk-6\/\"><span style=\"color: #000000;\"><strong>Barri\u00e8res acoustiques autoportantes SK-6<\/strong><\/span><\/a>[\/vc_column_text][\/vc_column][\/vc_row][vc_row equal_height=\u00a0\u00bbyes\u00a0\u00bb css=\u00a0\u00bb.vc_custom_1772223162904{padding-top: 15px !important;}\u00a0\u00bb][vc_column width=\u00a0\u00bb1\/4&Prime; css=\u00a0\u00bb.vc_custom_1772222714791{margin-top: 0px !important;margin-right: 0px !important;margin-bottom: 0px !important;margin-left: 0px !important;padding-top: 0px !important;padding-right: 0px !important;padding-bottom: 0px !important;padding-left: 0px !important;background-color: #F2F4F5 !important;}\u00a0\u00bb][vc_single_image image=\u00a0\u00bb3292&Prime; img_size=\u00a0\u00bb1920&#215;1350&Prime; alignment=\u00a0\u00bbcenter\u00a0\u00bb css=\u00a0\u00bb.vc_custom_1774896683151{margin-bottom: 0px !important;}\u00a0\u00bb][vc_column_text css=\u00a0\u00bb.vc_custom_1772223367409{margin-top: -25px !important;padding-left: 20px !important;}\u00a0\u00bb]<a href=\"https:\/\/environmental-noise-control.ca\/fr\/produits\/panneaux-acoustiques-portables\/\"><span style=\"color: #000000;\"><strong>Panneaux acoustiques portables<\/strong><\/span><\/a>[\/vc_column_text][\/vc_column][vc_column width=\u00a0\u00bb1\/4&Prime; css=\u00a0\u00bb.vc_custom_1772222740552{margin-top: 0px !important;margin-right: 0px !important;margin-bottom: 0px !important;margin-left: 0px !important;padding-top: 0px !important;padding-right: 0px !important;padding-bottom: 0px !important;padding-left: 0px !important;background-color: #F2F4F5 !important;}\u00a0\u00bb][vc_single_image image=\u00a0\u00bb3293&Prime; img_size=\u00a0\u00bb1920&#215;1350&Prime; alignment=\u00a0\u00bbcenter\u00a0\u00bb css=\u00a0\u00bb.vc_custom_1774896688808{margin-bottom: 0px !important;}\u00a0\u00bb][vc_column_text css=\u00a0\u00bb.vc_custom_1772223397102{margin-top: -25px !important;padding-left: 20px !important;}\u00a0\u00bb]<a href=\"https:\/\/environmental-noise-control.ca\/fr\/produits\/couvertures-de-barriere-acoustique\/\"><span style=\"color: #000000;\"><strong>Couvertures de barri\u00e8re acoustique<\/strong><\/span><\/a>[\/vc_column_text][\/vc_column][vc_column width=\u00a0\u00bb1\/4&Prime; css=\u00a0\u00bb.vc_custom_1772222864780{margin-top: 0px !important;margin-right: 0px !important;margin-bottom: 0px !important;margin-left: 0px !important;padding-top: 0px !important;padding-right: 0px !important;padding-bottom: 0px !important;padding-left: 0px !important;background-color: #F2F4F5 !important;}\u00a0\u00bb][vc_single_image image=\u00a0\u00bb3294&Prime; img_size=\u00a0\u00bb1920&#215;1350&Prime; alignment=\u00a0\u00bbcenter\u00a0\u00bb css=\u00a0\u00bb.vc_custom_1774896693525{margin-bottom: 0px !important;}\u00a0\u00bb][vc_column_text css=\u00a0\u00bb.vc_custom_1772223434084{margin-top: -25px !important;padding-left: 20px !important;}\u00a0\u00bb]<a href=\"https:\/\/environmental-noise-control.ca\/fr\/produits\/couvertures-acoustiques-industrielles-quiet-world\/\"><span style=\"color: #000000;\"><strong>Couvertures acoustiques industrielles Quiet World<\/strong><\/span><\/a>[\/vc_column_text][\/vc_column][vc_column width=\u00a0\u00bb1\/4&Prime; css=\u00a0\u00bb.vc_custom_1772222893478{margin-top: 0px !important;margin-right: 0px !important;margin-bottom: 0px !important;margin-left: 0px !important;padding-top: 0px !important;padding-right: 0px !important;padding-bottom: 0px !important;padding-left: 0px !important;background-color: #F2F4F5 !important;}\u00a0\u00bb][vc_single_image image=\u00a0\u00bb3970&Prime; img_size=\u00a0\u00bb1920&#215;1350&Prime; alignment=\u00a0\u00bbcenter\u00a0\u00bb css=\u00a0\u00bb.vc_custom_1774896731185{margin-bottom: 0px !important;}\u00a0\u00bb][vc_column_text css=\u00a0\u00bb.vc_custom_1772744696011{margin-top: -25px !important;padding-left: 20px !important;}\u00a0\u00bb]<a href=\"https:\/\/environmental-noise-control.ca\/fr\/produits\/vinyle-de-masse-chargee-transparent\/\"><span style=\"color: #000000;\"><strong>Vinyle de masse charg\u00e9e transparent<\/strong><\/span><\/a>[\/vc_column_text][\/vc_column][\/vc_row][vc_row equal_height=\u00a0\u00bbyes\u00a0\u00bb css=\u00a0\u00bb.vc_custom_1772223162904{padding-top: 15px !important;}\u00a0\u00bb][vc_column width=\u00a0\u00bb1\/4&Prime; css=\u00a0\u00bb.vc_custom_1772222714791{margin-top: 0px !important;margin-right: 0px !important;margin-bottom: 0px !important;margin-left: 0px !important;padding-top: 0px !important;padding-right: 0px !important;padding-bottom: 0px !important;padding-left: 0px !important;background-color: #F2F4F5 !important;}\u00a0\u00bb][vc_single_image image=\u00a0\u00bb3295&Prime; img_size=\u00a0\u00bb1920&#215;250&Prime; alignment=\u00a0\u00bbcenter\u00a0\u00bb css=\u00a0\u00bb.vc_custom_1774896828151{margin-bottom: 0px !important;}\u00a0\u00bb][vc_column_text css=\u00a0\u00bb.vc_custom_1772223476871{margin-top: -25px !important;padding-left: 20px !important;}\u00a0\u00bb]<a href=\"https:\/\/environmental-noise-control.ca\/fr\/produits\/systeme-de-panneaux-de-controle-acoustique-mma\/\"><span style=\"color: #000000;\"><strong>Syst\u00e8me de panneaux de contr\u00f4le acoustique MMA<\/strong><\/span><\/a>[\/vc_column_text][\/vc_column][vc_column width=\u00a0\u00bb1\/4&Prime; css=\u00a0\u00bb.vc_custom_1772744606073{margin-top: 0px !important;margin-right: 0px !important;margin-bottom: 0px !important;margin-left: 0px !important;padding-top: 0px !important;padding-right: 0px !important;padding-bottom: 0px !important;padding-left: 0px !important;background-color: #F2F4F5 !important;}\u00a0\u00bb][vc_single_image image=\u00a0\u00bb3131&Prime; img_size=\u00a0\u00bb1920&#215;1350&Prime; alignment=\u00a0\u00bbcenter\u00a0\u00bb css=\u00a0\u00bb.vc_custom_1774896746625{margin-bottom: 0px !important;}\u00a0\u00bb][vc_column_text css=\u00a0\u00bb.vc_custom_1772223870102{margin-top: -25px !important;padding-left: 20px !important;}\u00a0\u00bb]<a href=\"https:\/\/environmental-noise-control.ca\/fr\/produits\/murs-antibruit-permanents\/\"><span style=\"color: #000000;\"><strong>Murs antibruit permanents<\/strong><\/span><\/a>[\/vc_column_text][\/vc_column][vc_column width=\u00a0\u00bb1\/4&Prime; css=\u00a0\u00bb.vc_custom_1772223840086{margin-top: 0px !important;margin-right: 0px !important;margin-bottom: 0px !important;margin-left: 0px !important;padding-top: 0px !important;padding-right: 0px !important;padding-bottom: 0px !important;padding-left: 0px !important;background-color: #FFFFFF !important;}\u00a0\u00bb][\/vc_column][vc_column width=\u00a0\u00bb1\/4&Prime; css=\u00a0\u00bb.vc_custom_1772223848951{margin-top: 0px !important;margin-right: 0px !important;margin-bottom: 0px !important;margin-left: 0px !important;padding-top: 0px !important;padding-right: 0px !important;padding-bottom: 0px !important;padding-left: 0px !important;background-color: #FFFFFF !important;}\u00a0\u00bb][\/vc_column][\/vc_row]<\/p>\n<\/div>","protected":false},"excerpt":{"rendered":"<p>[vc_row full_width=\u00a0\u00bbstretch_row_content_no_spaces\u00a0\u00bb css=\u00a0\u00bb.vc_custom_1776364728334{margin-right: 0px !important;margin-left: 0px !important;padding-top: 50px !important;padding-bottom: 50px !important;background-color: #1698A8 !important;}\u00a0\u00bb][vc_column width=\u00a0\u00bb5\/6&Prime; offset=\u00a0\u00bbvc_col-lg-offset-1&Prime; css=\u00a0\u00bb.vc_custom_1776364804409{padding-right: 40px !important;}\u00a0\u00bb][vc_column_text css=\u00a0\u00bb.vc_custom_1773149292755{margin-bottom: -20px !important;}\u00a0\u00bb] Produits [\/vc_column_text][vc_column_text css=\u00a0\u00bb.vc_custom_1773149523403{margin-bottom: -20px !important;}\u00a0\u00bb] Nous proposons une gamme de produits li\u00e9s \u00e0 tous les aspects du contr\u00f4le du bruit, y compris des produits que nous avons con\u00e7us et d\u00e9velopp\u00e9s en interne selon nos [&hellip;]<\/p>\n","protected":false},"author":12,"featured_media":3281,"parent":0,"menu_order":0,"comment_status":"closed","ping_status":"closed","template":"home-page.php","meta":{"_acf_changed":false,"_monsterinsights_skip_tracking":false,"_monsterinsights_sitenote_active":false,"_monsterinsights_sitenote_note":"","_monsterinsights_sitenote_category":0,"_uf_show_specific_survey":0,"_uf_disable_surveys":false,"footnotes":""},"tags":[],"class_list":["post-3277","page","type-page","status-publish","has-post-thumbnail","hentry"],"acf":[],"aioseo_notices":[],"_links":{"self":[{"href":"https:\/\/environmental-noise-control.ca\/fr\/wp-json\/wp\/v2\/pages\/3277","targetHints":{"allow":["GET"]}}],"collection":[{"href":"https:\/\/environmental-noise-control.ca\/fr\/wp-json\/wp\/v2\/pages"}],"about":[{"href":"https:\/\/environmental-noise-control.ca\/fr\/wp-json\/wp\/v2\/types\/page"}],"author":[{"embeddable":true,"href":"https:\/\/environmental-noise-control.ca\/fr\/wp-json\/wp\/v2\/users\/12"}],"replies":[{"embeddable":true,"href":"https:\/\/environmental-noise-control.ca\/fr\/wp-json\/wp\/v2\/comments?post=3277"}],"version-history":[{"count":23,"href":"https:\/\/environmental-noise-control.ca\/fr\/wp-json\/wp\/v2\/pages\/3277\/revisions"}],"predecessor-version":[{"id":4732,"href":"https:\/\/environmental-noise-control.ca\/fr\/wp-json\/wp\/v2\/pages\/3277\/revisions\/4732"}],"wp:featuredmedia":[{"embeddable":true,"href":"https:\/\/environmental-noise-control.ca\/fr\/wp-json\/wp\/v2\/media\/3281"}],"wp:attachment":[{"href":"https:\/\/environmental-noise-control.ca\/fr\/wp-json\/wp\/v2\/media?parent=3277"}],"wp:term":[{"taxonomy":"post_tag","embeddable":true,"href":"https:\/\/environmental-noise-control.ca\/fr\/wp-json\/wp\/v2\/tags?post=3277"}],"curies":[{"name":"wp","href":"https:\/\/api.w.org\/{rel}","templated":true}]}}