{"id":3311,"date":"2016-10-26T22:01:13","date_gmt":"2016-10-27T02:01:13","guid":{"rendered":"https:\/\/behre0015.sierradevops.com\/environmental-noise-control\/"},"modified":"2026-04-30T16:27:58","modified_gmt":"2026-04-30T20:27:58","slug":"environmental-noise-control","status":"publish","type":"page","link":"https:\/\/environmental-noise-control.ca\/fr\/environmental-noise-control\/","title":{"rendered":"Environmental Noise Control"},"content":{"rendered":"<div class=\"wpb-content-wrapper\"><p>[vc_row][vc_column][vc_column_text el_class=\u00a0\u00bbindustries-breadcrumbs\u00a0\u00bb]<\/p>\n<h3 style=\"font-size: 14px; text-align: right;\"><a href=\"https:\/\/environmental-noise-control.ca\/industries\/oil-gas\/\">P\u00c9TROLE ET GAZ<\/a> | <a href=\"https:\/\/environmental-noise-control.ca\/fr\/controle-du-bruit-pour-le-forage-directionnel\/\">FORAGE DIRIG\u00c9<\/a> | <a href=\"https:\/\/environmental-noise-control.ca\/industries\/construction\/\">CONSTRUCTION<\/a> | <a href=\"https:\/\/environmental-noise-control.ca\/industries\/industrial\/\">USINE\/INDUSTRIE<\/a> | <a href=\"https:\/\/environmental-noise-control.ca\/fr\/controle-du-bruit-des-centres-de-donnees\/\">CENTRES DE DONN\u00c9ES<\/a> | <a href=\"https:\/\/environmental-noise-control.ca\/industries\/environmental\/\">ENVIRONNEMENT<\/a> | <a href=\"https:\/\/environmental-noise-control.ca\/industries\/entertainment\/\">DIVERTISSEMENT<\/a><\/h3>\n<p>[\/vc_column_text][\/vc_column][\/vc_row][vc_row css=\u00a0\u00bb.vc_custom_1774898035258{margin-top: 130px !important;}\u00a0\u00bb][vc_column][vc_single_image image=\u00a0\u00bb3313&Prime; img_size=\u00a0\u00bbfull\u00a0\u00bb alignment=\u00a0\u00bbcenter\u00a0\u00bb][vc_column_text css=\u00a0\u00bb\u00a0\u00bb]<\/p>\n<h3><strong>Contr\u00f4le du bruit environnemental pour les habitats en p\u00e9ril<\/strong><\/h3>\n<p>Dans le d\u00e9licat \u00e9quilibre de la pr\u00e9servation de l\u2019environnement, Environmental Noise Control, Inc. (ENC) s\u2019impose comme un acteur cl\u00e9, d\u00e9di\u00e9 \u00e0 la fourniture de solutions compl\u00e8tes de contr\u00f4le du bruit \u00e0 proximit\u00e9 d\u2019habitats en p\u00e9ril et d\u2019autres zones \u00e9cologiquement sensibles. Notre engagement va au-del\u00e0 des approches conventionnelles. Nous nous concentrons sur la protection de ces \u00e9cosyst\u00e8mes, en particulier durant des p\u00e9riodes critiques comme les saisons de reproduction, afin d\u2019assurer une perturbation minimale du fragile \u00e9quilibre de la nature.  <\/p>\n<h3><strong>Syst\u00e8mes de contr\u00f4le du bruit environnemental sur mesure pour la protection des habitats :<\/strong><\/h3>\n<p>Les syst\u00e8mes con\u00e7us par ENC repr\u00e9sentent une avanc\u00e9e majeure en mati\u00e8re de protection des habitats. Ils offrent des solutions adapt\u00e9es aux enjeux de contr\u00f4le du bruit, qu\u2019ils soient temporaires ou permanents. L\u2019int\u00e9gration de nos produits de contr\u00f4le du bruit \u00e0 votre plan de projet devient une d\u00e9marche strat\u00e9gique pour r\u00e9duire les perturbations, non seulement de votre \u00e9ch\u00e9ancier, mais aussi du bien-\u00eatre des esp\u00e8ces prot\u00e9g\u00e9es qui vivent dans ces zones cruciales.  <\/p>\n<h3><strong>Att\u00e9nuation du bruit adapt\u00e9e aux habitats en p\u00e9ril :<\/strong><\/h3>\n<p>Notre engagement envers la gestion responsable de l\u2019environnement se refl\u00e8te dans les solutions personnalis\u00e9es que nous proposons afin de r\u00e9duire l\u2019impact sonore durant les p\u00e9riodes sensibles, notamment \u00e0 proximit\u00e9 d\u2019habitats en p\u00e9ril. En adaptant nos strat\u00e9gies d\u2019att\u00e9nuation du bruit, nous assurons une coexistence harmonieuse entre les projets de construction et la pr\u00e9servation d\u2019\u00e9cosyst\u00e8mes essentiels. <\/p>\n<h3><strong>\u00c9crans acoustiques respectueux de la faune :<\/strong><\/h3>\n<p>L\u2019approche novatrice d\u2019ENC s\u2019\u00e9tend \u00e0 des \u00e9crans acoustiques respectueux de la faune, qui constituent des outils efficaces pour le contr\u00f4le saisonnier du bruit. Des \u00e9crans antibruit temporaires sont d\u00e9ploy\u00e9s de mani\u00e8re strat\u00e9gique pour r\u00e9pondre \u00e0 des enjeux sonores pr\u00e9cis durant des p\u00e9riodes critiques, tandis que les installations permanentes sont con\u00e7ues avec soin afin de s\u2019int\u00e9grer harmonieusement au milieu naturel. <\/p>\n<p>L\u2019engagement d\u2019ENC envers la protection des habitats se concr\u00e9tise par ses syst\u00e8mes de contr\u00f4le du bruit environnemental sur mesure, qui r\u00e9pondent aux d\u00e9fis particuliers pos\u00e9s par les habitats en p\u00e9ril et les zones sensibles. Nos solutions privil\u00e9gient l\u2019efficacit\u00e9 des projets et la pr\u00e9servation de la biodiversit\u00e9, \u00e9tablissant une coexistence harmonieuse entre les activit\u00e9s humaines et les \u00e9cosyst\u00e8mes fragiles qui n\u00e9cessitent une protection.[\/vc_column_text][\/vc_column][\/vc_row][vc_row][vc_column][vc_btn title=\u00a0\u00bbContactez-nous d\u00e8s aujourd\u2019hui pour discuter de votre prochain projet\u00a0\u00bb style=\u00a0\u00bboutline\u00a0\u00bb color=\u00a0\u00bbwhite\u00a0\u00bb size=\u00a0\u00bblg\u00a0\u00bb align=\u00a0\u00bbcenter\u00a0\u00bb link=\u00a0\u00bburl:https%3A%2F%2Fenvironmental-noise-control.ca%2Ffr%2Fcontactez-nous%2F|title:Contactez-nous|\u00a0\u00bb][\/vc_column][\/vc_row]<\/p>\n<\/div>","protected":false},"excerpt":{"rendered":"<p>[vc_row][vc_column][vc_column_text el_class=\u00a0\u00bbindustries-breadcrumbs\u00a0\u00bb] P\u00c9TROLE ET GAZ | FORAGE DIRIG\u00c9 | CONSTRUCTION | USINE\/INDUSTRIE | CENTRES DE DONN\u00c9ES | ENVIRONNEMENT | DIVERTISSEMENT [\/vc_column_text][\/vc_column][\/vc_row][vc_row css=\u00a0\u00bb.vc_custom_1774898035258{margin-top: 130px !important;}\u00a0\u00bb][vc_column][vc_single_image image=\u00a0\u00bb3313&Prime; img_size=\u00a0\u00bbfull\u00a0\u00bb alignment=\u00a0\u00bbcenter\u00a0\u00bb][vc_column_text css=\u00a0\u00bb\u00a0\u00bb] Contr\u00f4le du bruit environnemental pour les habitats en p\u00e9ril Dans le d\u00e9licat \u00e9quilibre de la pr\u00e9servation de l\u2019environnement, Environmental Noise Control, Inc. (ENC) s\u2019impose comme un acteur [&hellip;]<\/p>\n","protected":false},"author":12,"featured_media":3312,"parent":0,"menu_order":0,"comment_status":"closed","ping_status":"closed","template":"","meta":{"_acf_changed":false,"_monsterinsights_skip_tracking":false,"_monsterinsights_sitenote_active":false,"_monsterinsights_sitenote_note":"","_monsterinsights_sitenote_category":0,"_uf_show_specific_survey":0,"_uf_disable_surveys":false,"footnotes":""},"tags":[],"class_list":["post-3311","page","type-page","status-publish","has-post-thumbnail","hentry"],"acf":[],"aioseo_notices":[],"_links":{"self":[{"href":"https:\/\/environmental-noise-control.ca\/fr\/wp-json\/wp\/v2\/pages\/3311","targetHints":{"allow":["GET"]}}],"collection":[{"href":"https:\/\/environmental-noise-control.ca\/fr\/wp-json\/wp\/v2\/pages"}],"about":[{"href":"https:\/\/environmental-noise-control.ca\/fr\/wp-json\/wp\/v2\/types\/page"}],"author":[{"embeddable":true,"href":"https:\/\/environmental-noise-control.ca\/fr\/wp-json\/wp\/v2\/users\/12"}],"replies":[{"embeddable":true,"href":"https:\/\/environmental-noise-control.ca\/fr\/wp-json\/wp\/v2\/comments?post=3311"}],"version-history":[{"count":16,"href":"https:\/\/environmental-noise-control.ca\/fr\/wp-json\/wp\/v2\/pages\/3311\/revisions"}],"predecessor-version":[{"id":4874,"href":"https:\/\/environmental-noise-control.ca\/fr\/wp-json\/wp\/v2\/pages\/3311\/revisions\/4874"}],"wp:featuredmedia":[{"embeddable":true,"href":"https:\/\/environmental-noise-control.ca\/fr\/wp-json\/wp\/v2\/media\/3312"}],"wp:attachment":[{"href":"https:\/\/environmental-noise-control.ca\/fr\/wp-json\/wp\/v2\/media?parent=3311"}],"wp:term":[{"taxonomy":"post_tag","embeddable":true,"href":"https:\/\/environmental-noise-control.ca\/fr\/wp-json\/wp\/v2\/tags?post=3311"}],"curies":[{"name":"wp","href":"https:\/\/api.w.org\/{rel}","templated":true}]}}