{"id":3317,"date":"2016-10-26T21:58:18","date_gmt":"2016-10-27T01:58:18","guid":{"rendered":"https:\/\/behre0015.sierradevops.com\/controle-du-bruit-dans-le-divertissement\/"},"modified":"2026-04-30T16:28:34","modified_gmt":"2026-04-30T20:28:34","slug":"controle-du-bruit-dans-le-divertissement","status":"publish","type":"page","link":"https:\/\/environmental-noise-control.ca\/fr\/controle-du-bruit-dans-le-divertissement\/","title":{"rendered":"Contr\u00f4le du bruit pour le divertissement"},"content":{"rendered":"<div class=\"wpb-content-wrapper\"><p>[vc_row][vc_column][vc_column_text el_class=\u00a0\u00bbindustries-breadcrumbs\u00a0\u00bb]<\/p>\n<h3 style=\"font-size: 14px; text-align: right;\"><a href=\"https:\/\/environmental-noise-control.ca\/industries\/oil-gas\/\">P\u00c9TROLE ET GAZ<\/a> | <a href=\"https:\/\/environmental-noise-control.ca\/fr\/controle-du-bruit-pour-le-forage-directionnel\/\">FORAGE DIRIG\u00c9<\/a> | <a href=\"https:\/\/environmental-noise-control.ca\/industries\/construction\/\">CONSTRUCTION<\/a> | <a href=\"https:\/\/environmental-noise-control.ca\/industries\/industrial\/\">USINE\/INDUSTRIE<\/a> | <a href=\"https:\/\/environmental-noise-control.ca\/fr\/controle-du-bruit-des-centres-de-donnees\/\">CENTRES DE DONN\u00c9ES<\/a> | <a href=\"https:\/\/environmental-noise-control.ca\/industries\/environmental\/\">ENVIRONNEMENT<\/a> | <a href=\"https:\/\/environmental-noise-control.ca\/industries\/entertainment\/\">DIVERTISSEMENT<\/a><\/h3>\n<p>[\/vc_column_text][\/vc_column][\/vc_row][vc_row][vc_column][vc_single_image image=\u00a0\u00bb3319&Prime; img_size=\u00a0\u00bbfull\u00a0\u00bb alignment=\u00a0\u00bbcenter\u00a0\u00bb][vc_column_text css=\u00a0\u00bb\u00a0\u00bb]<\/p>\n<h3><strong>Harmonie du divertissement : des solutions innovantes de contr\u00f4le du bruit pour les \u00e9v\u00e9nements<\/strong><\/h3>\n<p>Environmental Noise Control, Inc. (ENC) propose des solutions innovantes de contr\u00f4le du bruit pour le divertissement, con\u00e7ues pour am\u00e9liorer les exp\u00e9riences sans provoquer de perturbations. Qu\u2019il s\u2019agisse d\u2019organiser un concert local, un \u00e9v\u00e9nement de grande envergure ou tout autre format, nos solutions temporaires de contr\u00f4le du bruit pour le divertissement sont con\u00e7ues pour assurer la r\u00e9ussite de votre \u00e9v\u00e9nement tout en pr\u00e9servant l\u2019harmonie avec l\u2019environnement alentour. <\/p>\n<p><strong>Des solutions temporaires de contr\u00f4le du bruit pour le divertissement, adapt\u00e9es \u00e0 vos besoins :<\/strong><\/p>\n<ul>\n<li>La flotte de produits modulaires et temporaires de contr\u00f4le du bruit pour \u00e9v\u00e9nements d\u2019ENC offre une gamme polyvalente de solutions, garantissant un contr\u00f4le optimal du bruit pour des \u00e9v\u00e9nements de diff\u00e9rentes envergures. Ces solutions innovantes sont con\u00e7ues pour r\u00e9pondre aux d\u00e9fis sp\u00e9cifiques li\u00e9s au bruit des \u00e9v\u00e9nements, en offrant un \u00e9quilibre harmonieux entre fonctionnalit\u00e9 et efficacit\u00e9. <\/li>\n<\/ul>\n<p><strong>Des barri\u00e8res antibruit temporaires compatibles avec les performances :<\/strong><\/p>\n<ul>\n<li>Nos barri\u00e8res antibruit temporaires sont soigneusement s\u00e9lectionn\u00e9es pour r\u00e9pondre aux exigences sp\u00e9cifiques de contr\u00f4le du bruit des \u00e9v\u00e9nements. Ces barri\u00e8res agissent comme des \u00e9crans efficaces contre la propagation des sons ind\u00e9sirables, cr\u00e9ant un environnement o\u00f9 la performance peut s\u2019\u00e9panouir sans causer de nuisances aux voisins ou aux zones avoisinantes. La conception privil\u00e9gie des solutions compatibles avec les performances, afin que les barri\u00e8res antibruit temporaires s\u2019int\u00e8grent parfaitement \u00e0 la dynamique de l\u2019\u00e9v\u00e9nement.  <\/li>\n<\/ul>\n<p><strong>Positionnement strat\u00e9gique des couvertures acoustiques :<\/strong><\/p>\n<ul>\n<li>Les <a href=\"https:\/\/environmental-noise-control.ca\/fr\/produits\/couvertures-de-barriere-acoustique\/\">couvertures acoustiques<\/a> d\u2019ENC offrent une approche strat\u00e9gique du contr\u00f4le du bruit au sein des sites d\u2019\u00e9v\u00e9nements. Plac\u00e9es de mani\u00e8re judicieuse, elles contribuent \u00e0 cr\u00e9er des espaces plus calmes, permettant une exp\u00e9rience auditive plus nuanc\u00e9e. Qu\u2019elles soient install\u00e9es manuellement sur des cl\u00f4tures ou des surfaces, ces couvertures acoustiques offrent une solution flexible et efficace pour ajuster l\u2019acoustique des diff\u00e9rentes zones d\u2019un site d\u2019\u00e9v\u00e9nement.  <\/li>\n<\/ul>\n<p>[\/vc_column_text][\/vc_column][\/vc_row][vc_row][vc_column][vc_btn title=\u00a0\u00bbContactez-nous d\u00e8s aujourd\u2019hui pour discuter de votre prochain projet\u00a0\u00bb style=\u00a0\u00bboutline\u00a0\u00bb color=\u00a0\u00bbwhite\u00a0\u00bb size=\u00a0\u00bblg\u00a0\u00bb align=\u00a0\u00bbcenter\u00a0\u00bb link=\u00a0\u00bburl:https%3A%2F%2Fenvironmental-noise-control.ca%2Ffr%2Fcontactez-nous%2F|title:Contactez-nous|\u00a0\u00bb][\/vc_column][\/vc_row]<\/p>\n<\/div>","protected":false},"excerpt":{"rendered":"<p>[vc_row][vc_column][vc_column_text el_class=\u00a0\u00bbindustries-breadcrumbs\u00a0\u00bb] P\u00c9TROLE ET GAZ | FORAGE DIRIG\u00c9 | CONSTRUCTION | USINE\/INDUSTRIE | CENTRES DE DONN\u00c9ES | ENVIRONNEMENT | DIVERTISSEMENT [\/vc_column_text][\/vc_column][\/vc_row][vc_row][vc_column][vc_single_image image=\u00a0\u00bb3319&Prime; img_size=\u00a0\u00bbfull\u00a0\u00bb alignment=\u00a0\u00bbcenter\u00a0\u00bb][vc_column_text css=\u00a0\u00bb\u00a0\u00bb] Harmonie du divertissement : des solutions innovantes de contr\u00f4le du bruit pour les \u00e9v\u00e9nements Environmental Noise Control, Inc. (ENC) propose des solutions innovantes de contr\u00f4le du bruit pour le divertissement, [&hellip;]<\/p>\n","protected":false},"author":12,"featured_media":0,"parent":0,"menu_order":0,"comment_status":"closed","ping_status":"closed","template":"","meta":{"_acf_changed":false,"_monsterinsights_skip_tracking":false,"_monsterinsights_sitenote_active":false,"_monsterinsights_sitenote_note":"","_monsterinsights_sitenote_category":0,"_uf_show_specific_survey":0,"_uf_disable_surveys":false,"footnotes":""},"tags":[],"class_list":["post-3317","page","type-page","status-publish","hentry"],"acf":[],"aioseo_notices":[],"_links":{"self":[{"href":"https:\/\/environmental-noise-control.ca\/fr\/wp-json\/wp\/v2\/pages\/3317","targetHints":{"allow":["GET"]}}],"collection":[{"href":"https:\/\/environmental-noise-control.ca\/fr\/wp-json\/wp\/v2\/pages"}],"about":[{"href":"https:\/\/environmental-noise-control.ca\/fr\/wp-json\/wp\/v2\/types\/page"}],"author":[{"embeddable":true,"href":"https:\/\/environmental-noise-control.ca\/fr\/wp-json\/wp\/v2\/users\/12"}],"replies":[{"embeddable":true,"href":"https:\/\/environmental-noise-control.ca\/fr\/wp-json\/wp\/v2\/comments?post=3317"}],"version-history":[{"count":23,"href":"https:\/\/environmental-noise-control.ca\/fr\/wp-json\/wp\/v2\/pages\/3317\/revisions"}],"predecessor-version":[{"id":4877,"href":"https:\/\/environmental-noise-control.ca\/fr\/wp-json\/wp\/v2\/pages\/3317\/revisions\/4877"}],"wp:attachment":[{"href":"https:\/\/environmental-noise-control.ca\/fr\/wp-json\/wp\/v2\/media?parent=3317"}],"wp:term":[{"taxonomy":"post_tag","embeddable":true,"href":"https:\/\/environmental-noise-control.ca\/fr\/wp-json\/wp\/v2\/tags?post=3317"}],"curies":[{"name":"wp","href":"https:\/\/api.w.org\/{rel}","templated":true}]}}