{"id":3322,"date":"2016-10-26T22:00:46","date_gmt":"2016-10-27T02:00:46","guid":{"rendered":"https:\/\/behre0015.sierradevops.com\/controle-du-bruit-dans-le-secteur-petrolier-et-gazier\/"},"modified":"2026-04-02T13:43:59","modified_gmt":"2026-04-02T17:43:59","slug":"controle-du-bruit-dans-le-secteur-petrolier-et-gazier","status":"publish","type":"page","link":"https:\/\/environmental-noise-control.ca\/fr\/controle-du-bruit-dans-le-secteur-petrolier-et-gazier\/","title":{"rendered":"Contr\u00f4le du bruit pour le p\u00e9trole et le gaz"},"content":{"rendered":"<div class=\"wpb-content-wrapper\"><p>[vc_row][vc_column][vc_column_text]<\/p>\n<h3 style=\"font-size: 14px; text-align: right;\"><a href=\"https:\/\/environmental-noise-control.ca\/fr\/controle-du-bruit-dans-le-secteur-petrolier-et-gazier\/\">P\u00c9TROLE ET GAZ<\/a> | <a href=\"https:\/\/environmental-noise-control.ca\/fr\/controle-du-bruit-pour-le-forage-directionnel\/\">FORAGE DIRIG\u00c9<\/a> | <a href=\"https:\/\/environmental-noise-control.ca\/fr\/controle-du-bruit-en-construction\/\">CONSTRUCTION<\/a> | <a href=\"https:\/\/environmental-noise-control.ca\/fr\/controle-du-bruit-industriel\/\">USINE\/INDUSTRIE<\/a> | <a href=\"https:\/\/environmental-noise-control.ca\/fr\/controle-du-bruit-des-centres-de-donnees\/\">CENTRES DE DONN\u00c9ES<\/a> | <a href=\"https:\/\/environmental-noise-control.ca\/fr\/environmental-noise-control\/\">ENVIRONNEMENT<\/a> | <a href=\"https:\/\/environmental-noise-control.ca\/fr\/controle-du-bruit-dans-le-divertissement\/\">DIVERTISSEMENT<\/a><\/h3>\n<p>[\/vc_column_text][\/vc_column][\/vc_row][vc_row][vc_column][vc_single_image image=\u00a0\u00bb3328&Prime; img_size=\u00a0\u00bbfull\u00a0\u00bb alignment=\u00a0\u00bbcenter\u00a0\u00bb][vc_column_text css=\u00a0\u00bb\u00a0\u00bb]<\/p>\n<h3><strong>Solutions pratiques de contr\u00f4le du bruit adapt\u00e9es aux op\u00e9rations p\u00e9troli\u00e8res et gazi\u00e8res<\/strong><\/h3>\n<p>Avec plus de trente ans d\u2019exp\u00e9rience, Environmental Noise Control est un chef de file dans la fourniture de solutions de contr\u00f4le du bruit pratiques et rentables pour les op\u00e9rations p\u00e9troli\u00e8res et gazi\u00e8res. Nous proposons une gamme de mesures d\u2019att\u00e9nuation du bruit pour r\u00e9pondre aux diff\u00e9rents niveaux de fr\u00e9quence et aux d\u00e9fis d\u2019installation : <\/p>\n<p><strong>Solutions d\u2019att\u00e9nuation du bruit personnalis\u00e9es :<\/strong><\/p>\n<p>Nos syst\u00e8mes d\u2019ing\u00e9nierie polyvalents sont adapt\u00e9s pour r\u00e9pondre aux besoins de contr\u00f4le du bruit de diverses applications industrielles, notamment les plates-formes de forage, les op\u00e9rations de parement, l\u2019\u00e9quipement de production, le forage directionnel, l\u2019excavation de pipelines et les compresseurs de gaz. Nos solutions, adapt\u00e9es tant au contr\u00f4le acoustique temporaire qu\u2019aux installations permanentes, comprennent : <\/p>\n<p style=\"padding-left: 40px;\">\u2022 Le personnel d\u2019Environmental Noise Control con\u00e7oit, \u00e9labore, fabrique et installe des barri\u00e8res acoustiques sp\u00e9cifiques au site.<\/p>\n<p style=\"padding-left: 40px;\">\u2022 Les <a href=\"https:\/\/environmental-noise-control.ca\/fr\/produits\/murs-antibruit-temporaires\/\">murs antibruit temporaires<\/a> offrent des solutions rentables de 4 \u00e0 40 pieds de hauteur.<\/p>\n<p style=\"padding-left: 40px;\">\u2022 Les <a href=\"https:\/\/environmental-noise-control.ca\/fr\/produits\/barrieres-acoustiques-autoportantes-sk-8\/\">panneaux SK8<\/a> portables, disponibles en hauteurs de 16, 20 ou 24 pieds, sont con\u00e7us pour \u00eatre plac\u00e9s \u00e0 c\u00f4t\u00e9 de l\u2019\u00e9quipement et \u00e9labor\u00e9s pour bloquer les bruits de basse fr\u00e9quence. <span data-preserver-spaces=\"true\">D\u2019une dimension de 6\u2032 x 12\u2032, les <a href=\"https:\/\/environmental-noise-control.ca\/fr\/produits\/barrieres-acoustiques-autoportantes-sk-6\/\">panneaux SK6<\/a> plus petits offrent le m\u00eame contr\u00f4le des basses fr\u00e9quences, constituant une solution polyvalente que vous pouvez facilement d\u00e9placer avec votre \u00e9quipement.<\/span><\/p>\n<p style=\"padding-left: 40px;\">\u2022 Les enceintes acoustiques et les bancs de silencieux offrent des solutions de contr\u00f4le du bruit permanentes pour les compresseurs et les g\u00e9n\u00e9ratrices.<\/p>\n<p><strong>Services d\u2019assistance complets :<\/strong><\/p>\n<p>Nous allons au-del\u00e0 des solutions de produits en offrant des services de soutien suppl\u00e9mentaires :<\/p>\n<p style=\"padding-left: 40px;\">\u2022 Repr\u00e9sentation lors de r\u00e9unions communautaires et municipales pour aider \u00e0 garantir l\u2019engagement et la compr\u00e9hension de la communaut\u00e9.<\/p>\n<p style=\"padding-left: 40px;\">\u2022 T\u00e9moignage d\u2019expert fournissant des avis sp\u00e9cialis\u00e9s pour les proc\u00e9dures judiciaires.<\/p>\n<p>[\/vc_column_text][\/vc_column][\/vc_row][vc_row][vc_column][vc_btn title=\u00a0\u00bbContactez-nous d\u00e8s aujourd\u2019hui pour discuter de votre prochain projet\u00a0\u00bb style=\u00a0\u00bboutline\u00a0\u00bb color=\u00a0\u00bbwhite\u00a0\u00bb size=\u00a0\u00bblg\u00a0\u00bb align=\u00a0\u00bbcenter\u00a0\u00bb link=\u00a0\u00bburl:https%3A%2F%2Fenvironmental-noise-control.ca%2Ffr%2Fcontactez-nous%2F|title:Contactez-nous|\u00a0\u00bb][\/vc_column][\/vc_row]<\/p>\n<\/div>","protected":false},"excerpt":{"rendered":"<p>[vc_row][vc_column][vc_column_text] P\u00c9TROLE ET GAZ | FORAGE DIRIG\u00c9 | CONSTRUCTION | USINE\/INDUSTRIE | CENTRES DE DONN\u00c9ES | ENVIRONNEMENT | DIVERTISSEMENT [\/vc_column_text][\/vc_column][\/vc_row][vc_row][vc_column][vc_single_image image=\u00a0\u00bb3328&Prime; img_size=\u00a0\u00bbfull\u00a0\u00bb alignment=\u00a0\u00bbcenter\u00a0\u00bb][vc_column_text css=\u00a0\u00bb\u00a0\u00bb] Solutions pratiques de contr\u00f4le du bruit adapt\u00e9es aux op\u00e9rations p\u00e9troli\u00e8res et gazi\u00e8res Avec plus de trente ans d\u2019exp\u00e9rience, Environmental Noise Control est un chef de file dans la fourniture de solutions [&hellip;]<\/p>\n","protected":false},"author":12,"featured_media":0,"parent":0,"menu_order":0,"comment_status":"closed","ping_status":"closed","template":"","meta":{"_acf_changed":false,"_monsterinsights_skip_tracking":false,"_monsterinsights_sitenote_active":false,"_monsterinsights_sitenote_note":"","_monsterinsights_sitenote_category":0,"_uf_show_specific_survey":0,"_uf_disable_surveys":false,"footnotes":""},"tags":[],"class_list":["post-3322","page","type-page","status-publish","hentry"],"acf":[],"aioseo_notices":[],"_links":{"self":[{"href":"https:\/\/environmental-noise-control.ca\/fr\/wp-json\/wp\/v2\/pages\/3322","targetHints":{"allow":["GET"]}}],"collection":[{"href":"https:\/\/environmental-noise-control.ca\/fr\/wp-json\/wp\/v2\/pages"}],"about":[{"href":"https:\/\/environmental-noise-control.ca\/fr\/wp-json\/wp\/v2\/types\/page"}],"author":[{"embeddable":true,"href":"https:\/\/environmental-noise-control.ca\/fr\/wp-json\/wp\/v2\/users\/12"}],"replies":[{"embeddable":true,"href":"https:\/\/environmental-noise-control.ca\/fr\/wp-json\/wp\/v2\/comments?post=3322"}],"version-history":[{"count":13,"href":"https:\/\/environmental-noise-control.ca\/fr\/wp-json\/wp\/v2\/pages\/3322\/revisions"}],"predecessor-version":[{"id":4171,"href":"https:\/\/environmental-noise-control.ca\/fr\/wp-json\/wp\/v2\/pages\/3322\/revisions\/4171"}],"wp:attachment":[{"href":"https:\/\/environmental-noise-control.ca\/fr\/wp-json\/wp\/v2\/media?parent=3322"}],"wp:term":[{"taxonomy":"post_tag","embeddable":true,"href":"https:\/\/environmental-noise-control.ca\/fr\/wp-json\/wp\/v2\/tags?post=3322"}],"curies":[{"name":"wp","href":"https:\/\/api.w.org\/{rel}","templated":true}]}}