{"id":3337,"date":"2016-10-26T21:57:53","date_gmt":"2016-10-27T01:57:53","guid":{"rendered":"https:\/\/behre0015.sierradevops.com\/industries\/controle-du-bruit-industriel\/"},"modified":"2026-04-30T16:27:00","modified_gmt":"2026-04-30T20:27:00","slug":"controle-du-bruit-industriel","status":"publish","type":"page","link":"https:\/\/environmental-noise-control.ca\/fr\/controle-du-bruit-industriel\/","title":{"rendered":"Contr\u00f4le du bruit industriel"},"content":{"rendered":"<div class=\"wpb-content-wrapper\"><p>[vc_row][vc_column][vc_column_text el_class=\u00a0\u00bbindustries-breadcrumbs\u00a0\u00bb]<\/p>\n<h3 style=\"font-size: 14px; text-align: right;\"><a href=\"https:\/\/environmental-noise-control.ca\/fr\/controle-du-bruit-dans-le-secteur-petrolier-et-gazier\/\">P\u00c9TROLE ET GAZ<\/a> | <a href=\"https:\/\/environmental-noise-control.ca\/fr\/controle-du-bruit-pour-le-forage-directionnel\/\">FORAGE DIRECTIONNEL<\/a> | <a href=\"https:\/\/environmental-noise-control.ca\/fr\/controle-du-bruit-en-construction\/\">CONSTRUCTION<\/a> | <a href=\"https:\/\/environmental-noise-control.ca\/fr\/controle-du-bruit-industriel\/\">USINE\/<\/a><a href=\"https:\/\/environmental-noise-control.ca\/fr\/controle-du-bruit-industriel\/\">INDUSTRIEL<\/a> | <a href=\"https:\/\/environmental-noise-control.ca\/fr\/controle-du-bruit-des-centres-de-donnees\/\">CENTRES DE DONN\u00c9ES<\/a> | <a href=\"https:\/\/environmental-noise-control.ca\/fr\/environmental-noise-control\/\">ENVIRONNEMENTAL<\/a> | <a href=\"https:\/\/environmental-noise-control.ca\/fr\/controle-du-bruit-dans-le-divertissement\/\">DIVERTISSEMENT<\/a><\/h3>\n<p>[\/vc_column_text][\/vc_column][\/vc_row][vc_row][vc_column][vc_column_text][\/vc_column_text][\/vc_column][\/vc_row][vc_row][vc_column][vc_single_image image=\u00a0\u00bb3339&Prime; img_size=\u00a0\u00bbfull\u00a0\u00bb alignment=\u00a0\u00bbcenter\u00a0\u00bb][vc_column_text css=\u00a0\u00bb\u00a0\u00bb]<\/p>\n<h3><strong>Prioriser le bien-\u00eatre des travailleurs dans les usines, les entrep\u00f4ts et les milieux industriels<\/strong><\/h3>\n<p>Environmental Noise Control est \u00e0 l&rsquo;avant-garde en mati\u00e8re de solutions de contr\u00f4le du bruit sur mesure pour les applications industrielles. Notre objectif principal est de proposer des strat\u00e9gies pratiques et rentables, en mettant l&rsquo;accent sur l&rsquo;impact du bruit sur les travailleurs.<\/p>\n<h3 style=\"font-weight: 400;\"><strong>Durabilit\u00e9 industrielle :<\/strong><\/h3>\n<ul style=\"font-weight: 400;\">\n<li>Nous proposons une vaste gamme d&rsquo;options d&rsquo;att\u00e9nuation du bruit, sp\u00e9cialement con\u00e7ues pour r\u00e9sister aux environnements les plus rigoureux.<\/li>\n<li>Tous les produits sont con\u00e7us pour maintenir l&rsquo;acc\u00e8s, les lignes de visibilit\u00e9 et les consid\u00e9rations de maintenance pour tout \u00e9quipement trait\u00e9.<\/li>\n<\/ul>\n<h3 style=\"font-weight: 400;\"><strong>Plans de contr\u00f4le du bruit personnalis\u00e9s :<\/strong><\/h3>\n<ul style=\"font-weight: 400;\">\n<li>Strat\u00e9gies personnalis\u00e9es pour r\u00e9duire le bruit \u00e0 la source.<\/li>\n<li>Mise en \u0153uvre de mesures d\u2019insonorisation pour les zones de travail d\u00e9sign\u00e9es.<\/li>\n<\/ul>\n<h3><strong>Syst\u00e8mes d\u2019att\u00e9nuation du bruit de transport (CNM) :<\/strong><\/h3>\n<ul>\n<li>Con\u00e7us exclusivement pour le bruit g\u00e9n\u00e9r\u00e9 par le transport pouvant impacter les travailleurs de l\u2019usine et les visiteurs.<\/li>\n<li>Prend en compte les plans d\u2019\u00e9tage des installations, les niveaux de bruit des \u00e9quipements, les processus op\u00e9rationnels et le bruit sur site. Un syst\u00e8me d\u2019att\u00e9nuation personnalis\u00e9 est install\u00e9 autour des \u00e9quipements de l\u2019installation pour minimiser le bruit sans perturber les op\u00e9rations quotidiennes. <\/li>\n<li>Un syst\u00e8me CNM mis en \u0153uvre avec succ\u00e8s r\u00e9duira les niveaux de bruit en dessous des seuils de s\u00e9curit\u00e9, impactant positivement le bien-\u00eatre et la productivit\u00e9 des employ\u00e9s.<\/li>\n<\/ul>\n<p>[\/vc_column_text][\/vc_column][\/vc_row][vc_row][vc_column][vc_btn title=\u00a0\u00bbContactez-nous d\u00e8s aujourd\u2019hui pour discuter de votre prochain projet\u00a0\u00bb style=\u00a0\u00bboutline\u00a0\u00bb color=\u00a0\u00bbwhite\u00a0\u00bb size=\u00a0\u00bblg\u00a0\u00bb align=\u00a0\u00bbcenter\u00a0\u00bb link=\u00a0\u00bburl:https%3A%2F%2Fenvironmental-noise-control.ca%2Ffr%2Fcontactez-nous%2F|title:Contactez-nous|\u00a0\u00bb][\/vc_column][\/vc_row]<\/p>\n<\/div>","protected":false},"excerpt":{"rendered":"<p>[vc_row][vc_column][vc_column_text el_class=\u00a0\u00bbindustries-breadcrumbs\u00a0\u00bb] P\u00c9TROLE ET GAZ | FORAGE DIRECTIONNEL | CONSTRUCTION | USINE\/INDUSTRIEL | CENTRES DE DONN\u00c9ES | ENVIRONNEMENTAL | DIVERTISSEMENT [\/vc_column_text][\/vc_column][\/vc_row][vc_row][vc_column][vc_column_text][\/vc_column_text][\/vc_column][\/vc_row][vc_row][vc_column][vc_single_image image=\u00a0\u00bb3339&Prime; img_size=\u00a0\u00bbfull\u00a0\u00bb alignment=\u00a0\u00bbcenter\u00a0\u00bb][vc_column_text css=\u00a0\u00bb\u00a0\u00bb] Prioriser le bien-\u00eatre des travailleurs dans les usines, les entrep\u00f4ts et les milieux industriels Environmental Noise Control est \u00e0 l&rsquo;avant-garde en mati\u00e8re de solutions de contr\u00f4le du bruit sur mesure [&hellip;]<\/p>\n","protected":false},"author":12,"featured_media":0,"parent":0,"menu_order":0,"comment_status":"closed","ping_status":"closed","template":"","meta":{"_acf_changed":false,"_monsterinsights_skip_tracking":false,"_monsterinsights_sitenote_active":false,"_monsterinsights_sitenote_note":"","_monsterinsights_sitenote_category":0,"_uf_show_specific_survey":0,"_uf_disable_surveys":false,"footnotes":""},"tags":[],"class_list":["post-3337","page","type-page","status-publish","hentry"],"acf":[],"aioseo_notices":[],"_links":{"self":[{"href":"https:\/\/environmental-noise-control.ca\/fr\/wp-json\/wp\/v2\/pages\/3337","targetHints":{"allow":["GET"]}}],"collection":[{"href":"https:\/\/environmental-noise-control.ca\/fr\/wp-json\/wp\/v2\/pages"}],"about":[{"href":"https:\/\/environmental-noise-control.ca\/fr\/wp-json\/wp\/v2\/types\/page"}],"author":[{"embeddable":true,"href":"https:\/\/environmental-noise-control.ca\/fr\/wp-json\/wp\/v2\/users\/12"}],"replies":[{"embeddable":true,"href":"https:\/\/environmental-noise-control.ca\/fr\/wp-json\/wp\/v2\/comments?post=3337"}],"version-history":[{"count":21,"href":"https:\/\/environmental-noise-control.ca\/fr\/wp-json\/wp\/v2\/pages\/3337\/revisions"}],"predecessor-version":[{"id":4867,"href":"https:\/\/environmental-noise-control.ca\/fr\/wp-json\/wp\/v2\/pages\/3337\/revisions\/4867"}],"wp:attachment":[{"href":"https:\/\/environmental-noise-control.ca\/fr\/wp-json\/wp\/v2\/media?parent=3337"}],"wp:term":[{"taxonomy":"post_tag","embeddable":true,"href":"https:\/\/environmental-noise-control.ca\/fr\/wp-json\/wp\/v2\/tags?post=3337"}],"curies":[{"name":"wp","href":"https:\/\/api.w.org\/{rel}","templated":true}]}}