{"id":3379,"date":"2016-11-23T00:15:29","date_gmt":"2016-11-23T05:15:29","guid":{"rendered":"https:\/\/behre0015.sierradevops.com\/junket-presse-du-film-et-soiree-de-premiere\/"},"modified":"2026-04-16T14:28:31","modified_gmt":"2026-04-16T18:28:31","slug":"junket-presse-du-film-et-soiree-de-premiere","status":"publish","type":"page","link":"https:\/\/environmental-noise-control.ca\/fr\/projets\/junket-presse-du-film-et-soiree-de-premiere\/","title":{"rendered":"Junket presse du film et soir\u00e9e de premi\u00e8re"},"content":{"rendered":"<div class=\"wpb-content-wrapper\"><p>[vc_row el_class=\u00a0\u00bbprojects_bunner_slider\u00a0\u00bb][vc_column][vc_images_carousel images=\u00a0\u00bb3381,3382&Prime; img_size=\u00a0\u00bbfull\u00a0\u00bb onclick=\u00a0\u00bblink_no\u00a0\u00bb wrap=\u00a0\u00bbyes\u00a0\u00bb][vc_column_text el_class=\u00a0\u00bbcontainer carousel_title\u00a0\u00bb]<\/p>\n<h4>\u00c9tude de cas<\/h4>\n<h1>Warner Bros. Suicide Squad<br \/>\nJunket presse &amp; soir\u00e9e de premi\u00e8re <\/h1>\n<p>Secteur : att\u00e9nuation du bruit pour le divertissement<br \/>\nLieu : Moynihan Station, New York, NY[\/vc_column_text][\/vc_column][\/vc_row][vc_row el_class=\u00a0\u00bbcontainer_project\u00a0\u00bb][vc_column width=\u00a0\u00bb1\/2&Prime;][vc_column_text el_class=\u00a0\u00bbul_type1&Prime;]<\/p>\n<ul>\n<li>\n<h3>Projet d\u2019att\u00e9nuation du bruit pour le divertissement : aper\u00e7u<\/h3>\n<\/li>\n<li>Environmental Noise Control, Inc. a <a href=\"https:\/\/www.environmental-noise-control.ca\/services\/noise-mitigation-design\/\" target=\"_blank\" rel=\"noopener\"><strong>con\u00e7u et fabriqu\u00e9<\/strong><\/a> une solution d\u2019att\u00e9nuation du bruit pour le <a href=\"https:\/\/www.environmental-noise-control.ca\/industries\/entertainment\/\" target=\"_blank\" rel=\"noopener\"><strong>divertissement<\/strong><\/a>, comprenant six suites d\u2019entrevue priv\u00e9es destin\u00e9es aux m\u00e9dias du monde entier pendant trois jours d\u2019entrevues de presse avec la distribution de Suicide Squad de Warner Bros.<\/li>\n<li>ENC a cr\u00e9\u00e9 ces suites de studio de 20\u2019 de large, 30\u2019 de long et 20\u2019 de haut afin de garantir l\u2019obtention de fichiers audio d\u2019entrevue de haute qualit\u00e9, tandis que 6 \u00e0 9 \u00e9quipes travaillaient dans un vaste espace de studio.<\/li>\n<li>Cet \u00e9v\u00e9nement a utilis\u00e9 les <strong><a href=\"https:\/\/www.environmental-noise-control.ca\/products\/stc-25-acoustical-barrier-blanket\/\" target=\"_blank\" rel=\"noopener\">couvertures barri\u00e8res acoustiques STC-25<\/a><\/strong> d\u2019ENC.<\/li>\n<\/ul>\n<p>[\/vc_column_text][\/vc_column][vc_column width=\u00a0\u00bb1\/2&Prime;][vc_column_text]Le junket presse de Suicide Squad devait se tenir sur le quai de chargement de la gare historique Moynihan Station, \u00e0 New York. Bien que magnifique, l\u2019espace est rempli de surfaces planes et r\u00e9fl\u00e9chissantes, ce qui rendrait des entrevues audiovisuelles simultan\u00e9es r\u00e9ussies presque impossibles. Il \u00e9tait primordial que les m\u00e9dias du monde entier puissent obtenir des entrevues de haute qualit\u00e9 avec les vedettes. Environmental Noise Control, Inc. a \u00e9t\u00e9 sollicit\u00e9e pour conseiller et <a href=\"https:\/\/www.environmental-noise-control.ca\/services\/noise-mitigation-design\/\" target=\"_blank\" rel=\"noopener\"><strong>concevoir l\u2019att\u00e9nuation sonore<\/strong><\/a> de l\u2019\u00e9v\u00e9nement.   <\/p>\n<p>Environmental Noise Control, Inc. a <a href=\"https:\/\/www.environmental-noise-control.ca\/services\/noise-mitigation-design\/\" target=\"_blank\" rel=\"noopener\"><strong>con\u00e7u et fabriqu\u00e9<\/strong><\/a> six suites d\u2019entrevue priv\u00e9es autour du quai de chargement afin de cr\u00e9er des espaces o\u00f9 chaque m\u00e9dia pouvait interviewer la distribution de Suicide Squad en priv\u00e9 et sans interruption sonore. C\u2019\u00e9tait essentiel pour que les segments puissent \u00eatre diffus\u00e9s \u00e0 la radio, \u00e0 la t\u00e9l\u00e9vision et en ligne. <\/p>\n<p>Environmental Noise Control a install\u00e9 six \u00ab suites \u00bb de 20\u2019 de large, 30\u2019 de long et 20\u2019 de haut, en utilisant des <a href=\"https:\/\/www.environmental-noise-control.ca\/products\/stc-25-acoustical-barrier-blanket\/\" target=\"_blank\" rel=\"noopener\"><strong>couvertures barri\u00e8res acoustiques STC-25<\/strong><\/a> exclusives.<\/p>\n<p>Le junket presse et la soir\u00e9e de premi\u00e8re de Suicide Squad ont \u00e9t\u00e9 un grand succ\u00e8s et ont permis \u00e0 tous les m\u00e9dias d\u2019enregistrer des contenus audio et des entrevues de valeur, diffus\u00e9s dans le monde entier.[\/vc_column_text][\/vc_column][\/vc_row][vc_row el_class=\u00a0\u00bbcontainer_project\u00a0\u00bb][vc_column width=\u00a0\u00bb1\/2&Prime;][vc_single_image image=\u00a0\u00bb3266&Prime; img_size=\u00a0\u00bblarge\u00a0\u00bb onclick=\u00a0\u00bblink_image\u00a0\u00bb][\/vc_column][vc_column width=\u00a0\u00bb1\/2&Prime;][vc_single_image image=\u00a0\u00bb3265&Prime; img_size=\u00a0\u00bblarge\u00a0\u00bb onclick=\u00a0\u00bblink_image\u00a0\u00bb][\/vc_column][\/vc_row][vc_row][vc_column][vc_cta h2=\u00a0\u00bbEn savoir plus sur les produits et services d&apos;ENC\u00a0\u00bb h2_font_container=\u00a0\u00bbtag:h2|font_size:22|text_align:center|color:%23FFFFFF\u00a0\u00bb h2_use_theme_fonts=\u00a0\u00bbyes\u00a0\u00bb txt_align=\u00a0\u00bbcenter\u00a0\u00bb el_width=\u00a0\u00bbxl\u00a0\u00bb add_button=\u00a0\u00bbbottom\u00a0\u00bb btn_title=\u00a0\u00bbExplorer les solutions acoustiques\u00a0\u00bb btn_style=\u00a0\u00bbcustom\u00a0\u00bb btn_custom_background=\u00a0\u00bb#1698a8&Prime; btn_custom_text=\u00a0\u00bb#ffffff\u00a0\u00bb btn_align=\u00a0\u00bbcenter\u00a0\u00bb btn_i_icon_fontawesome=\u00a0\u00bbfa fa-solid fa-arrow-right\u00a0\u00bb css=\u00a0\u00bb.vc_custom_1776364097146{padding-top: 30px !important;padding-right: 20px !important;}\u00a0\u00bb use_custom_fonts_h2=\u00a0\u00bbtrue\u00a0\u00bb btn_add_icon=\u00a0\u00bbtrue\u00a0\u00bb btn_link=\u00a0\u00bburl:https%3A%2F%2Fenvironmental-noise-control.ca%2Ffr%2Fproduits%2F|title:Produits|target:_blank|\u00a0\u00bb][\/vc_cta][\/vc_column][\/vc_row]<\/p>\n<\/div>","protected":false},"excerpt":{"rendered":"<p>Un diffuseur t\u00e9l\u00e9vis\u00e9 \u00e0 Carson, en Californie, modernisait son studio et lorem ipsum dolor sic amet consectetur adipiscing.<\/p>\n","protected":false},"author":12,"featured_media":3381,"parent":3401,"menu_order":0,"comment_status":"closed","ping_status":"closed","template":"page-project-details.php","meta":{"_acf_changed":false,"_monsterinsights_skip_tracking":false,"_monsterinsights_sitenote_active":false,"_monsterinsights_sitenote_note":"","_monsterinsights_sitenote_category":0,"_uf_show_specific_survey":0,"_uf_disable_surveys":false,"footnotes":""},"tags":[112,113,122,121,132],"class_list":["post-3379","page","type-page","status-publish","has-post-thumbnail","hentry","tag-commercial","tag-controle-du-bruit-commercial","tag-controle-du-bruit-pour-le-divertissement","tag-divertissement","tag-inds"],"acf":[],"aioseo_notices":[],"_links":{"self":[{"href":"https:\/\/environmental-noise-control.ca\/fr\/wp-json\/wp\/v2\/pages\/3379","targetHints":{"allow":["GET"]}}],"collection":[{"href":"https:\/\/environmental-noise-control.ca\/fr\/wp-json\/wp\/v2\/pages"}],"about":[{"href":"https:\/\/environmental-noise-control.ca\/fr\/wp-json\/wp\/v2\/types\/page"}],"author":[{"embeddable":true,"href":"https:\/\/environmental-noise-control.ca\/fr\/wp-json\/wp\/v2\/users\/12"}],"replies":[{"embeddable":true,"href":"https:\/\/environmental-noise-control.ca\/fr\/wp-json\/wp\/v2\/comments?post=3379"}],"version-history":[{"count":22,"href":"https:\/\/environmental-noise-control.ca\/fr\/wp-json\/wp\/v2\/pages\/3379\/revisions"}],"predecessor-version":[{"id":4700,"href":"https:\/\/environmental-noise-control.ca\/fr\/wp-json\/wp\/v2\/pages\/3379\/revisions\/4700"}],"up":[{"embeddable":true,"href":"https:\/\/environmental-noise-control.ca\/fr\/wp-json\/wp\/v2\/pages\/3401"}],"wp:featuredmedia":[{"embeddable":true,"href":"https:\/\/environmental-noise-control.ca\/fr\/wp-json\/wp\/v2\/media\/3381"}],"wp:attachment":[{"href":"https:\/\/environmental-noise-control.ca\/fr\/wp-json\/wp\/v2\/media?parent=3379"}],"wp:term":[{"taxonomy":"post_tag","embeddable":true,"href":"https:\/\/environmental-noise-control.ca\/fr\/wp-json\/wp\/v2\/tags?post=3379"}],"curies":[{"name":"wp","href":"https:\/\/api.w.org\/{rel}","templated":true}]}}