{"id":3385,"date":"2016-12-09T00:35:46","date_gmt":"2016-12-09T05:35:46","guid":{"rendered":"https:\/\/behre0015.sierradevops.com\/produits\/systeme-de-panneaux-de-controle-acoustique-mma\/"},"modified":"2026-04-16T15:14:32","modified_gmt":"2026-04-16T19:14:32","slug":"systeme-de-panneaux-de-controle-acoustique-mma","status":"publish","type":"page","link":"https:\/\/environmental-noise-control.ca\/fr\/produits\/systeme-de-panneaux-de-controle-acoustique-mma\/","title":{"rendered":"Syst\u00e8me de panneaux de contr\u00f4le acoustique MMA"},"content":{"rendered":"<div class=\"wpb-content-wrapper\"><p>[vc_row full_width=\u00a0\u00bbstretch_row_content_no_spaces\u00a0\u00bb css=\u00a0\u00bb.vc_custom_1776366837299{margin-right: 0px !important;margin-bottom: 40px !important;margin-left: 0px !important;padding-top: 50px !important;padding-bottom: 50px !important;background-color: #1698A8 !important;}\u00a0\u00bb][vc_column width=\u00a0\u00bb5\/6&Prime; css=\u00a0\u00bb.vc_custom_1776366848769{padding-right: 40px !important;}\u00a0\u00bb offset=\u00a0\u00bbvc_col-lg-offset-1&Prime;][vc_column_text css=\u00a0\u00bb.vc_custom_1773174171402{margin-bottom: 30px !important;padding-top: 5px !important;padding-bottom: 15px !important;padding-left: 20px !important;background-color: #0D6D7957 !important;border-radius: 5px !important;}\u00a0\u00bb el_class=\u00a0\u00bbprod_bread\u00a0\u00bb]<\/p>\n<h4><span style=\"color: #ffffff;\"><a href=\"https:\/\/environmental-noise-control.ca\/fr\/produits\/\">Produits<\/a> \/ <a title=\"Syst\u00e8me de panneaux de contr\u00f4le acoustique MMA\" href=\"https:\/\/environmental-noise-control.ca\/fr\/produits\/systeme-de-panneaux-de-controle-acoustique-mma\/\">Syst\u00e8me de panneaux de contr\u00f4le acoustique MMA<\/a><\/span><\/h4>\n<p>[\/vc_column_text][vc_column_text css=\u00a0\u00bb.vc_custom_1773174148551{margin-bottom: -20px !important;}\u00a0\u00bb]<\/p>\n<div class=\"wpb_text_column wpb_content_element\">\n<div class=\"wpb_wrapper\">\n<h1>Syst\u00e8me de panneaux de contr\u00f4le acoustique MMA<\/h1>\n<\/div>\n<\/div>\n<p>[\/vc_column_text][vc_column_text css=\u00a0\u00bb.vc_custom_1773174131322{margin-bottom: -20px !important;}\u00a0\u00bb]<\/p>\n<div class=\"wpb_text_column wpb_content_element\">\n<div class=\"wpb_wrapper\">\n<p><span style=\"color: #ffffff; font-size: 19px; font-weight: lighter;\">Le syst\u00e8me de panneaux de contr\u00f4le acoustique modulaires mobiles (MMA) d&rsquo;ENC est fabriqu\u00e9 \u00e0 partir de mat\u00e9riaux composites acoustiques de pointe.<\/span><\/div>\n<\/div>\n<p>[\/vc_column_text][\/vc_column][\/vc_row][vc_row][vc_column width=\u00a0\u00bb2\/3&Prime; css=\u00a0\u00bb.vc_custom_1773174361858{border-right-width: 1px !important;padding-right: 50px !important;border-right-style: solid !important;border-color: #DCDCDC !important;}\u00a0\u00bb][vc_images_carousel images=\u00a0\u00bb3387,3391,3388,3300&Prime; img_size=\u00a0\u00bbfull\u00a0\u00bb onclick=\u00a0\u00bblink_no\u00a0\u00bb wrap=\u00a0\u00bbyes\u00a0\u00bb el_class=\u00a0\u00bbproducts_carousel\u00a0\u00bb][vc_column_text css=\u00a0\u00bb\u00a0\u00bb el_class=\u00a0\u00bbp_subtitle\u00a0\u00bb]Le panneau de contr\u00f4le acoustique modulaire mobile (MMA) d&rsquo;Environmental Noise Control, Inc. est fabriqu\u00e9 \u00e0 partir de mat\u00e9riaux composites acoustiques de pointe. Il est con\u00e7u pour une installation rapide et simple sur le terrain, offrant une solution imm\u00e9diate de contr\u00f4le du bruit.[\/vc_column_text][vc_column_text css=\u00a0\u00bb\u00a0\u00bb]Fabriqu\u00e9 avec une peau ext\u00e9rieure en t\u00f4le d&rsquo;acier pr\u00e9laqu\u00e9e \u00e0 profil en U et un syst\u00e8me d&rsquo;isolation acoustique composite barri\u00e8re\/absorbeur de 3,2 lb\/pi\u00b2 sp\u00e9cialement d\u00e9velopp\u00e9, le panneau de contr\u00f4le acoustique MMA d&rsquo;ENC est con\u00e7u pour offrir des performances optimales en mati\u00e8re de blocage et d&rsquo;absorption des sons ind\u00e9sirables pour les installations d&rsquo;\u00e9quipements permanentes et semi-permanentes. Il peut \u00e9galement \u00eatre facilement d\u00e9mont\u00e9 pour faciliter l&rsquo;entretien majeur des \u00e9quipements.[\/vc_column_text][vc_separator][vc_column_text]<\/p>\n<h3 style=\"text-align: center;\"><strong>Applications :<\/strong><\/h3>\n<p>[\/vc_column_text][vc_row_inner][vc_column_inner width=\u00a0\u00bb1\/2&Prime;][vc_column_text]<\/p>\n<ul>\n<li>\n<h5>Enceintes de compresseurs<\/h5>\n<\/li>\n<li>\n<h5>Enceintes de g\u00e9n\u00e9rateurs<\/h5>\n<\/li>\n<li>\n<h5>Barri\u00e8res acoustiques routi\u00e8res<\/h5>\n<\/li>\n<\/ul>\n<p>[\/vc_column_text][\/vc_column_inner][vc_column_inner width=\u00a0\u00bb1\/2&Prime;][vc_column_text]<\/p>\n<ul>\n<li>\n<h5>Murs antibruit de chantier<\/h5>\n<\/li>\n<li>\n<h5>Forage directionnel<\/h5>\n<\/li>\n<li>\n<h5>Excavation<\/h5>\n<\/li>\n<li>\n<h5>D\u00e9molition<\/h5>\n<\/li>\n<\/ul>\n<p>[\/vc_column_text][\/vc_column_inner][\/vc_row_inner][vc_column_text]<\/p>\n<h3 style=\"text-align: center;\">\u00c0 propos du syst\u00e8me de panneaux de contr\u00f4le acoustique MMA<\/h3>\n<p>[\/vc_column_text][vc_column_text el_class=\u00a0\u00bbul_type1&Prime;]<\/p>\n<ul>\n<li>\n<h3>Sp\u00e9cifications<\/h3>\n<\/li>\n<li>Structure de support : tuyau en acier galvanis\u00e9 Schedule 40 de 4 po dans des trous taraud\u00e9s<\/li>\n<li>Peau du panneau : t\u00f4le \u00e0 profil en U de calibre 26<\/li>\n<li>Dimensions du panneau : 8 pi 4 po de largeur par 8 pi \u00e0 16 pi de hauteur<\/li>\n<li>Syst\u00e8me d&rsquo;isolation : barri\u00e8re et absorbeur composites personnalis\u00e9s de 3,2 lb\/pi\u00b2<\/li>\n<li>Classe de transmission acoustique : STC-40<\/li>\n<li>Coefficient de r\u00e9duction du bruit : NRC = 1,10<\/li>\n<\/ul>\n<p>[\/vc_column_text][\/vc_column][vc_column width=\u00a0\u00bb1\/3&Prime; css=\u00a0\u00bb.vc_custom_1773174367386{padding-left: 50px !important;}\u00a0\u00bb][vc_column_text css=\u00a0\u00bb.vc_custom_1773174346444{margin-top: -45px !important;margin-left: -40px !important;padding-top: 0px !important;}\u00a0\u00bb el_class=\u00a0\u00bbul_type1_2&Prime;]<\/p>\n<ul>\n<li>\n<h3>Fonctionnalit\u00e9s cl\u00e9s<\/h3>\n<\/li>\n<li>Tuyau en acier galvanis\u00e9 de 4 po, Schedule 40<\/li>\n<li>T\u00f4le \u00e0 profil en U de calibre 26<\/li>\n<li>Barri\u00e8re et absorbeur composite sur mesure de 3,2 lb\/pi\u00b2<\/li>\n<li>STC-40 et NRC-1,10<\/li>\n<li>Syst\u00e8me de ventilation \u00e0 performance acoustique certifi\u00e9e<\/li>\n<li>Conception modulaire pour enfermer la source de bruit<\/li>\n<li>Rapide \u00e0 assembler et \u00e0 d\u00e9monter<\/li>\n<\/ul>\n<p>[\/vc_column_text][vc_column_text css=\u00a0\u00bb.vc_custom_1773174354549{margin-top: 80px !important;margin-left: -50px !important;}\u00a0\u00bb el_class=\u00a0\u00bbb_purch\u00a0\u00bb]<a href=\"https:\/\/environmental-noise-control.ca\/fr\/contactez-nous\/\">Renseignez-vous sur la location ou l\u2019achat de ce produit<\/a>[\/vc_column_text][\/vc_column][\/vc_row]<\/p>\n<\/div>","protected":false},"excerpt":{"rendered":"<p>[vc_row full_width=\u00a0\u00bbstretch_row_content_no_spaces\u00a0\u00bb css=\u00a0\u00bb.vc_custom_1776366837299{margin-right: 0px !important;margin-bottom: 40px !important;margin-left: 0px !important;padding-top: 50px !important;padding-bottom: 50px !important;background-color: #1698A8 !important;}\u00a0\u00bb][vc_column width=\u00a0\u00bb5\/6&Prime; css=\u00a0\u00bb.vc_custom_1776366848769{padding-right: 40px !important;}\u00a0\u00bb offset=\u00a0\u00bbvc_col-lg-offset-1&Prime;][vc_column_text css=\u00a0\u00bb.vc_custom_1773174171402{margin-bottom: 30px !important;padding-top: 5px !important;padding-bottom: 15px !important;padding-left: 20px !important;background-color: #0D6D7957 !important;border-radius: 5px !important;}\u00a0\u00bb el_class=\u00a0\u00bbprod_bread\u00a0\u00bb] Produits \/ Syst\u00e8me de panneaux de contr\u00f4le acoustique MMA [\/vc_column_text][vc_column_text css=\u00a0\u00bb.vc_custom_1773174148551{margin-bottom: -20px !important;}\u00a0\u00bb] Syst\u00e8me de panneaux de contr\u00f4le acoustique MMA [\/vc_column_text][vc_column_text [&hellip;]<\/p>\n","protected":false},"author":15,"featured_media":3295,"parent":3277,"menu_order":8,"comment_status":"closed","ping_status":"closed","template":"","meta":{"_acf_changed":false,"_monsterinsights_skip_tracking":false,"_monsterinsights_sitenote_active":false,"_monsterinsights_sitenote_note":"","_monsterinsights_sitenote_category":0,"_uf_show_specific_survey":0,"_uf_disable_surveys":false,"footnotes":""},"tags":[112,114,113,115,117,119,122,124,121,116,118,123],"class_list":["post-3385","page","type-page","status-publish","has-post-thumbnail","hentry","tag-commercial","tag-construction","tag-controle-du-bruit-commercial","tag-controle-du-bruit-de-construction","tag-controle-du-bruit-environnemental","tag-controle-du-bruit-industriel","tag-controle-du-bruit-pour-le-divertissement","tag-controle-du-bruit-pour-le-petrole-et-le-gaz","tag-divertissement","tag-environnemental","tag-industriel","tag-petrole-et-gaz"],"acf":[],"aioseo_notices":[],"_links":{"self":[{"href":"https:\/\/environmental-noise-control.ca\/fr\/wp-json\/wp\/v2\/pages\/3385","targetHints":{"allow":["GET"]}}],"collection":[{"href":"https:\/\/environmental-noise-control.ca\/fr\/wp-json\/wp\/v2\/pages"}],"about":[{"href":"https:\/\/environmental-noise-control.ca\/fr\/wp-json\/wp\/v2\/types\/page"}],"author":[{"embeddable":true,"href":"https:\/\/environmental-noise-control.ca\/fr\/wp-json\/wp\/v2\/users\/15"}],"replies":[{"embeddable":true,"href":"https:\/\/environmental-noise-control.ca\/fr\/wp-json\/wp\/v2\/comments?post=3385"}],"version-history":[{"count":27,"href":"https:\/\/environmental-noise-control.ca\/fr\/wp-json\/wp\/v2\/pages\/3385\/revisions"}],"predecessor-version":[{"id":4811,"href":"https:\/\/environmental-noise-control.ca\/fr\/wp-json\/wp\/v2\/pages\/3385\/revisions\/4811"}],"up":[{"embeddable":true,"href":"https:\/\/environmental-noise-control.ca\/fr\/wp-json\/wp\/v2\/pages\/3277"}],"wp:featuredmedia":[{"embeddable":true,"href":"https:\/\/environmental-noise-control.ca\/fr\/wp-json\/wp\/v2\/media\/3295"}],"wp:attachment":[{"href":"https:\/\/environmental-noise-control.ca\/fr\/wp-json\/wp\/v2\/media?parent=3385"}],"wp:term":[{"taxonomy":"post_tag","embeddable":true,"href":"https:\/\/environmental-noise-control.ca\/fr\/wp-json\/wp\/v2\/tags?post=3385"}],"curies":[{"name":"wp","href":"https:\/\/api.w.org\/{rel}","templated":true}]}}