{"id":3397,"date":"2016-10-26T21:58:07","date_gmt":"2016-10-27T01:58:07","guid":{"rendered":"https:\/\/behre0015.sierradevops.com\/industries\/controle-du-bruit-en-construction\/"},"modified":"2026-04-30T16:24:33","modified_gmt":"2026-04-30T20:24:33","slug":"controle-du-bruit-en-construction","status":"publish","type":"page","link":"https:\/\/environmental-noise-control.ca\/fr\/controle-du-bruit-en-construction\/","title":{"rendered":"Contr\u00f4le du bruit en construction"},"content":{"rendered":"<div class=\"wpb-content-wrapper\"><p>[vc_row][vc_column][vc_column_text el_class=\u00a0\u00bbindustries-breadcrumbs\u00a0\u00bb]<\/p>\n<h3 style=\"font-size: 14px; text-align: right;\"><a href=\"https:\/\/environmental-noise-control.ca\/industries\/oil-gas\/\">P\u00c9TROLE ET GAZ<\/a> | <a href=\"https:\/\/environmental-noise-control.ca\/fr\/controle-du-bruit-pour-le-forage-directionnel\/\">FORAGE DIRIG\u00c9<\/a> | <a href=\"https:\/\/environmental-noise-control.ca\/industries\/construction\/\">CONSTRUCTION<\/a> | <a href=\"https:\/\/environmental-noise-control.ca\/industries\/industrial\/\">USINE\/INDUSTRIE<\/a> | <a href=\"https:\/\/environmental-noise-control.ca\/fr\/controle-du-bruit-des-centres-de-donnees\/\">CENTRES DE DONN\u00c9ES<\/a> | <a href=\"https:\/\/environmental-noise-control.ca\/industries\/environmental\/\">ENVIRONNEMENT<\/a> | <a href=\"https:\/\/environmental-noise-control.ca\/industries\/entertainment\/\">DIVERTISSEMENT<\/a><\/h3>\n<p>[\/vc_column_text][\/vc_column][\/vc_row][vc_row][vc_column][vc_single_image image=\u00a0\u00bb3325&Prime; img_size=\u00a0\u00bbfull\u00a0\u00bb alignment=\u00a0\u00bbcenter\u00a0\u00bb][vc_column_text css=\u00a0\u00bb\u00a0\u00bb]<\/p>\n<h3><strong>Solutions temporaires de contr\u00f4le du bruit de construction<\/strong><\/h3>\n<p>Notre objectif consiste \u00e0 fournir des strat\u00e9gies de contr\u00f4le du bruit pratiques et rentables, adapt\u00e9es aux d\u00e9fis uniques des environnements de construction. Bien que l&rsquo;att\u00e9nuation du bruit ne soit souvent pas requise sur de nombreux chantiers de construction, l&rsquo;int\u00e9gration de mesures d&rsquo;att\u00e9nuation du bruit \u00e0 votre projet peut vous aider \u00e0 : <\/p>\n<ul>\n<li>Prolonger votre journ\u00e9e de travail ou exploiter une op\u00e9ration 24 heures sur 24 sans enfreindre les r\u00e8glements locaux sur le bruit.<\/li>\n<li>Gagner la bonne volont\u00e9 de la communaut\u00e9 environnante en minimisant les perturbations cr\u00e9\u00e9es par les projets bruyants.<\/li>\n<li>Op\u00e9rer dans des zones sensibles telles que les quartiers r\u00e9sidentiels calmes, les h\u00f4pitaux, les \u00e9coles ou les habitats fauniques.<\/li>\n<\/ul>\n<h3><strong>Solutions de contr\u00f4le du bruit<\/strong><\/h3>\n<p>Nos syst\u00e8mes sp\u00e9cialement con\u00e7us r\u00e9pondent \u00e0 une vari\u00e9t\u00e9 de sc\u00e9narios de contr\u00f4le du bruit de construction, offrant des solutions de contr\u00f4le du bruit temporaires et permanentes qui traitent divers sc\u00e9narios de construction. Ces syst\u00e8mes comprennent : <\/p>\n<ul>\n<li><a href=\"https:\/\/environmental-noise-control.ca\/fr\/produits\/panneaux-acoustiques-portables\/\">Panneaux portables :<\/a> Permettent un d\u00e9ploiement rapide pour le contr\u00f4le du bruit sur place pendant les phases de construction. Disponibles en diverses tailles, ces panneaux peuvent \u00eatre plac\u00e9s autour des g\u00e9n\u00e9ratrices et autres \u00e9quipements bruyants et peuvent \u00eatre facilement d\u00e9plac\u00e9s sur le chantier selon les besoins avec un \u00e9quipement minimal. <\/li>\n<li><a href=\"https:\/\/environmental-noise-control.ca\/fr\/produits\/couvertures-de-barriere-acoustique\/\">Couvertures acoustiques :<\/a> Disponibles en de nombreuses tailles standard et niveaux de performance, elles sont con\u00e7ues pour une utilisation int\u00e9rieure et ext\u00e9rieure. Ces couvertures acoustiques polyvalentes peuvent \u00eatre fix\u00e9es \u00e0 des cl\u00f4tures, des \u00e9chafaudages ou d&rsquo;autres structures de support. Des tailles personnalis\u00e9es sont \u00e9galement disponibles sur demande.  <\/li>\n<li>Mur \u00e0 poutres viss\u00e9es : Disponible en hauteurs de 8 pi \u00e0 40 pi pour la protection de sites \u00e0 grande \u00e9chelle. Ces barri\u00e8res ont une empreinte r\u00e9duite et peuvent r\u00e9sister \u00e0 toutes les exigences de charge au vent. Elles servent \u00e9galement de barri\u00e8res contre la lumi\u00e8re et la poussi\u00e8re pour les op\u00e9rations sur site.  <\/li>\n<li><a href=\"https:\/\/environmental-noise-control.ca\/fr\/produits\/murs-anti-bruit-montes-sur-k-rail\/\">Barri\u00e8res mont\u00e9es sur K Rail\/Jersey :<\/a> Notre syst\u00e8me brevet\u00e9 utilise la barri\u00e8re k rail\/jersey courante comme base pour monter nos panneaux acoustiques. Disponibles en hauteurs de 8 pi \u00e0 20 pi, ils sont modulaires et portables et peuvent \u00eatre con\u00e7us pour s&rsquo;adapter \u00e0 tout chantier. Ils sont sp\u00e9cifiquement con\u00e7us et dimensionn\u00e9s pour r\u00e9sister \u00e0 toutes les exigences de charge au vent.  <\/li>\n<\/ul>\n<p>[\/vc_column_text][\/vc_column][\/vc_row][vc_row][vc_column][vc_btn title=\u00a0\u00bbContactez-nous d\u00e8s aujourd\u2019hui pour discuter de votre prochain projet\u00a0\u00bb style=\u00a0\u00bboutline\u00a0\u00bb color=\u00a0\u00bbwhite\u00a0\u00bb align=\u00a0\u00bbcenter\u00a0\u00bb link=\u00a0\u00bburl:https%3A%2F%2Fenvironmental-noise-control.ca%2Ffr%2Fcontactez-nous%2F|title:Contact%20Us|\u00a0\u00bb][\/vc_column][\/vc_row]<\/p>\n<\/div>","protected":false},"excerpt":{"rendered":"<p>[vc_row][vc_column][vc_column_text el_class=\u00a0\u00bbindustries-breadcrumbs\u00a0\u00bb] P\u00c9TROLE ET GAZ | FORAGE DIRIG\u00c9 | CONSTRUCTION | USINE\/INDUSTRIE | CENTRES DE DONN\u00c9ES | ENVIRONNEMENT | DIVERTISSEMENT [\/vc_column_text][\/vc_column][\/vc_row][vc_row][vc_column][vc_single_image image=\u00a0\u00bb3325&Prime; img_size=\u00a0\u00bbfull\u00a0\u00bb alignment=\u00a0\u00bbcenter\u00a0\u00bb][vc_column_text css=\u00a0\u00bb\u00a0\u00bb] Solutions temporaires de contr\u00f4le du bruit de construction Notre objectif consiste \u00e0 fournir des strat\u00e9gies de contr\u00f4le du bruit pratiques et rentables, adapt\u00e9es aux d\u00e9fis uniques des environnements de construction. [&hellip;]<\/p>\n","protected":false},"author":12,"featured_media":3398,"parent":0,"menu_order":0,"comment_status":"closed","ping_status":"closed","template":"","meta":{"_acf_changed":false,"_monsterinsights_skip_tracking":false,"_monsterinsights_sitenote_active":false,"_monsterinsights_sitenote_note":"","_monsterinsights_sitenote_category":0,"_uf_show_specific_survey":0,"_uf_disable_surveys":false,"footnotes":""},"tags":[],"class_list":["post-3397","page","type-page","status-publish","has-post-thumbnail","hentry"],"acf":[],"aioseo_notices":[],"_links":{"self":[{"href":"https:\/\/environmental-noise-control.ca\/fr\/wp-json\/wp\/v2\/pages\/3397","targetHints":{"allow":["GET"]}}],"collection":[{"href":"https:\/\/environmental-noise-control.ca\/fr\/wp-json\/wp\/v2\/pages"}],"about":[{"href":"https:\/\/environmental-noise-control.ca\/fr\/wp-json\/wp\/v2\/types\/page"}],"author":[{"embeddable":true,"href":"https:\/\/environmental-noise-control.ca\/fr\/wp-json\/wp\/v2\/users\/12"}],"replies":[{"embeddable":true,"href":"https:\/\/environmental-noise-control.ca\/fr\/wp-json\/wp\/v2\/comments?post=3397"}],"version-history":[{"count":22,"href":"https:\/\/environmental-noise-control.ca\/fr\/wp-json\/wp\/v2\/pages\/3397\/revisions"}],"predecessor-version":[{"id":4863,"href":"https:\/\/environmental-noise-control.ca\/fr\/wp-json\/wp\/v2\/pages\/3397\/revisions\/4863"}],"wp:featuredmedia":[{"embeddable":true,"href":"https:\/\/environmental-noise-control.ca\/fr\/wp-json\/wp\/v2\/media\/3398"}],"wp:attachment":[{"href":"https:\/\/environmental-noise-control.ca\/fr\/wp-json\/wp\/v2\/media?parent=3397"}],"wp:term":[{"taxonomy":"post_tag","embeddable":true,"href":"https:\/\/environmental-noise-control.ca\/fr\/wp-json\/wp\/v2\/tags?post=3397"}],"curies":[{"name":"wp","href":"https:\/\/api.w.org\/{rel}","templated":true}]}}