{"id":3401,"date":"2016-10-26T22:01:34","date_gmt":"2016-10-27T02:01:34","guid":{"rendered":"https:\/\/behre0015.sierradevops.com\/projets\/"},"modified":"2026-04-16T14:17:58","modified_gmt":"2026-04-16T18:17:58","slug":"projets","status":"publish","type":"page","link":"https:\/\/environmental-noise-control.ca\/fr\/projets\/","title":{"rendered":"Projets"},"content":{"rendered":"<div class=\"wpb-content-wrapper\"><p>[vc_row][vc_column][vc_single_image image=\u00a0\u00bb3402&Prime; img_size=\u00a0\u00bblarge\u00a0\u00bb alignment=\u00a0\u00bbcenter\u00a0\u00bb][\/vc_column][\/vc_row][vc_row full_width=\u00a0\u00bbstretch_row_content_no_spaces\u00a0\u00bb][vc_column width=\u00a0\u00bb5\/6&Prime; offset=\u00a0\u00bbvc_col-lg-offset-1&Prime;][vc_column_text css=\u00a0\u00bb.vc_custom_1772199436041{margin-bottom: 0px !important;}\u00a0\u00bb]<\/p>\n<h2>\u00c9tudes de cas phares<\/h2>\n<p>[\/vc_column_text][\/vc_column][\/vc_row][vc_row full_width=\u00a0\u00bbstretch_row_content_no_spaces\u00a0\u00bb equal_height=\u00a0\u00bbyes\u00a0\u00bb css=\u00a0\u00bb.vc_custom_1776362988938{background-color: #FFFFFF !important;}\u00a0\u00bb][vc_column width=\u00a0\u00bb5\/12&Prime; css=\u00a0\u00bb.vc_custom_1776363285672{margin-top: 0px !important;border-top-width: 0px !important;padding-top: 0px !important;background-color: #F2F4F5 !important;}\u00a0\u00bb offset=\u00a0\u00bbvc_col-lg-offset-1 vc_hidden-sm vc_col-xs-12 vc_hidden-xs\u00a0\u00bb][vc_single_image image=\u00a0\u00bb3856&Prime; img_size=\u00a0\u00bb1080&#215;500&Prime; css=\u00a0\u00bb\u00a0\u00bb][vc_column_text css=\u00a0\u00bb.vc_custom_1772199787098{margin-bottom: 0px !important;padding-left: 50px !important;}\u00a0\u00bb]<\/p>\n<h4>PROJET PHARE<\/h4>\n<p>[\/vc_column_text][vc_column_text css=\u00a0\u00bb.vc_custom_1772731103759{margin-top: 0px !important;margin-bottom: 20px !important;border-top-width: 0px !important;padding-top: 0px !important;padding-left: 50px !important;}\u00a0\u00bb]<\/p>\n<h3><a href=\"https:\/\/environmental-noise-control.ca\/fr\/projets\/projet-de-forage-directionnel-horizontal\/\"><strong>Projet de forage directionnel horizontal<\/strong><\/a><\/h3>\n<p>[\/vc_column_text][vc_column_text css=\u00a0\u00bb.vc_custom_1772731114664{margin-bottom: 50px !important;padding-right: 50px !important;padding-left: 50px !important;}\u00a0\u00bb]Environmental Noise Control (ENC) a collabor\u00e9 avec les consultants acoustiques de RWDI pour concevoir et mettre en \u0153uvre un syst\u00e8me de mur \u00e0 poutres haute performance de 32 pi.[\/vc_column_text][vc_btn title=\u00a0\u00bbLire l\u2019\u00e9tude de cas\u00a0\u00bb style=\u00a0\u00bboutline-custom\u00a0\u00bb outline_custom_color=\u00a0\u00bb#1F4D62&Prime; outline_custom_hover_background=\u00a0\u00bb#1F4D62&Prime; size=\u00a0\u00bblg\u00a0\u00bb css=\u00a0\u00bb.vc_custom_1772731131298{margin-bottom: 50px !important;padding-left: 50px !important;}\u00a0\u00bb link=\u00a0\u00bburl:https%3A%2F%2Fenvironmental-noise-control.ca%2Ffr%2Fprojets%2Fprojet-de-forage-directionnel-horizontal%2F|title:Projet%20de%20forage%20directionnel%20horizontal|\u00a0\u00bb][\/vc_column][vc_column width=\u00a0\u00bb5\/12&Prime; css=\u00a0\u00bb.vc_custom_1776363277404{margin-top: 0px !important;margin-bottom: 0px !important;padding-top: 0px !important;padding-right: 0px !important;padding-bottom: 0px !important;padding-left: 0px !important;background-color: #F2F4F5 !important;}\u00a0\u00bb offset=\u00a0\u00bbvc_col-lg-offset-0 vc_hidden-sm vc_hidden-xs\u00a0\u00bb][vc_single_image image=\u00a0\u00bb3848&Prime; img_size=\u00a0\u00bb1080&#215;500&Prime; css=\u00a0\u00bb.vc_custom_1774895636653{margin-top: 0px !important;margin-right: 0px !important;margin-bottom: 0px !important;margin-left: 0px !important;padding-top: 0px !important;padding-right: 0px !important;padding-bottom: 0px !important;padding-left: 0px !important;}\u00a0\u00bb][vc_column_text css=\u00a0\u00bb.vc_custom_1772199797857{margin-bottom: 0px !important;padding-left: 50px !important;}\u00a0\u00bb]<\/p>\n<h4>PROJET PHARE<\/h4>\n<p>[\/vc_column_text][vc_column_text css=\u00a0\u00bb.vc_custom_1772731151548{margin-top: 0px !important;margin-bottom: 20px !important;border-top-width: 0px !important;padding-top: 0px !important;padding-left: 50px !important;}\u00a0\u00bb]<\/p>\n<h3><a href=\"https:\/\/environmental-noise-control.ca\/fr\/projets\/developpement-urbain\/\">D\u00e9veloppement urbain<\/a><\/h3>\n<p>[\/vc_column_text][vc_column_text css=\u00a0\u00bb.vc_custom_1772731162001{margin-bottom: 50px !important;padding-right: 50px !important;padding-left: 50px !important;}\u00a0\u00bb]Environmental Noise Control (ENC) a recommand\u00e9 un syst\u00e8me de mur antibruit sp\u00e9cialis\u00e9 mont\u00e9 sur K-Rail, sp\u00e9cifiquement con\u00e7u pour les situations o\u00f9 le forage du sol n\u2019est pas r\u00e9alisable.[\/vc_column_text][vc_btn title=\u00a0\u00bbLire l\u2019\u00e9tude de cas\u00a0\u00bb style=\u00a0\u00bboutline-custom\u00a0\u00bb outline_custom_color=\u00a0\u00bb#1F4D62&Prime; outline_custom_hover_background=\u00a0\u00bb#1F4D62&Prime; size=\u00a0\u00bblg\u00a0\u00bb css=\u00a0\u00bb.vc_custom_1772731173809{margin-bottom: 50px !important;padding-left: 50px !important;}\u00a0\u00bb link=\u00a0\u00bburl:https%3A%2F%2Fenvironmental-noise-control.ca%2Ffr%2Fprojets%2Fdeveloppement-urbain%2F|title:D%C3%A9veloppement%20urbain|\u00a0\u00bb][\/vc_column][\/vc_row][vc_row full_width=\u00a0\u00bbstretch_row_content_no_spaces\u00a0\u00bb equal_height=\u00a0\u00bbyes\u00a0\u00bb css=\u00a0\u00bb.vc_custom_1776362988938{background-color: #FFFFFF !important;}\u00a0\u00bb][vc_column width=\u00a0\u00bb5\/12&Prime; css=\u00a0\u00bb.vc_custom_1776363323521{margin-top: 0px !important;margin-right: 40px !important;border-top-width: 0px !important;padding-top: 0px !important;background-color: #F2F4F5 !important;}\u00a0\u00bb offset=\u00a0\u00bbvc_col-lg-offset-1 vc_hidden-lg vc_hidden-md vc_col-xs-12&Prime;][vc_single_image image=\u00a0\u00bb3856&Prime; img_size=\u00a0\u00bb1080&#215;500&Prime; css=\u00a0\u00bb\u00a0\u00bb][vc_column_text css=\u00a0\u00bb.vc_custom_1772199787098{margin-bottom: 0px !important;padding-left: 50px !important;}\u00a0\u00bb]<\/p>\n<h4>PROJET PHARE<\/h4>\n<p>[\/vc_column_text][vc_column_text css=\u00a0\u00bb.vc_custom_1772731103759{margin-top: 0px !important;margin-bottom: 20px !important;border-top-width: 0px !important;padding-top: 0px !important;padding-left: 50px !important;}\u00a0\u00bb]<\/p>\n<h3><a href=\"https:\/\/environmental-noise-control.ca\/fr\/projets\/projet-de-forage-directionnel-horizontal\/\"><strong>Projet de forage directionnel horizontal<\/strong><\/a><\/h3>\n<p>[\/vc_column_text][vc_column_text css=\u00a0\u00bb.vc_custom_1772731114664{margin-bottom: 50px !important;padding-right: 50px !important;padding-left: 50px !important;}\u00a0\u00bb]Environmental Noise Control (ENC) a collabor\u00e9 avec les consultants acoustiques de RWDI pour concevoir et mettre en \u0153uvre un syst\u00e8me de mur \u00e0 poutres haute performance de 32 pi.[\/vc_column_text][vc_btn title=\u00a0\u00bbLire l\u2019\u00e9tude de cas\u00a0\u00bb style=\u00a0\u00bboutline-custom\u00a0\u00bb outline_custom_color=\u00a0\u00bb#1F4D62&Prime; outline_custom_hover_background=\u00a0\u00bb#1F4D62&Prime; size=\u00a0\u00bblg\u00a0\u00bb css=\u00a0\u00bb.vc_custom_1772731131298{margin-bottom: 50px !important;padding-left: 50px !important;}\u00a0\u00bb link=\u00a0\u00bburl:https%3A%2F%2Fenvironmental-noise-control.ca%2Ffr%2Fprojets%2Fprojet-de-forage-directionnel-horizontal%2F|title:Projet%20de%20forage%20directionnel%20horizontal|\u00a0\u00bb][\/vc_column][vc_column width=\u00a0\u00bb5\/12&Prime; css=\u00a0\u00bb.vc_custom_1776363336561{margin-top: 0px !important;margin-right: 40px !important;margin-bottom: 0px !important;padding-top: 0px !important;padding-right: 0px !important;padding-bottom: 0px !important;padding-left: 0px !important;background-color: #F2F4F5 !important;}\u00a0\u00bb offset=\u00a0\u00bbvc_col-lg-offset-0 vc_hidden-lg vc_hidden-md\u00a0\u00bb][vc_single_image image=\u00a0\u00bb3848&Prime; img_size=\u00a0\u00bb1080&#215;500&Prime; css=\u00a0\u00bb.vc_custom_1774895636653{margin-top: 0px !important;margin-right: 0px !important;margin-bottom: 0px !important;margin-left: 0px !important;padding-top: 0px !important;padding-right: 0px !important;padding-bottom: 0px !important;padding-left: 0px !important;}\u00a0\u00bb][vc_column_text css=\u00a0\u00bb.vc_custom_1772199797857{margin-bottom: 0px !important;padding-left: 50px !important;}\u00a0\u00bb]<\/p>\n<h4>PROJET PHARE<\/h4>\n<p>[\/vc_column_text][vc_column_text css=\u00a0\u00bb.vc_custom_1772731151548{margin-top: 0px !important;margin-bottom: 20px !important;border-top-width: 0px !important;padding-top: 0px !important;padding-left: 50px !important;}\u00a0\u00bb]<\/p>\n<h3><a href=\"https:\/\/environmental-noise-control.ca\/fr\/projets\/developpement-urbain\/\">D\u00e9veloppement urbain<\/a><\/h3>\n<p>[\/vc_column_text][vc_column_text css=\u00a0\u00bb.vc_custom_1772731162001{margin-bottom: 50px !important;padding-right: 50px !important;padding-left: 50px !important;}\u00a0\u00bb]Environmental Noise Control (ENC) a recommand\u00e9 un syst\u00e8me de mur antibruit sp\u00e9cialis\u00e9 mont\u00e9 sur K-Rail, sp\u00e9cifiquement con\u00e7u pour les situations o\u00f9 le forage du sol n\u2019est pas r\u00e9alisable.[\/vc_column_text][vc_btn title=\u00a0\u00bbLire l\u2019\u00e9tude de cas\u00a0\u00bb style=\u00a0\u00bboutline-custom\u00a0\u00bb outline_custom_color=\u00a0\u00bb#1F4D62&Prime; outline_custom_hover_background=\u00a0\u00bb#1F4D62&Prime; size=\u00a0\u00bblg\u00a0\u00bb css=\u00a0\u00bb.vc_custom_1772731173809{margin-bottom: 50px !important;padding-left: 50px !important;}\u00a0\u00bb link=\u00a0\u00bburl:https%3A%2F%2Fenvironmental-noise-control.ca%2Ffr%2Fprojets%2Fdeveloppement-urbain%2F|title:D%C3%A9veloppement%20urbain|\u00a0\u00bb][\/vc_column][\/vc_row][vc_row full_width=\u00a0\u00bbstretch_row_content_no_spaces\u00a0\u00bb][vc_column width=\u00a0\u00bb5\/6&Prime; css=\u00a0\u00bb.vc_custom_1776363379037{margin-top: 0px !important;margin-right: 0px !important;margin-bottom: 0px !important;margin-left: 0px !important;padding-top: 0px !important;padding-right: 0px !important;padding-bottom: 0px !important;padding-left: 0px !important;}\u00a0\u00bb offset=\u00a0\u00bbvc_col-lg-offset-1 vc_hidden-sm vc_hidden-xs\u00a0\u00bb][vc_separator][\/vc_column][\/vc_row][vc_row full_width=\u00a0\u00bbstretch_row_content_no_spaces\u00a0\u00bb][vc_column width=\u00a0\u00bb1\/12&Prime; css=\u00a0\u00bb.vc_custom_1776363450137{margin-top: 0px !important;margin-bottom: 0px !important;margin-left: 0px !important;padding-top: 0px !important;padding-right: 40px !important;padding-bottom: 0px !important;padding-left: 0px !important;}\u00a0\u00bb offset=\u00a0\u00bbvc_col-lg-offset-1 vc_hidden-lg vc_hidden-md\u00a0\u00bb][vc_separator][\/vc_column][\/vc_row][vc_row full_width=\u00a0\u00bbstretch_row_content_no_spaces\u00a0\u00bb][vc_column width=\u00a0\u00bb5\/6&Prime; offset=\u00a0\u00bbvc_col-lg-offset-1 vc_hidden-sm vc_hidden-xs\u00a0\u00bb][vc_column_text css=\u00a0\u00bb.vc_custom_1772199476091{margin-bottom: 0px !important;}\u00a0\u00bb]<\/p>\n<h2>Tous les projets<\/h2>\n<p>[\/vc_column_text][\/vc_column][\/vc_row][vc_row full_width=\u00a0\u00bbstretch_row_content_no_spaces\u00a0\u00bb][vc_column width=\u00a0\u00bb5\/6&Prime; offset=\u00a0\u00bbvc_col-lg-offset-1 vc_hidden-lg vc_hidden-md\u00a0\u00bb][vc_column_text css=\u00a0\u00bb.vc_custom_1772199476091{margin-bottom: 0px !important;}\u00a0\u00bb]<\/p>\n<h2>Tous les projets<\/h2>\n<p>[\/vc_column_text][vc_column_text css=\u00a0\u00bb.vc_custom_1776361834134{margin-top: 30px !important;margin-bottom: 20px !important;border-top-width: 0px !important;padding-top: 0px !important;padding-left: 0px !important;}\u00a0\u00bb]<\/p>\n<h5 style=\"text-align: left;\"><a href=\"https:\/\/environmental-noise-control.ca\/fr\/projets\/projet-de-forage-directionnel-horizontal\/\"><strong>Projet de forage directionnel horizontal<\/strong><\/a><\/h5>\n<p>[\/vc_column_text][vc_column_text css=\u00a0\u00bb.vc_custom_1772731234597{margin-top: 0px !important;margin-bottom: 20px !important;border-top-width: 0px !important;padding-top: 0px !important;padding-left: 0px !important;}\u00a0\u00bb]<\/p>\n<p style=\"text-align: left;\">Edmonton, Alberta<\/p>\n<p>[\/vc_column_text][vc_column_text css=\u00a0\u00bb.vc_custom_1776361826026{margin-top: 30px !important;margin-bottom: 20px !important;border-top-width: 0px !important;padding-top: 0px !important;padding-left: 0px !important;}\u00a0\u00bb]<\/p>\n<h5 style=\"text-align: left;\"><a href=\"https:\/\/environmental-noise-control.ca\/fr\/projets\/developpement-urbain\/\"><strong>D\u00e9veloppement urbain<\/strong><\/a><\/h5>\n<p>[\/vc_column_text][vc_column_text css=\u00a0\u00bb.vc_custom_1772731265687{margin-top: 0px !important;margin-bottom: 20px !important;border-top-width: 0px !important;padding-top: 0px !important;padding-left: 0px !important;}\u00a0\u00bb]<\/p>\n<p style=\"text-align: left;\">Mississauga, Ontario<\/p>\n<p>[\/vc_column_text][vc_column_text css=\u00a0\u00bb.vc_custom_1776361817060{margin-top: 30px !important;margin-bottom: 20px !important;border-top-width: 0px !important;padding-top: 0px !important;padding-left: 0px !important;}\u00a0\u00bb]<a href=\"https:\/\/environmental-noise-control.ca\/fr\/projets\/projet-du-pont-pattullo\/\"><strong>Projet du pont Pattullo<\/strong><\/a>[\/vc_column_text][vc_column_text css=\u00a0\u00bb.vc_custom_1772731327580{margin-top: 0px !important;margin-bottom: 20px !important;border-top-width: 0px !important;padding-top: 0px !important;padding-left: 0px !important;}\u00a0\u00bb]<\/p>\n<p class=\"p1\">Vancouver, C.-B.<\/p>\n<p>[\/vc_column_text][vc_column_text css=\u00a0\u00bb.vc_custom_1776361839722{margin-top: 30px !important;margin-bottom: 20px !important;border-top-width: 0px !important;padding-top: 0px !important;padding-left: 0px !important;}\u00a0\u00bb]<strong><a href=\"https:\/\/environmental-noise-control.ca\/fr\/projets\/pipeline-dans-une-zone-residentielle\/\">Pipeline dans une zone r\u00e9sidentielle<\/a><\/strong>[\/vc_column_text][vc_column_text css=\u00a0\u00bb.vc_custom_1772731451711{margin-top: 0px !important;margin-bottom: 20px !important;border-top-width: 0px !important;padding-top: 0px !important;padding-left: 0px !important;}\u00a0\u00bb]<\/p>\n<p style=\"text-align: left;\">Calgary, Alberta<\/p>\n<p>[\/vc_column_text][\/vc_column][\/vc_row][vc_row full_width=\u00a0\u00bbstretch_row_content_no_spaces\u00a0\u00bb css=\u00a0\u00bb.vc_custom_1776361774379{margin-top: 0px !important;margin-right: 0px !important;margin-bottom: 0px !important;margin-left: 0px !important;padding-top: 0px !important;padding-bottom: 0px !important;}\u00a0\u00bb][vc_column width=\u00a0\u00bb1\/4&Prime; css=\u00a0\u00bb.vc_custom_1776362217027{margin-top: 0px !important;margin-right: 0px !important;margin-bottom: 0px !important;margin-left: 0px !important;padding-top: 0px !important;padding-right: 0px !important;padding-bottom: 0px !important;padding-left: 0px !important;}\u00a0\u00bb offset=\u00a0\u00bbvc_col-lg-offset-1 vc_hidden-sm vc_hidden-xs\u00a0\u00bb][vc_column_text css=\u00a0\u00bb.vc_custom_1772731222218{margin-top: 0px !important;margin-bottom: 20px !important;border-top-width: 0px !important;padding-top: 0px !important;padding-left: 0px !important;}\u00a0\u00bb]<\/p>\n<h5 style=\"text-align: left;\"><a href=\"https:\/\/environmental-noise-control.ca\/fr\/projets\/projet-de-forage-directionnel-horizontal\/\"><strong>Projet de forage directionnel horizontal<\/strong><\/a><\/h5>\n<p>[\/vc_column_text][vc_column_text css=\u00a0\u00bb.vc_custom_1772731234597{margin-top: 0px !important;margin-bottom: 20px !important;border-top-width: 0px !important;padding-top: 0px !important;padding-left: 0px !important;}\u00a0\u00bb]<\/p>\n<p style=\"text-align: left;\">Edmonton, Alberta<\/p>\n<p>[\/vc_column_text][\/vc_column][vc_column width=\u00a0\u00bb1\/4&Prime; css=\u00a0\u00bb.vc_custom_1776362158942{margin-top: 0px !important;margin-right: 0px !important;margin-bottom: 0px !important;margin-left: 0px !important;padding-top: 0px !important;padding-right: 0px !important;padding-bottom: 0px !important;padding-left: 0px !important;}\u00a0\u00bb offset=\u00a0\u00bbvc_col-lg-offset-1 vc_hidden-sm vc_hidden-xs\u00a0\u00bb][vc_column_text css=\u00a0\u00bb.vc_custom_1772731255000{margin-top: 0px !important;margin-bottom: 20px !important;border-top-width: 0px !important;padding-top: 0px !important;padding-left: 0px !important;}\u00a0\u00bb]<\/p>\n<h5 style=\"text-align: left;\"><a href=\"https:\/\/environmental-noise-control.ca\/fr\/projets\/developpement-urbain\/\"><strong>D\u00e9veloppement urbain<\/strong><\/a><\/h5>\n<p>[\/vc_column_text][vc_column_text css=\u00a0\u00bb.vc_custom_1772731265687{margin-top: 0px !important;margin-bottom: 20px !important;border-top-width: 0px !important;padding-top: 0px !important;padding-left: 0px !important;}\u00a0\u00bb]<\/p>\n<p style=\"text-align: left;\">Mississauga, Ontario<\/p>\n<p>[\/vc_column_text][\/vc_column][vc_column width=\u00a0\u00bb1\/4&Prime; css=\u00a0\u00bb.vc_custom_1776362170446{margin-top: 0px !important;margin-right: 0px !important;margin-bottom: 0px !important;margin-left: 0px !important;padding-top: 0px !important;padding-right: 0px !important;padding-bottom: 0px !important;padding-left: 0px !important;}\u00a0\u00bb offset=\u00a0\u00bbvc_col-lg-offset-1 vc_hidden-sm vc_hidden-xs\u00a0\u00bb][vc_column_text css=\u00a0\u00bb.vc_custom_1772731316841{margin-top: 0px !important;margin-bottom: 20px !important;border-top-width: 0px !important;padding-top: 0px !important;padding-left: 0px !important;}\u00a0\u00bb]<a href=\"https:\/\/environmental-noise-control.ca\/fr\/projets\/projet-du-pont-pattullo\/\"><strong>Projet du pont Pattullo<\/strong><\/a>[\/vc_column_text][vc_column_text css=\u00a0\u00bb.vc_custom_1772731327580{margin-top: 0px !important;margin-bottom: 20px !important;border-top-width: 0px !important;padding-top: 0px !important;padding-left: 0px !important;}\u00a0\u00bb]<\/p>\n<p class=\"p1\">Vancouver, C.-B.<\/p>\n<p>[\/vc_column_text][\/vc_column][\/vc_row][vc_row full_width=\u00a0\u00bbstretch_row_content_no_spaces\u00a0\u00bb css=\u00a0\u00bb.vc_custom_1776362246138{margin-top: 20px !important;margin-right: 0px !important;margin-bottom: 0px !important;margin-left: 0px !important;padding-top: 0px !important;padding-bottom: 0px !important;}\u00a0\u00bb][vc_column width=\u00a0\u00bb1\/4&Prime; css=\u00a0\u00bb.vc_custom_1776362105515{margin-top: 0px !important;margin-right: 0px !important;margin-bottom: 0px !important;margin-left: 0px !important;padding-top: 0px !important;padding-right: 0px !important;padding-bottom: 0px !important;padding-left: 0px !important;}\u00a0\u00bb offset=\u00a0\u00bbvc_col-lg-offset-1 vc_hidden-sm vc_hidden-xs\u00a0\u00bb][vc_column_text css=\u00a0\u00bb.vc_custom_1772731443909{margin-top: 0px !important;margin-bottom: 20px !important;border-top-width: 0px !important;padding-top: 0px !important;padding-left: 0px !important;}\u00a0\u00bb]<strong><a href=\"https:\/\/environmental-noise-control.ca\/fr\/projets\/pipeline-dans-une-zone-residentielle\/\">Pipeline dans une zone r\u00e9sidentielle<\/a><\/strong>[\/vc_column_text][vc_column_text css=\u00a0\u00bb.vc_custom_1772731451711{margin-top: 0px !important;margin-bottom: 20px !important;border-top-width: 0px !important;padding-top: 0px !important;padding-left: 0px !important;}\u00a0\u00bb]<\/p>\n<p style=\"text-align: left;\">Calgary, Alberta<\/p>\n<p>[\/vc_column_text][\/vc_column][\/vc_row]<\/p>\n<\/div>","protected":false},"excerpt":{"rendered":"<p>[vc_row][vc_column][vc_single_image image=\u00a0\u00bb3402&Prime; img_size=\u00a0\u00bblarge\u00a0\u00bb alignment=\u00a0\u00bbcenter\u00a0\u00bb][\/vc_column][\/vc_row][vc_row full_width=\u00a0\u00bbstretch_row_content_no_spaces\u00a0\u00bb][vc_column width=\u00a0\u00bb5\/6&Prime; offset=\u00a0\u00bbvc_col-lg-offset-1&Prime;][vc_column_text css=\u00a0\u00bb.vc_custom_1772199436041{margin-bottom: 0px !important;}\u00a0\u00bb] \u00c9tudes de cas phares [\/vc_column_text][\/vc_column][\/vc_row][vc_row full_width=\u00a0\u00bbstretch_row_content_no_spaces\u00a0\u00bb equal_height=\u00a0\u00bbyes\u00a0\u00bb css=\u00a0\u00bb.vc_custom_1776362988938{background-color: #FFFFFF !important;}\u00a0\u00bb][vc_column width=\u00a0\u00bb5\/12&Prime; css=\u00a0\u00bb.vc_custom_1776363285672{margin-top: 0px !important;border-top-width: 0px !important;padding-top: 0px !important;background-color: #F2F4F5 !important;}\u00a0\u00bb offset=\u00a0\u00bbvc_col-lg-offset-1 vc_hidden-sm vc_col-xs-12 vc_hidden-xs\u00a0\u00bb][vc_single_image image=\u00a0\u00bb3856&Prime; img_size=\u00a0\u00bb1080&#215;500&Prime; css=\u00a0\u00bb\u00a0\u00bb][vc_column_text css=\u00a0\u00bb.vc_custom_1772199787098{margin-bottom: 0px !important;padding-left: 50px !important;}\u00a0\u00bb] PROJET PHARE [\/vc_column_text][vc_column_text css=\u00a0\u00bb.vc_custom_1772731103759{margin-top: 0px !important;margin-bottom: 20px !important;border-top-width: 0px !important;padding-top: 0px !important;padding-left: 50px [&hellip;]<\/p>\n","protected":false},"author":12,"featured_media":0,"parent":0,"menu_order":0,"comment_status":"closed","ping_status":"closed","template":"","meta":{"_acf_changed":false,"_monsterinsights_skip_tracking":false,"_monsterinsights_sitenote_active":false,"_monsterinsights_sitenote_note":"","_monsterinsights_sitenote_category":0,"_uf_show_specific_survey":0,"_uf_disable_surveys":false,"footnotes":""},"tags":[],"class_list":["post-3401","page","type-page","status-publish","hentry"],"acf":[],"aioseo_notices":[],"_links":{"self":[{"href":"https:\/\/environmental-noise-control.ca\/fr\/wp-json\/wp\/v2\/pages\/3401","targetHints":{"allow":["GET"]}}],"collection":[{"href":"https:\/\/environmental-noise-control.ca\/fr\/wp-json\/wp\/v2\/pages"}],"about":[{"href":"https:\/\/environmental-noise-control.ca\/fr\/wp-json\/wp\/v2\/types\/page"}],"author":[{"embeddable":true,"href":"https:\/\/environmental-noise-control.ca\/fr\/wp-json\/wp\/v2\/users\/12"}],"replies":[{"embeddable":true,"href":"https:\/\/environmental-noise-control.ca\/fr\/wp-json\/wp\/v2\/comments?post=3401"}],"version-history":[{"count":112,"href":"https:\/\/environmental-noise-control.ca\/fr\/wp-json\/wp\/v2\/pages\/3401\/revisions"}],"predecessor-version":[{"id":4673,"href":"https:\/\/environmental-noise-control.ca\/fr\/wp-json\/wp\/v2\/pages\/3401\/revisions\/4673"}],"wp:attachment":[{"href":"https:\/\/environmental-noise-control.ca\/fr\/wp-json\/wp\/v2\/media?parent=3401"}],"wp:term":[{"taxonomy":"post_tag","embeddable":true,"href":"https:\/\/environmental-noise-control.ca\/fr\/wp-json\/wp\/v2\/tags?post=3401"}],"curies":[{"name":"wp","href":"https:\/\/api.w.org\/{rel}","templated":true}]}}