{"id":3408,"date":"2016-10-26T21:57:27","date_gmt":"2016-10-27T01:57:27","guid":{"rendered":"https:\/\/behre0015.sierradevops.com\/a-propos-de-nous\/"},"modified":"2026-04-30T16:04:45","modified_gmt":"2026-04-30T20:04:45","slug":"a-propos-de-nous","status":"publish","type":"page","link":"https:\/\/environmental-noise-control.ca\/fr\/a-propos-de-nous\/","title":{"rendered":"\u00c0 propos de nous"},"content":{"rendered":"<div class=\"wpb-content-wrapper\"><p>[vc_row full_width=\u00a0\u00bbstretch_row\u00a0\u00bb el_class=\u00a0\u00bblocation-photo\u00a0\u00bb][vc_column][vc_column_text css=\u00a0\u00bb.vc_custom_1776358901415{padding-right: 35px !important;}\u00a0\u00bb]<\/p>\n<h1>\u00c0 propos d&rsquo;Environmental Noise Control<\/h1>\n<p>Environmental Noise Control, Inc. (ENC) fournit des produits et services sp\u00e9cialis\u00e9s pour l&rsquo;att\u00e9nuation et le contr\u00f4le du bruit. ENC dispose d&rsquo;une gamme compl\u00e8te de mat\u00e9riaux de contr\u00f4le du bruit, notamment des mat\u00e9riaux absorbants et barri\u00e8res acoustiques, du vinyle charg\u00e9 en masse, des couvertures et panneaux de contr\u00f4le du bruit, de la mousse acoustique, des supports d&rsquo;isolation contre les vibrations, des joints de portes et fen\u00eatres insonorisants, ainsi que des fen\u00eatres silencieuses. Nos solutions techniques r\u00e9pondent aux d\u00e9fis acoustiques \u00e0 diff\u00e9rents niveaux de fr\u00e9quence avec diverses options d&rsquo;installation, offrant un syst\u00e8me de contr\u00f4le du bruit efficace adapt\u00e9 \u00e0 tout projet.[\/vc_column_text][\/vc_column][\/vc_row][vc_row el_class=\u00a0\u00bbkey-people\u00a0\u00bb css=\u00a0\u00bb.vc_custom_1482366733622{padding-bottom: 40px !important;}\u00a0\u00bb][vc_column][vc_column_text css=\u00a0\u00bb\u00a0\u00bb el_class=\u00a0\u00bbprincipal-box\u00a0\u00bb]<\/p>\n<h2>Donald Behrens<\/h2>\n<h4>Pr\u00e9sident\/Directeur<\/h4>\n<p><a href=\"https:\/\/www.linkedin.com\/in\/donald-behrens-774b1526\/\" target=\"_blank\" rel=\"noopener\">Donald Behrens<\/a> poss\u00e8de plus de 40 ans d&rsquo;exp\u00e9rience en tant qu&rsquo;\u00e9valuateur environnemental agr\u00e9\u00e9 avec une vaste expertise en codes du bruit, ing\u00e9nierie de terrain, d\u00e9veloppement de projets et gestion dans la mesure, l&rsquo;analyse, le contr\u00f4le et l&rsquo;att\u00e9nuation du bruit li\u00e9s au forage, \u00e0 la fracturation et \u00e0 la production p\u00e9troli\u00e8re et gazi\u00e8re. Don fournit aux op\u00e9rateurs et aux clients r\u00e9glementaires des conseils techniques pour les projets de forage et de production de gaz et de p\u00e9trole en milieu urbain \u00e0 travers les \u00c9tats-Unis. <\/p>\n<p>En tant que consultant technique en codes du bruit pour le groupe de travail initial sur le forage gazier de la ville de Fort Worth en 2005, puis pour le groupe de travail permanent de 2008, Don apporte une vaste exp\u00e9rience en r\u00e9solution de probl\u00e8mes pour les projets de codes et de contr\u00f4le du bruit en milieu urbain.<\/p>\n<div class=\"vc_row wpb_row vc_row-fluid vc_custom_1710770559239\">\n<div class=\"wpb_column vc_column_container vc_col-sm-12\">\n<div class=\"vc_column-inner\">\n<div class=\"wpb_wrapper\">\n<div class=\"wpb_text_column wpb_content_element principal-box\">\n<div class=\"wpb_wrapper\">\n<p>M. Behrens poss\u00e8de une vaste exp\u00e9rience dans le d\u00e9veloppement et la gestion de projets importants de bruit et de vibrations dans le secteur p\u00e9trolier et gazier ainsi que dans les travaux publics, notamment l&rsquo;\u00e9laboration de sp\u00e9cifications de projet, la gestion de projet, la mesure, la surveillance et les programmes d&rsquo;att\u00e9nuation du bruit. Il poss\u00e8de une expertise av\u00e9r\u00e9e dans la collaboration optimale avec les clients et les parties prenantes pour d\u00e9finir et mettre en \u0153uvre des programmes sp\u00e9cifiques aux sites pour la r\u00e9solution des probl\u00e8mes d&rsquo;impact sonore, ainsi qu&rsquo;une comp\u00e9tence dans les relations avec les organismes gouvernementaux, les agences de r\u00e9glementation et le grand public. <\/p>\n<p>M. Behrens a fond\u00e9 Behrens &amp; Associates Environmental Noise Control, Inc. en 1993 et a d\u00e9velopp\u00e9 l&rsquo;entreprise pour servir diverses industries et projets sp\u00e9cialis\u00e9s dans les secteurs commercial, industriel, de la construction, environnemental, \u00e9nerg\u00e9tique et du divertissement. Environmental Noise Control, Inc. op\u00e8re d\u00e9sormais partout aux \u00c9tats-Unis et au Canada en tant que leader des solutions d&rsquo;att\u00e9nuation du bruit. <\/p><\/div>\n<\/div>\n<\/div>\n<\/div>\n<\/div>\n<\/div>\n<p>[\/vc_column_text][vc_cta h2=\u00a0\u00bbEn savoir plus sur Environmental Noise Control\u00a0\u00bb h2_font_container=\u00a0\u00bbtag:h2|font_size:22|text_align:center|color:%23FFFFFF\u00a0\u00bb h2_use_theme_fonts=\u00a0\u00bbyes\u00a0\u00bb txt_align=\u00a0\u00bbcenter\u00a0\u00bb add_button=\u00a0\u00bbbottom\u00a0\u00bb btn_title=\u00a0\u00bbContacter Environmental Noise Control\u00a0\u00bb btn_style=\u00a0\u00bbcustom\u00a0\u00bb btn_custom_background=\u00a0\u00bb#1698a8&Prime; btn_custom_text=\u00a0\u00bb#ffffff\u00a0\u00bb btn_align=\u00a0\u00bbcenter\u00a0\u00bb btn_i_icon_fontawesome=\u00a0\u00bbfa fa-regular fa-envelope\u00a0\u00bb css=\u00a0\u00bb.vc_custom_1776359547458{padding-top: 30px !important;padding-right: 20px !important;padding-bottom: 0px !important;padding-left: 0px !important;}\u00a0\u00bb use_custom_fonts_h2=\u00a0\u00bbtrue\u00a0\u00bb btn_add_icon=\u00a0\u00bbtrue\u00a0\u00bb btn_link=\u00a0\u00bburl:https%3A%2F%2Fenvironmental-noise-control.ca%2Ffr%2Fcontactez-nous%2F|target:_blank|\u00a0\u00bb][\/vc_cta][\/vc_column][\/vc_row]<\/p>\n<\/div>","protected":false},"excerpt":{"rendered":"<p>[vc_row full_width=\u00a0\u00bbstretch_row\u00a0\u00bb el_class=\u00a0\u00bblocation-photo\u00a0\u00bb][vc_column][vc_column_text css=\u00a0\u00bb.vc_custom_1776358901415{padding-right: 35px !important;}\u00a0\u00bb] \u00c0 propos d&rsquo;Environmental Noise Control Environmental Noise Control, Inc. (ENC) fournit des produits et services sp\u00e9cialis\u00e9s pour l&rsquo;att\u00e9nuation et le contr\u00f4le du bruit. ENC dispose d&rsquo;une gamme compl\u00e8te de mat\u00e9riaux de contr\u00f4le du bruit, notamment des mat\u00e9riaux absorbants et barri\u00e8res acoustiques, du vinyle charg\u00e9 en masse, des couvertures et [&hellip;]<\/p>\n","protected":false},"author":12,"featured_media":0,"parent":0,"menu_order":0,"comment_status":"closed","ping_status":"closed","template":"","meta":{"_acf_changed":false,"_monsterinsights_skip_tracking":false,"_monsterinsights_sitenote_active":false,"_monsterinsights_sitenote_note":"","_monsterinsights_sitenote_category":0,"_uf_show_specific_survey":0,"_uf_disable_surveys":false,"footnotes":""},"tags":[],"class_list":["post-3408","page","type-page","status-publish","hentry"],"acf":[],"aioseo_notices":[],"_links":{"self":[{"href":"https:\/\/environmental-noise-control.ca\/fr\/wp-json\/wp\/v2\/pages\/3408","targetHints":{"allow":["GET"]}}],"collection":[{"href":"https:\/\/environmental-noise-control.ca\/fr\/wp-json\/wp\/v2\/pages"}],"about":[{"href":"https:\/\/environmental-noise-control.ca\/fr\/wp-json\/wp\/v2\/types\/page"}],"author":[{"embeddable":true,"href":"https:\/\/environmental-noise-control.ca\/fr\/wp-json\/wp\/v2\/users\/12"}],"replies":[{"embeddable":true,"href":"https:\/\/environmental-noise-control.ca\/fr\/wp-json\/wp\/v2\/comments?post=3408"}],"version-history":[{"count":30,"href":"https:\/\/environmental-noise-control.ca\/fr\/wp-json\/wp\/v2\/pages\/3408\/revisions"}],"predecessor-version":[{"id":4854,"href":"https:\/\/environmental-noise-control.ca\/fr\/wp-json\/wp\/v2\/pages\/3408\/revisions\/4854"}],"wp:attachment":[{"href":"https:\/\/environmental-noise-control.ca\/fr\/wp-json\/wp\/v2\/media?parent=3408"}],"wp:term":[{"taxonomy":"post_tag","embeddable":true,"href":"https:\/\/environmental-noise-control.ca\/fr\/wp-json\/wp\/v2\/tags?post=3408"}],"curies":[{"name":"wp","href":"https:\/\/api.w.org\/{rel}","templated":true}]}}