{"id":4844,"date":"2026-04-24T15:45:35","date_gmt":"2026-04-24T19:45:35","guid":{"rendered":"https:\/\/behre0015.sierradevops.com\/secteurs-dactivite\/"},"modified":"2026-04-24T15:53:27","modified_gmt":"2026-04-24T19:53:27","slug":"secteurs-dactivite","status":"publish","type":"page","link":"https:\/\/environmental-noise-control.ca\/fr\/secteurs-dactivite\/","title":{"rendered":"Secteurs d\u2019activit\u00e9"},"content":{"rendered":"<div class=\"wpb-content-wrapper\"><p>[vc_row][vc_column][vc_column_text css=\u00a0\u00bb\u00a0\u00bb]<\/p>\n<h1 style=\"color: #1698a8;\">Secteurs d&rsquo;activit\u00e9 que nous servons<\/h1>\n<p>[\/vc_column_text][vc_column_text css=\u00a0\u00bb\u00a0\u00bb]Environmental Noise Control propose des solutions acoustiques pratiques et techniques pour les projets o\u00f9 le bruit, la conformit\u00e9 r\u00e9glementaire et l&rsquo;impact sur la communaut\u00e9 sont essentiels. Nous accompagnons nos clients dans les secteurs du p\u00e9trole et du gaz, du forage dirig\u00e9, de la construction, des installations industrielles, des centres de donn\u00e9es, des \u00e9nergies renouvelables, des projets environnementaux et du divertissement, en leur offrant des services de mesure, de mod\u00e9lisation, d&rsquo;att\u00e9nuation et de surveillance.[\/vc_column_text][vc_column_text css=\u00a0\u00bb\u00a0\u00bb]<\/p>\n<h2><a href=\"https:\/\/environmental-noise-control.ca\/fr\/controle-du-bruit-dans-le-secteur-petrolier-et-gazier\/\"><u>P\u00e9trole et gaz<\/u><\/a><\/h2>\n<p>Les op\u00e9rations p\u00e9troli\u00e8res et gazi\u00e8res impliquent souvent des appareils de forage, des compresseurs, des g\u00e9n\u00e9rateurs, des \u00e9quipements de production, des unit\u00e9s de fracturation, des travaux de pipeline et du forage dirig\u00e9. Nous fournissons des syst\u00e8mes d&rsquo;att\u00e9nuation con\u00e7us pour aider les clients \u00e0 maintenir la conformit\u00e9 et \u00e0 contr\u00f4ler l&rsquo;impact sur la communaut\u00e9. <\/p>\n<h2><a href=\"https:\/\/environmental-noise-control.ca\/fr\/controle-du-bruit-pour-le-forage-directionnel\/\"><u>Forage directionnel<\/u><\/a><\/h2>\n<p>Les projets de forage dirig\u00e9 ont souvent lieu dans des zones sensibles ou tr\u00e8s d\u00e9velopp\u00e9es o\u00f9 les limites de bruit sont strictes. Nous proposons des solutions d&rsquo;att\u00e9nuation temporaires ou permanentes pour le bruit li\u00e9 au forage. <\/p>\n<h2><a href=\"https:\/\/environmental-noise-control.ca\/fr\/controle-du-bruit-en-construction\/\"><u>Construction<\/u><\/a><\/h2>\n<p>Les chantiers de construction sont dynamiques et bruyants, surtout lorsque les travaux se d\u00e9roulent \u00e0 proximit\u00e9 de r\u00e9sidents, d&rsquo;entreprises ou de municipalit\u00e9s. Nos solutions de contr\u00f4le du bruit de construction aident les entrepreneurs \u00e0 r\u00e9duire l&rsquo;impact, \u00e0 soutenir la conformit\u00e9 et \u00e0 maintenir l&rsquo;avancement des projets. <\/p>\n<h2><a href=\"https:\/\/environmental-noise-control.ca\/fr\/controle-du-bruit-industriel\/\"><u>Industriel<\/u><\/a><\/h2>\n<p>Les installations industrielles g\u00e9n\u00e8rent un bruit constant provenant des machines, des \u00e9quipements de processus, des syst\u00e8mes utilitaires et de la manutention des mat\u00e9riaux. Nous aidons les clients industriels \u00e0 am\u00e9liorer les conditions de travail, \u00e0 soutenir les objectifs li\u00e9s \u00e0 l&rsquo;OSHA et \u00e0 r\u00e9duire le bruit \u00e0 la limite de la propri\u00e9t\u00e9. <\/p>\n<h2><a href=\"https:\/\/environmental-noise-control.ca\/fr\/controle-du-bruit-des-centres-de-donnees\/\"><u>Centres de donn\u00e9es<\/u><\/a><\/h2>\n<p>Les centres de donn\u00e9es d\u00e9pendent de syst\u00e8mes m\u00e9caniques et \u00e9lectriques qui peuvent cr\u00e9er un bruit persistant \u00e0 basse fr\u00e9quence. Nous aidons les propri\u00e9taires et les d\u00e9veloppeurs \u00e0 g\u00e9rer le son des g\u00e9n\u00e9rateurs, du refroidissement et des services publics gr\u00e2ce \u00e0 des solutions techniques qui soutiennent les approbations et l&rsquo;exploitation \u00e0 long terme. <\/p>\n<h2><a href=\"https:\/\/environmental-noise-control.ca\/fr\/environmental-noise-control\/\"><u>Environnemental<\/u><\/a><\/h2>\n<p>Les habitats sensibles et les zones prot\u00e9g\u00e9es n\u00e9cessitent souvent une planification minutieuse pour minimiser les perturbations sonores. Nous cr\u00e9ons des solutions qui soutiennent un travail responsable dans des environnements \u00e9cologiquement sensibles. <\/p>\n<h2><a href=\"https:\/\/environmental-noise-control.ca\/fr\/controle-du-bruit-dans-le-divertissement\/\"><u>Divertissement<\/u><\/a><\/h2>\n<p>Les productions de divertissement n\u00e9cessitent un contr\u00f4le temporaire du bruit qui fonctionne rapidement et ne ralentit pas les op\u00e9rations. Nous proposons des solutions flexibles pour le cin\u00e9ma, les \u00e9v\u00e9nements en direct et les applications li\u00e9es aux lieux de spectacle.[\/vc_column_text][\/vc_column][\/vc_row]<\/p>\n<\/div>","protected":false},"excerpt":{"rendered":"<p>[vc_row][vc_column][vc_column_text css=\u00a0\u00bb\u00a0\u00bb] Secteurs d&rsquo;activit\u00e9 que nous servons [\/vc_column_text][vc_column_text css=\u00a0\u00bb\u00a0\u00bb]Environmental Noise Control propose des solutions acoustiques pratiques et techniques pour les projets o\u00f9 le bruit, la conformit\u00e9 r\u00e9glementaire et l&rsquo;impact sur la communaut\u00e9 sont essentiels. Nous accompagnons nos clients dans les secteurs du p\u00e9trole et du gaz, du forage dirig\u00e9, de la construction, des installations industrielles, [&hellip;]<\/p>\n","protected":false},"author":15,"featured_media":0,"parent":0,"menu_order":0,"comment_status":"closed","ping_status":"closed","template":"","meta":{"_acf_changed":false,"_monsterinsights_skip_tracking":false,"_monsterinsights_sitenote_active":false,"_monsterinsights_sitenote_note":"","_monsterinsights_sitenote_category":0,"_uf_show_specific_survey":0,"_uf_disable_surveys":false,"footnotes":""},"tags":[],"class_list":["post-4844","page","type-page","status-publish","hentry"],"acf":[],"aioseo_notices":[],"_links":{"self":[{"href":"https:\/\/environmental-noise-control.ca\/fr\/wp-json\/wp\/v2\/pages\/4844","targetHints":{"allow":["GET"]}}],"collection":[{"href":"https:\/\/environmental-noise-control.ca\/fr\/wp-json\/wp\/v2\/pages"}],"about":[{"href":"https:\/\/environmental-noise-control.ca\/fr\/wp-json\/wp\/v2\/types\/page"}],"author":[{"embeddable":true,"href":"https:\/\/environmental-noise-control.ca\/fr\/wp-json\/wp\/v2\/users\/15"}],"replies":[{"embeddable":true,"href":"https:\/\/environmental-noise-control.ca\/fr\/wp-json\/wp\/v2\/comments?post=4844"}],"version-history":[{"count":4,"href":"https:\/\/environmental-noise-control.ca\/fr\/wp-json\/wp\/v2\/pages\/4844\/revisions"}],"predecessor-version":[{"id":4850,"href":"https:\/\/environmental-noise-control.ca\/fr\/wp-json\/wp\/v2\/pages\/4844\/revisions\/4850"}],"wp:attachment":[{"href":"https:\/\/environmental-noise-control.ca\/fr\/wp-json\/wp\/v2\/media?parent=4844"}],"wp:term":[{"taxonomy":"post_tag","embeddable":true,"href":"https:\/\/environmental-noise-control.ca\/fr\/wp-json\/wp\/v2\/tags?post=4844"}],"curies":[{"name":"wp","href":"https:\/\/api.w.org\/{rel}","templated":true}]}}